{"id":10524,"date":"2024-08-19T08:23:26","date_gmt":"2024-08-19T05:23:26","guid":{"rendered":"https:\/\/salihliosb.org.tr\/?page_id=10524"},"modified":"2025-06-13T15:08:18","modified_gmt":"2025-06-13T12:08:18","slug":"itfaiye-istasyonu","status":"publish","type":"page","link":"https:\/\/salihliosb.org.tr\/en\/itfaiye-istasyonu\/","title":{"rendered":"Fire Station"},"content":{"rendered":"<div data-elementor-type=\"wp-page\" data-elementor-id=\"10524\" class=\"elementor elementor-10524\" data-elementor-post-type=\"page\">\n\t\t\t\t        <section class=\"elementor-section elementor-top-section elementor-element elementor-element-aefa067 elementor-section-boxed elementor-section-height-default elementor-section-height-default pxl-type-header-none pxl-row-scroll-none pxl-bg-color-none pxl-section-overlay-none\" data-id=\"aefa067\" data-element_type=\"section\">\n\n                \n                <div class=\"elementor-container elementor-column-gap-default\">\n                <div class=\"elementor-column elementor-col-100 elementor-top-column elementor-element elementor-element-3f00741 pxl-col-none pxl-column-none\" data-id=\"3f00741\" data-element_type=\"column\">\r\n        <div class=\"elementor-widget-wrap elementor-element-populated\">\r\n                     \r\n        \t\t<div class=\"elementor-element elementor-element-f09e95b elementor-widget elementor-widget-image\" data-id=\"f09e95b\" data-element_type=\"widget\" data-widget_type=\"image.default\">\n\t\t\t\t<div class=\"elementor-widget-container\">\n\t\t\t<style>\/*! elementor - v3.22.0 - 26-06-2024 *\/\n.elementor-widget-image{text-align:center}.elementor-widget-image a{display:inline-block}.elementor-widget-image a img[src$=\".svg\"]{width:48px}.elementor-widget-image img{vertical-align:middle;display:inline-block}<\/style>\t\t\t\t\t\t\t\t\t\t<img fetchpriority=\"high\" decoding=\"async\" width=\"1010\" height=\"400\" src=\"https:\/\/salihliosb.org.tr\/wp-content\/uploads\/2025\/06\/1-3.jpg\" class=\"attachment-1536x1536 size-1536x1536 wp-image-12122\" alt=\"\" srcset=\"https:\/\/salihliosb.org.tr\/wp-content\/uploads\/2025\/06\/1-3.jpg 1010w, https:\/\/salihliosb.org.tr\/wp-content\/uploads\/2025\/06\/1-3-300x119.jpg 300w, https:\/\/salihliosb.org.tr\/wp-content\/uploads\/2025\/06\/1-3-768x304.jpg 768w, https:\/\/salihliosb.org.tr\/wp-content\/uploads\/2025\/06\/1-3-18x7.jpg 18w, https:\/\/salihliosb.org.tr\/wp-content\/uploads\/2025\/06\/1-3-960x380.jpg 960w\" sizes=\"(max-width: 1010px) 100vw, 1010px\" \/>\t\t\t\t\t\t\t\t\t\t\t\t\t<\/div>\n\t\t\t\t<\/div>\n\t\t\t\t<div class=\"elementor-element elementor-element-d87d1ee elementor-widget elementor-widget-bdt-advanced-heading\" data-id=\"d87d1ee\" data-element_type=\"widget\" data-widget_type=\"bdt-advanced-heading.default\">\n\t\t\t\t<div class=\"elementor-widget-container\">\n\t\t\t<div id=\"d87d1ee\" class=\"bdt-ep-advanced-heading\" data-settings=\"{&quot;titleMultiColor&quot;:&quot;no&quot;}\"><div class=\"bdt-ep-advanced-heading-content bdt-visible@m\"><div class=\"bdt-transform-origin-top-left\">Salihli OIZ<\/div><\/div><h3 class=\"bdt-ep-advanced-heading-title\"><span class=\"bdt-ep-advanced-heading-main-title\"><span class=\"bdt-ep-advanced-heading-main-title-inner\">New Service Point to Open in the Second Quarter of 2025.\n<\/span><\/span><\/h3><\/div>\t\t<\/div>\n\t\t\t\t<\/div>\n\t\t\t\t<div class=\"elementor-element elementor-element-51cf1a7 elementor-widget elementor-widget-text-editor\" data-id=\"51cf1a7\" data-element_type=\"widget\" data-widget_type=\"text-editor.default\">\n\t\t\t\t<div class=\"elementor-widget-container\">\n\t\t\t<style>\/*! elementor - v3.22.0 - 26-06-2024 *\/\n.elementor-widget-text-editor.elementor-drop-cap-view-stacked .elementor-drop-cap{background-color:#69727d;color:#fff}.elementor-widget-text-editor.elementor-drop-cap-view-framed .elementor-drop-cap{color:#69727d;border:3px solid;background-color:transparent}.elementor-widget-text-editor:not(.elementor-drop-cap-view-default) .elementor-drop-cap{margin-top:8px}.elementor-widget-text-editor:not(.elementor-drop-cap-view-default) .elementor-drop-cap-letter{width:1em;height:1em}.elementor-widget-text-editor .elementor-drop-cap{float:left;text-align:center;line-height:1;font-size:50px}.elementor-widget-text-editor .elementor-drop-cap-letter{display:inline-block}<\/style>\t\t\t\t<p>An important step was taken regarding the Fire Brigade Unit, whose construction was completed in Salihli Organized Industrial Zone. In November 2024, the Fire Brigade Cooperation Protocol was signed with Manisa Metropolitan Municipality and the official process was initiated for the effective use of the building.<br \/>Within the scope of the protocol, cooperation with Manisa Metropolitan Municipality is ongoing in order to meet the technical equipment and operational needs of the Gendarmerie Public Security Point.<br \/>Planned to provide 24-hour uninterrupted service, the unit is planned to be put into service in the second quarter of 2025.<br \/>In Extraordinary Situations; To make the first intervention to the fires that may occur in the enterprises, to extinguish them under control without allowing them to expand and spread, to transfer the victim to the nearest health institution with a fully equipped ambulance in first aid-accident rescue incidents that may occur in the enterprises. As Salihli OSB, we closely follow this process in order to increase security and strengthen the accessibility of public services, and we aim to move our region further with cooperation.<\/p>\t\t\t\t\t\t<\/div>\n\t\t\t\t<\/div>\n\t\t            <\/div>\r\n        <\/div>\r\n        \t\t\t<\/div>\n\t\t<\/section>\n\t\t\t\t<\/div>","protected":false},"excerpt":{"rendered":"<p>Salihli Organized Industrial Zone New Service Point to Open in the Second Quarter of 2025. An important step was taken regarding the Fire Brigade Unit, whose construction was completed in Salihli Organized Industrial Zone. In November 2024, the Fire Brigade Cooperation Protocol was signed with Manisa Metropolitan Municipality and the official process was initiated for the effective use of the building. Within the scope of the protocol, the technical equipment and operational needs of the Gendarmerie Public Security Point [...].<\/p>","protected":false},"author":1,"featured_media":0,"parent":0,"menu_order":0,"comment_status":"closed","ping_status":"closed","template":"","meta":{"footnotes":""},"class_list":["post-10524","page","type-page","status-publish","hentry"],"yoast_head":"<!-- This site is optimized with the Yoast SEO Premium plugin v22.5 (Yoast SEO v24.2) - https:\/\/yoast.com\/wordpress\/plugins\/seo\/ -->\n<title>\u0130tfaiye \u0130stasyonu - Salihli Organize Sanayi B\u00f6lgesi M\u00fcd\u00fcrl\u00fc\u011f\u00fc<\/title>\n<meta name=\"description\" content=\"Salihli Organize Sanayi B\u00f6lgesi\u2019nde yer alan modern itfaiye hizmetleri ile yang\u0131n g\u00fcvenli\u011fi ve acil durumlara h\u0131zl\u0131 m\u00fcdahale imkan\u0131. Sanayi b\u00f6lgesindeki i\u015fletmeler i\u00e7in g\u00fcvenilir yang\u0131n \u00f6nleme ve m\u00fcdahale deste\u011fi.\" \/>\n<meta name=\"robots\" content=\"index, follow, max-snippet:-1, max-image-preview:large, max-video-preview:-1\" \/>\n<link rel=\"canonical\" href=\"https:\/\/salihliosb.org.tr\/en\/itfaiye-istasyonu\/\" \/>\n<meta property=\"og:locale\" content=\"en_US\" \/>\n<meta property=\"og:type\" content=\"article\" \/>\n<meta property=\"og:title\" content=\"\u0130tfaiye \u0130stasyonu\" \/>\n<meta property=\"og:description\" content=\"Salihli Organize Sanayi B\u00f6lgesi\u2019nde yer alan modern itfaiye hizmetleri ile yang\u0131n g\u00fcvenli\u011fi ve acil durumlara h\u0131zl\u0131 m\u00fcdahale imkan\u0131. Sanayi b\u00f6lgesindeki i\u015fletmeler i\u00e7in g\u00fcvenilir yang\u0131n \u00f6nleme ve m\u00fcdahale deste\u011fi.\" \/>\n<meta property=\"og:url\" content=\"https:\/\/salihliosb.org.tr\/en\/itfaiye-istasyonu\/\" \/>\n<meta property=\"og:site_name\" content=\"Salihli Organize Sanayi B\u00f6lgesi M\u00fcd\u00fcrl\u00fc\u011f\u00fc\" \/>\n<meta property=\"article:modified_time\" content=\"2025-06-13T12:08:18+00:00\" \/>\n<meta property=\"og:image\" content=\"https:\/\/salihliosb.org.tr\/wp-content\/uploads\/2025\/06\/1-3.jpg\" \/>\n\t<meta property=\"og:image:width\" content=\"1010\" \/>\n\t<meta property=\"og:image:height\" content=\"400\" \/>\n\t<meta property=\"og:image:type\" content=\"image\/jpeg\" \/>\n<meta name=\"twitter:card\" content=\"summary_large_image\" \/>\n<meta name=\"twitter:label1\" content=\"Est. reading time\" \/>\n\t<meta name=\"twitter:data1\" content=\"2 minutes\" \/>\n<script type=\"application\/ld+json\" class=\"yoast-schema-graph\">{\"@context\":\"https:\/\/schema.org\",\"@graph\":[{\"@type\":\"WebPage\",\"@id\":\"https:\/\/salihliosb.org.tr\/itfaiye-istasyonu\/\",\"url\":\"https:\/\/salihliosb.org.tr\/itfaiye-istasyonu\/\",\"name\":\"\u0130tfaiye \u0130stasyonu - Salihli Organize Sanayi B\u00f6lgesi M\u00fcd\u00fcrl\u00fc\u011f\u00fc\",\"isPartOf\":{\"@id\":\"https:\/\/salihliosb.org.tr\/#website\"},\"primaryImageOfPage\":{\"@id\":\"https:\/\/salihliosb.org.tr\/itfaiye-istasyonu\/#primaryimage\"},\"image\":{\"@id\":\"https:\/\/salihliosb.org.tr\/itfaiye-istasyonu\/#primaryimage\"},\"thumbnailUrl\":\"https:\/\/salihliosb.org.tr\/wp-content\/uploads\/2025\/06\/1-3.jpg\",\"datePublished\":\"2024-08-19T05:23:26+00:00\",\"dateModified\":\"2025-06-13T12:08:18+00:00\",\"description\":\"Salihli Organize Sanayi B\u00f6lgesi\u2019nde yer alan modern itfaiye hizmetleri ile yang\u0131n g\u00fcvenli\u011fi ve acil durumlara h\u0131zl\u0131 m\u00fcdahale imkan\u0131. Sanayi b\u00f6lgesindeki i\u015fletmeler i\u00e7in g\u00fcvenilir yang\u0131n \u00f6nleme ve m\u00fcdahale deste\u011fi.\",\"breadcrumb\":{\"@id\":\"https:\/\/salihliosb.org.tr\/itfaiye-istasyonu\/#breadcrumb\"},\"inLanguage\":\"en-US\",\"potentialAction\":[{\"@type\":\"ReadAction\",\"target\":[\"https:\/\/salihliosb.org.tr\/itfaiye-istasyonu\/\"]}]},{\"@type\":\"ImageObject\",\"inLanguage\":\"en-US\",\"@id\":\"https:\/\/salihliosb.org.tr\/itfaiye-istasyonu\/#primaryimage\",\"url\":\"https:\/\/salihliosb.org.tr\/wp-content\/uploads\/2025\/06\/1-3.jpg\",\"contentUrl\":\"https:\/\/salihliosb.org.tr\/wp-content\/uploads\/2025\/06\/1-3.jpg\"},{\"@type\":\"BreadcrumbList\",\"@id\":\"https:\/\/salihliosb.org.tr\/itfaiye-istasyonu\/#breadcrumb\",\"itemListElement\":[{\"@type\":\"ListItem\",\"position\":1,\"name\":\"Anasayfa\",\"item\":\"https:\/\/salihliosb.org.tr\/\"},{\"@type\":\"ListItem\",\"position\":2,\"name\":\"\u0130tfaiye \u0130stasyonu\"}]},{\"@type\":\"WebSite\",\"@id\":\"https:\/\/salihliosb.org.tr\/#website\",\"url\":\"https:\/\/salihliosb.org.tr\/\",\"name\":\"Salihli Organize Sanayi B\u00f6lgesi M\u00fcd\u00fcrl\u00fc\u011f\u00fc\",\"description\":\"Sanayiye ve B\u00f6lgeye De\u011fer Kat\u0131yoruz, Gelece\u011fi \u0130n\u015fa Ediyoruz!\",\"publisher\":{\"@id\":\"https:\/\/salihliosb.org.tr\/#organization\"},\"potentialAction\":[{\"@type\":\"SearchAction\",\"target\":{\"@type\":\"EntryPoint\",\"urlTemplate\":\"https:\/\/salihliosb.org.tr\/?s={search_term_string}\"},\"query-input\":{\"@type\":\"PropertyValueSpecification\",\"valueRequired\":true,\"valueName\":\"search_term_string\"}}],\"inLanguage\":\"en-US\"},{\"@type\":\"Organization\",\"@id\":\"https:\/\/salihliosb.org.tr\/#organization\",\"name\":\"Salihli Organize Sanayi B\u00f6lgesi M\u00fcd\u00fcrl\u00fc\u011f\u00fc\",\"url\":\"https:\/\/salihliosb.org.tr\/\",\"logo\":{\"@type\":\"ImageObject\",\"inLanguage\":\"en-US\",\"@id\":\"https:\/\/salihliosb.org.tr\/#\/schema\/logo\/image\/\",\"url\":\"https:\/\/salihliosb.org.tr\/wp-content\/uploads\/2024\/09\/cropped-logo-400.png\",\"contentUrl\":\"https:\/\/salihliosb.org.tr\/wp-content\/uploads\/2024\/09\/cropped-logo-400.png\",\"width\":512,\"height\":512,\"caption\":\"Salihli Organize Sanayi B\u00f6lgesi M\u00fcd\u00fcrl\u00fc\u011f\u00fc\"},\"image\":{\"@id\":\"https:\/\/salihliosb.org.tr\/#\/schema\/logo\/image\/\"}}]}<\/script>\n<!-- \/ Yoast SEO Premium plugin. -->","yoast_head_json":{"title":"\u0130tfaiye \u0130stasyonu - Salihli Organize Sanayi B\u00f6lgesi M\u00fcd\u00fcrl\u00fc\u011f\u00fc","description":"Salihli Organize Sanayi B\u00f6lgesi\u2019nde yer alan modern itfaiye hizmetleri ile yang\u0131n g\u00fcvenli\u011fi ve acil durumlara h\u0131zl\u0131 m\u00fcdahale imkan\u0131. Sanayi b\u00f6lgesindeki i\u015fletmeler i\u00e7in g\u00fcvenilir yang\u0131n \u00f6nleme ve m\u00fcdahale deste\u011fi.","robots":{"index":"index","follow":"follow","max-snippet":"max-snippet:-1","max-image-preview":"max-image-preview:large","max-video-preview":"max-video-preview:-1"},"canonical":"https:\/\/salihliosb.org.tr\/en\/itfaiye-istasyonu\/","og_locale":"en_US","og_type":"article","og_title":"\u0130tfaiye \u0130stasyonu","og_description":"Salihli Organize Sanayi B\u00f6lgesi\u2019nde yer alan modern itfaiye hizmetleri ile yang\u0131n g\u00fcvenli\u011fi ve acil durumlara h\u0131zl\u0131 m\u00fcdahale imkan\u0131. Sanayi b\u00f6lgesindeki i\u015fletmeler i\u00e7in g\u00fcvenilir yang\u0131n \u00f6nleme ve m\u00fcdahale deste\u011fi.","og_url":"https:\/\/salihliosb.org.tr\/en\/itfaiye-istasyonu\/","og_site_name":"Salihli Organize Sanayi B\u00f6lgesi M\u00fcd\u00fcrl\u00fc\u011f\u00fc","article_modified_time":"2025-06-13T12:08:18+00:00","og_image":[{"width":1010,"height":400,"url":"https:\/\/salihliosb.org.tr\/wp-content\/uploads\/2025\/06\/1-3.jpg","type":"image\/jpeg"}],"twitter_card":"summary_large_image","twitter_misc":{"Est. reading time":"2 minutes"},"schema":{"@context":"https:\/\/schema.org","@graph":[{"@type":"WebPage","@id":"https:\/\/salihliosb.org.tr\/itfaiye-istasyonu\/","url":"https:\/\/salihliosb.org.tr\/itfaiye-istasyonu\/","name":"\u0130tfaiye \u0130stasyonu - Salihli Organize Sanayi B\u00f6lgesi M\u00fcd\u00fcrl\u00fc\u011f\u00fc","isPartOf":{"@id":"https:\/\/salihliosb.org.tr\/#website"},"primaryImageOfPage":{"@id":"https:\/\/salihliosb.org.tr\/itfaiye-istasyonu\/#primaryimage"},"image":{"@id":"https:\/\/salihliosb.org.tr\/itfaiye-istasyonu\/#primaryimage"},"thumbnailUrl":"https:\/\/salihliosb.org.tr\/wp-content\/uploads\/2025\/06\/1-3.jpg","datePublished":"2024-08-19T05:23:26+00:00","dateModified":"2025-06-13T12:08:18+00:00","description":"Salihli Organize Sanayi B\u00f6lgesi\u2019nde yer alan modern itfaiye hizmetleri ile yang\u0131n g\u00fcvenli\u011fi ve acil durumlara h\u0131zl\u0131 m\u00fcdahale imkan\u0131. Sanayi b\u00f6lgesindeki i\u015fletmeler i\u00e7in g\u00fcvenilir yang\u0131n \u00f6nleme ve m\u00fcdahale deste\u011fi.","breadcrumb":{"@id":"https:\/\/salihliosb.org.tr\/itfaiye-istasyonu\/#breadcrumb"},"inLanguage":"en-US","potentialAction":[{"@type":"ReadAction","target":["https:\/\/salihliosb.org.tr\/itfaiye-istasyonu\/"]}]},{"@type":"ImageObject","inLanguage":"en-US","@id":"https:\/\/salihliosb.org.tr\/itfaiye-istasyonu\/#primaryimage","url":"https:\/\/salihliosb.org.tr\/wp-content\/uploads\/2025\/06\/1-3.jpg","contentUrl":"https:\/\/salihliosb.org.tr\/wp-content\/uploads\/2025\/06\/1-3.jpg"},{"@type":"BreadcrumbList","@id":"https:\/\/salihliosb.org.tr\/itfaiye-istasyonu\/#breadcrumb","itemListElement":[{"@type":"ListItem","position":1,"name":"Anasayfa","item":"https:\/\/salihliosb.org.tr\/"},{"@type":"ListItem","position":2,"name":"\u0130tfaiye \u0130stasyonu"}]},{"@type":"WebSite","@id":"https:\/\/salihliosb.org.tr\/#website","url":"https:\/\/salihliosb.org.tr\/","name":"Salihli Organize Sanayi B\u00f6lgesi M\u00fcd\u00fcrl\u00fc\u011f\u00fc","description":"Sanayiye ve B\u00f6lgeye De\u011fer Kat\u0131yoruz, Gelece\u011fi \u0130n\u015fa Ediyoruz!","publisher":{"@id":"https:\/\/salihliosb.org.tr\/#organization"},"potentialAction":[{"@type":"SearchAction","target":{"@type":"EntryPoint","urlTemplate":"https:\/\/salihliosb.org.tr\/?s={search_term_string}"},"query-input":{"@type":"PropertyValueSpecification","valueRequired":true,"valueName":"search_term_string"}}],"inLanguage":"en-US"},{"@type":"Organization","@id":"https:\/\/salihliosb.org.tr\/#organization","name":"Salihli Organize Sanayi B\u00f6lgesi M\u00fcd\u00fcrl\u00fc\u011f\u00fc","url":"https:\/\/salihliosb.org.tr\/","logo":{"@type":"ImageObject","inLanguage":"en-US","@id":"https:\/\/salihliosb.org.tr\/#\/schema\/logo\/image\/","url":"https:\/\/salihliosb.org.tr\/wp-content\/uploads\/2024\/09\/cropped-logo-400.png","contentUrl":"https:\/\/salihliosb.org.tr\/wp-content\/uploads\/2024\/09\/cropped-logo-400.png","width":512,"height":512,"caption":"Salihli Organize Sanayi B\u00f6lgesi M\u00fcd\u00fcrl\u00fc\u011f\u00fc"},"image":{"@id":"https:\/\/salihliosb.org.tr\/#\/schema\/logo\/image\/"}}]}},"_links":{"self":[{"href":"https:\/\/salihliosb.org.tr\/en\/wp-json\/wp\/v2\/pages\/10524","targetHints":{"allow":["GET"]}}],"collection":[{"href":"https:\/\/salihliosb.org.tr\/en\/wp-json\/wp\/v2\/pages"}],"about":[{"href":"https:\/\/salihliosb.org.tr\/en\/wp-json\/wp\/v2\/types\/page"}],"author":[{"embeddable":true,"href":"https:\/\/salihliosb.org.tr\/en\/wp-json\/wp\/v2\/users\/1"}],"replies":[{"embeddable":true,"href":"https:\/\/salihliosb.org.tr\/en\/wp-json\/wp\/v2\/comments?post=10524"}],"version-history":[{"count":5,"href":"https:\/\/salihliosb.org.tr\/en\/wp-json\/wp\/v2\/pages\/10524\/revisions"}],"predecessor-version":[{"id":12126,"href":"https:\/\/salihliosb.org.tr\/en\/wp-json\/wp\/v2\/pages\/10524\/revisions\/12126"}],"wp:attachment":[{"href":"https:\/\/salihliosb.org.tr\/en\/wp-json\/wp\/v2\/media?parent=10524"}],"curies":[{"name":"wp","href":"https:\/\/api.w.org\/{rel}","templated":true}]}}