{"id":10526,"date":"2024-08-19T08:24:36","date_gmt":"2024-08-19T05:24:36","guid":{"rendered":"https:\/\/salihliosb.org.tr\/?page_id=10526"},"modified":"2025-06-13T12:17:59","modified_gmt":"2025-06-13T09:17:59","slug":"jandarma-asayis-noktasi","status":"publish","type":"page","link":"https:\/\/salihliosb.org.tr\/en\/jandarma-asayis-noktasi\/","title":{"rendered":"Gendarmerie Public Security Point"},"content":{"rendered":"<div data-elementor-type=\"wp-page\" data-elementor-id=\"10526\" class=\"elementor elementor-10526\" data-elementor-post-type=\"page\">\n\t\t\t\t        <section class=\"elementor-section elementor-top-section elementor-element elementor-element-aefa067 elementor-section-boxed elementor-section-height-default elementor-section-height-default pxl-type-header-none pxl-row-scroll-none pxl-bg-color-none pxl-section-overlay-none\" data-id=\"aefa067\" data-element_type=\"section\">\n\n                \n                <div class=\"elementor-container elementor-column-gap-default\">\n                <div class=\"elementor-column elementor-col-100 elementor-top-column elementor-element elementor-element-3f00741 pxl-col-none pxl-column-none\" data-id=\"3f00741\" data-element_type=\"column\">\r\n        <div class=\"elementor-widget-wrap elementor-element-populated\">\r\n                     \r\n        \t\t<div class=\"elementor-element elementor-element-f09e95b elementor-widget elementor-widget-image\" data-id=\"f09e95b\" data-element_type=\"widget\" data-widget_type=\"image.default\">\n\t\t\t\t<div class=\"elementor-widget-container\">\n\t\t\t<style>\/*! elementor - v3.22.0 - 26-06-2024 *\/\n.elementor-widget-image{text-align:center}.elementor-widget-image a{display:inline-block}.elementor-widget-image a img[src$=\".svg\"]{width:48px}.elementor-widget-image img{vertical-align:middle;display:inline-block}<\/style>\t\t\t\t\t\t\t\t\t\t<img fetchpriority=\"high\" decoding=\"async\" width=\"1010\" height=\"400\" src=\"https:\/\/salihliosb.org.tr\/wp-content\/uploads\/2025\/06\/1-2.jpg\" class=\"attachment-1536x1536 size-1536x1536 wp-image-12109\" alt=\"\" srcset=\"https:\/\/salihliosb.org.tr\/wp-content\/uploads\/2025\/06\/1-2.jpg 1010w, https:\/\/salihliosb.org.tr\/wp-content\/uploads\/2025\/06\/1-2-300x119.jpg 300w, https:\/\/salihliosb.org.tr\/wp-content\/uploads\/2025\/06\/1-2-768x304.jpg 768w, https:\/\/salihliosb.org.tr\/wp-content\/uploads\/2025\/06\/1-2-18x7.jpg 18w, https:\/\/salihliosb.org.tr\/wp-content\/uploads\/2025\/06\/1-2-960x380.jpg 960w\" sizes=\"(max-width: 1010px) 100vw, 1010px\" \/>\t\t\t\t\t\t\t\t\t\t\t\t\t<\/div>\n\t\t\t\t<\/div>\n\t\t\t\t<div class=\"elementor-element elementor-element-d87d1ee elementor-widget elementor-widget-bdt-advanced-heading\" data-id=\"d87d1ee\" data-element_type=\"widget\" data-widget_type=\"bdt-advanced-heading.default\">\n\t\t\t\t<div class=\"elementor-widget-container\">\n\t\t\t<div id=\"d87d1ee\" class=\"bdt-ep-advanced-heading\" data-settings=\"{&quot;titleMultiColor&quot;:&quot;no&quot;}\"><div class=\"bdt-ep-advanced-heading-content bdt-visible@m\"><div class=\"bdt-transform-origin-top-left\">Salihli OIZ<\/div><\/div><h3 class=\"bdt-ep-advanced-heading-title\"><span class=\"bdt-ep-advanced-heading-main-title\"><span class=\"bdt-ep-advanced-heading-main-title-inner\">Gendarmerie Public Security Point in Salihli Osb.\n\n\n<\/span><\/span><\/h3><\/div>\t\t<\/div>\n\t\t\t\t<\/div>\n\t\t\t\t<div class=\"elementor-element elementor-element-51cf1a7 elementor-widget elementor-widget-text-editor\" data-id=\"51cf1a7\" data-element_type=\"widget\" data-widget_type=\"text-editor.default\">\n\t\t\t\t<div class=\"elementor-widget-container\">\n\t\t\t<style>\/*! elementor - v3.22.0 - 26-06-2024 *\/\n.elementor-widget-text-editor.elementor-drop-cap-view-stacked .elementor-drop-cap{background-color:#69727d;color:#fff}.elementor-widget-text-editor.elementor-drop-cap-view-framed .elementor-drop-cap{color:#69727d;border:3px solid;background-color:transparent}.elementor-widget-text-editor:not(.elementor-drop-cap-view-default) .elementor-drop-cap{margin-top:8px}.elementor-widget-text-editor:not(.elementor-drop-cap-view-default) .elementor-drop-cap-letter{width:1em;height:1em}.elementor-widget-text-editor .elementor-drop-cap{float:left;text-align:center;line-height:1;font-size:50px}.elementor-widget-text-editor .elementor-drop-cap-letter{display:inline-block}<\/style>\t\t\t\t<p>Gendarmerie Public Security Point, which was completed in Salihli Organized Industrial Zone, was put into service with a ceremony.<br \/>Opening;<br \/>Governor of Manisa and Chairman of the Enterprising Committee Enver \u00dcNL\u00dc,<br \/>Manisa Provincial Gendarmerie Commander Brig. Zafer TOMBUL<br \/>Salihli District Governor Mehmet Kamil SA\u011eLAM,<br \/>Mayor Mazlum NURLU,<br \/>and many protocol members and industrialists participated.<br \/>With the decision of our Entrepreneurship Committee dated December 2024, the right to use the Gendarmerie Public Security Point for 30 years free of charge for the transformation of the police station was allocated. This police station building will contribute to security by being located here with an understanding that can serve not only our organized industrial zone but also the surrounding neighborhoods.<\/p>\t\t\t\t\t\t<\/div>\n\t\t\t\t<\/div>\n\t\t            <\/div>\r\n        <\/div>\r\n        \t\t\t<\/div>\n\t\t<\/section>\n\t\t        <section class=\"elementor-section elementor-top-section elementor-element elementor-element-4b259d6 elementor-section-boxed elementor-section-height-default elementor-section-height-default pxl-type-header-none pxl-row-scroll-none pxl-bg-color-none pxl-section-overlay-none\" data-id=\"4b259d6\" data-element_type=\"section\">\n\n                \n                <div class=\"elementor-container elementor-column-gap-default\">\n                <div class=\"elementor-column elementor-col-100 elementor-top-column elementor-element elementor-element-5bd54cd pxl-col-none pxl-column-none\" data-id=\"5bd54cd\" data-element_type=\"column\">\r\n        <div class=\"elementor-widget-wrap elementor-element-populated\">\r\n                     \r\n        \t\t<div class=\"elementor-element elementor-element-14340b0 elementor-widget elementor-widget-bdt-advanced-image-gallery\" data-id=\"14340b0\" data-element_type=\"widget\" data-widget_type=\"bdt-advanced-image-gallery.default\">\n\t\t\t\t<div class=\"elementor-widget-container\">\n\t\t\t\t\t<div id=\"bdt-avdg-14340b0\" class=\"bdt-ep-advanced-image-gallery bdt-ep-advanced-image-gallery-skin-default jgallery\" data-jgallery-jfheight=\"260\" data-jgallery-itemgap=\"5\" data-bdt-lightbox=\"animation: slide;\" data-settings=\"{&quot;id&quot;:&quot;#bdt-avdg-14340b0&quot;,&quot;tiltShow&quot;:true}\">\n\t\t\t\n\t\t\t\t<div class=\"bdt-ep-advanced-image-gallery-item bdt-transition-toggle\">\n\t\t\t\t\t<div class=\"bdt-ep-advanced-image-gallery-inner\" data-tilt=\"\">\n\t\t\t\t\t\t<div class=\"bdt-ep-advanced-image-gallery-thumbnail bdt-transition-toggle\"><img decoding=\"async\" width=\"1010\" height=\"400\" src=\"https:\/\/salihliosb.org.tr\/wp-content\/uploads\/2025\/06\/2-2.jpg\" class=\"jgalleryImage\" alt=\"2\" srcset=\"https:\/\/salihliosb.org.tr\/wp-content\/uploads\/2025\/06\/2-2.jpg 1010w, https:\/\/salihliosb.org.tr\/wp-content\/uploads\/2025\/06\/2-2-300x119.jpg 300w, https:\/\/salihliosb.org.tr\/wp-content\/uploads\/2025\/06\/2-2-768x304.jpg 768w, https:\/\/salihliosb.org.tr\/wp-content\/uploads\/2025\/06\/2-2-18x7.jpg 18w, https:\/\/salihliosb.org.tr\/wp-content\/uploads\/2025\/06\/2-2-960x380.jpg 960w\" sizes=\"(max-width: 1010px) 100vw, 1010px\" \/><\/div>\t\t<div class=\"bdt-position-cover bdt-overlay bdt-overlay-default bdt-transition-fade\">\n\t\t\t<div class=\"bdt-ep-advanced-image-gallery-content\">\n\t\t\t\t<div class=\"bdt-ep-advanced-image-gallery-content-inner\">\n\n\t\t\t\t\t\t\t\t\t\t\t\t\t\t\t\t<div class=\"bdt-flex-inline bdt-ep-advanced-image-gallery-item-link-wrapper\">\n\t\t\t\t\t\t\t<a class=\"bdt-ep-advanced-image-gallery-item-link elementor-clickable icon-type-icon\" data-elementor-open-lightbox=\"no\" data-caption=\"\" data-href=\"https:\/\/salihliosb.org.tr\/wp-content\/uploads\/2025\/06\/2-2.jpg\">\n\t\t\t\t\t\t\t\t\n\t\t\t\t\t\t\t\t\t\t\t\t\t\t\t\t\t\t\t<span>\n\t\t\t\t\t\t\t\t\t\t\t<i class=\"ep-icon-plus-2\"><\/i>\n\t\t\t\t\t\t\t\t\t\t<\/span>\n\t\t\t\t\t\t\t\t\t\n\t\t\t\t\t\t\t\t\t\t\t\t\t\t\t<\/a>\n\t\t\t\t\t\t<\/div>\n\t\t\t\t\t\n\t\t\t\t\t\t\t\t\t<\/div>\n\t\t\t<\/div>\n\t\t<\/div>\n\t\t\t\t\t<\/div>\n\t\t\t\t\t\t\t\t\t<\/div>\n\n\t\t\t\n\t\t\t\t<div class=\"bdt-ep-advanced-image-gallery-item bdt-transition-toggle\">\n\t\t\t\t\t<div class=\"bdt-ep-advanced-image-gallery-inner\" data-tilt=\"\">\n\t\t\t\t\t\t<div class=\"bdt-ep-advanced-image-gallery-thumbnail bdt-transition-toggle\"><img decoding=\"async\" width=\"1010\" height=\"400\" src=\"https:\/\/salihliosb.org.tr\/wp-content\/uploads\/2025\/06\/4.jpg\" class=\"jgalleryImage\" alt=\"4\" srcset=\"https:\/\/salihliosb.org.tr\/wp-content\/uploads\/2025\/06\/4.jpg 1010w, https:\/\/salihliosb.org.tr\/wp-content\/uploads\/2025\/06\/4-300x119.jpg 300w, https:\/\/salihliosb.org.tr\/wp-content\/uploads\/2025\/06\/4-768x304.jpg 768w, https:\/\/salihliosb.org.tr\/wp-content\/uploads\/2025\/06\/4-18x7.jpg 18w, https:\/\/salihliosb.org.tr\/wp-content\/uploads\/2025\/06\/4-960x380.jpg 960w\" sizes=\"(max-width: 1010px) 100vw, 1010px\" \/><\/div>\t\t<div class=\"bdt-position-cover bdt-overlay bdt-overlay-default bdt-transition-fade\">\n\t\t\t<div class=\"bdt-ep-advanced-image-gallery-content\">\n\t\t\t\t<div class=\"bdt-ep-advanced-image-gallery-content-inner\">\n\n\t\t\t\t\t\t\t\t\t\t\t\t\t\t\t\t<div class=\"bdt-flex-inline bdt-ep-advanced-image-gallery-item-link-wrapper\">\n\t\t\t\t\t\t\t<a class=\"bdt-ep-advanced-image-gallery-item-link elementor-clickable icon-type-icon\" data-elementor-open-lightbox=\"no\" data-caption=\"\" data-href=\"https:\/\/salihliosb.org.tr\/wp-content\/uploads\/2025\/06\/4.jpg\">\n\t\t\t\t\t\t\t\t\n\t\t\t\t\t\t\t\t\t\t\t\t\t\t\t\t\t\t\t<span>\n\t\t\t\t\t\t\t\t\t\t\t<i class=\"ep-icon-plus-2\"><\/i>\n\t\t\t\t\t\t\t\t\t\t<\/span>\n\t\t\t\t\t\t\t\t\t\n\t\t\t\t\t\t\t\t\t\t\t\t\t\t\t<\/a>\n\t\t\t\t\t\t<\/div>\n\t\t\t\t\t\n\t\t\t\t\t\t\t\t\t<\/div>\n\t\t\t<\/div>\n\t\t<\/div>\n\t\t\t\t\t<\/div>\n\t\t\t\t\t\t\t\t\t<\/div>\n\n\t\t\t\n\t\t\t\t<div class=\"bdt-ep-advanced-image-gallery-item bdt-transition-toggle\">\n\t\t\t\t\t<div class=\"bdt-ep-advanced-image-gallery-inner\" data-tilt=\"\">\n\t\t\t\t\t\t<div class=\"bdt-ep-advanced-image-gallery-thumbnail bdt-transition-toggle\"><img loading=\"lazy\" decoding=\"async\" width=\"1010\" height=\"400\" src=\"https:\/\/salihliosb.org.tr\/wp-content\/uploads\/2025\/06\/1-2.jpg\" class=\"jgalleryImage\" alt=\"1\" srcset=\"https:\/\/salihliosb.org.tr\/wp-content\/uploads\/2025\/06\/1-2.jpg 1010w, https:\/\/salihliosb.org.tr\/wp-content\/uploads\/2025\/06\/1-2-300x119.jpg 300w, https:\/\/salihliosb.org.tr\/wp-content\/uploads\/2025\/06\/1-2-768x304.jpg 768w, https:\/\/salihliosb.org.tr\/wp-content\/uploads\/2025\/06\/1-2-18x7.jpg 18w, https:\/\/salihliosb.org.tr\/wp-content\/uploads\/2025\/06\/1-2-960x380.jpg 960w\" sizes=\"(max-width: 1010px) 100vw, 1010px\" \/><\/div>\t\t<div class=\"bdt-position-cover bdt-overlay bdt-overlay-default bdt-transition-fade\">\n\t\t\t<div class=\"bdt-ep-advanced-image-gallery-content\">\n\t\t\t\t<div class=\"bdt-ep-advanced-image-gallery-content-inner\">\n\n\t\t\t\t\t\t\t\t\t\t\t\t\t\t\t\t<div class=\"bdt-flex-inline bdt-ep-advanced-image-gallery-item-link-wrapper\">\n\t\t\t\t\t\t\t<a class=\"bdt-ep-advanced-image-gallery-item-link elementor-clickable icon-type-icon\" data-elementor-open-lightbox=\"no\" data-caption=\"\" data-href=\"https:\/\/salihliosb.org.tr\/wp-content\/uploads\/2025\/06\/1-2.jpg\">\n\t\t\t\t\t\t\t\t\n\t\t\t\t\t\t\t\t\t\t\t\t\t\t\t\t\t\t\t<span>\n\t\t\t\t\t\t\t\t\t\t\t<i class=\"ep-icon-plus-2\"><\/i>\n\t\t\t\t\t\t\t\t\t\t<\/span>\n\t\t\t\t\t\t\t\t\t\n\t\t\t\t\t\t\t\t\t\t\t\t\t\t\t<\/a>\n\t\t\t\t\t\t<\/div>\n\t\t\t\t\t\n\t\t\t\t\t\t\t\t\t<\/div>\n\t\t\t<\/div>\n\t\t<\/div>\n\t\t\t\t\t<\/div>\n\t\t\t\t\t\t\t\t\t<\/div>\n\n\t\t\t\t\t<\/div>\n\t\t\t<\/div>\n\t\t\t\t<\/div>\n\t\t            <\/div>\r\n        <\/div>\r\n        \t\t\t<\/div>\n\t\t<\/section>\n\t\t\t\t<\/div>","protected":false},"excerpt":{"rendered":"<p>Salihli OSB Gendarmerie Police Station The Gendarmerie Public Security Point in Salihli Organized Industrial Zone (OSB) was built. The building, which was built for better security and peace in the region, was inaugurated. The Gendarmerie Public Security Point, which will serve under the Salihli District Gendarmerie Command Central Police Station Command, will immediately intervene in work accidents and other incidents that may occur in the region, especially public order [...].<\/p>","protected":false},"author":1,"featured_media":12109,"parent":0,"menu_order":0,"comment_status":"closed","ping_status":"closed","template":"","meta":{"footnotes":""},"class_list":["post-10526","page","type-page","status-publish","has-post-thumbnail","hentry"],"yoast_head":"<!-- This site is optimized with the Yoast SEO Premium plugin v22.5 (Yoast SEO v24.2) - https:\/\/yoast.com\/wordpress\/plugins\/seo\/ -->\n<title>Salihli Osb\u2019de Jandarma Asayi\u015f Noktas\u0131 Hizmete Girdi.<\/title>\n<meta name=\"description\" content=\"Salihli Organize Sanayi B\u00f6lgesi Jandarma Asayi\u015f Noktas\u0131, b\u00f6lgedeki g\u00fcvenli\u011fi sa\u011flamak ve i\u015fletmelere g\u00fcvenli bir \u00e7al\u0131\u015fma ortam\u0131 sunmak i\u00e7in hizmet vermektedir. G\u00fcvenlik tedbirleri ve jandarma destek hizmetleri hakk\u0131nda bilgi al\u0131n.\" \/>\n<meta name=\"robots\" content=\"index, follow, max-snippet:-1, max-image-preview:large, max-video-preview:-1\" \/>\n<link rel=\"canonical\" href=\"https:\/\/salihliosb.org.tr\/en\/jandarma-asayis-noktasi\/\" \/>\n<meta property=\"og:locale\" content=\"en_US\" \/>\n<meta property=\"og:type\" content=\"article\" \/>\n<meta property=\"og:title\" content=\"Jandarma Asayi\u015f Noktas\u0131\" \/>\n<meta property=\"og:description\" content=\"Salihli Organize Sanayi B\u00f6lgesi Jandarma Asayi\u015f Noktas\u0131, b\u00f6lgedeki g\u00fcvenli\u011fi sa\u011flamak ve i\u015fletmelere g\u00fcvenli bir \u00e7al\u0131\u015fma ortam\u0131 sunmak i\u00e7in hizmet vermektedir. G\u00fcvenlik tedbirleri ve jandarma destek hizmetleri hakk\u0131nda bilgi al\u0131n.\" \/>\n<meta property=\"og:url\" content=\"https:\/\/salihliosb.org.tr\/en\/jandarma-asayis-noktasi\/\" \/>\n<meta property=\"og:site_name\" content=\"Salihli Organize Sanayi B\u00f6lgesi M\u00fcd\u00fcrl\u00fc\u011f\u00fc\" \/>\n<meta property=\"article:modified_time\" content=\"2025-06-13T09:17:59+00:00\" \/>\n<meta property=\"og:image\" content=\"https:\/\/salihliosb.org.tr\/wp-content\/uploads\/2025\/06\/1-2.jpg\" \/>\n\t<meta property=\"og:image:width\" content=\"1010\" \/>\n\t<meta property=\"og:image:height\" content=\"400\" \/>\n\t<meta property=\"og:image:type\" content=\"image\/jpeg\" \/>\n<meta name=\"twitter:card\" content=\"summary_large_image\" \/>\n<meta name=\"twitter:label1\" content=\"Est. reading time\" \/>\n\t<meta name=\"twitter:data1\" content=\"1 minute\" \/>\n<script type=\"application\/ld+json\" class=\"yoast-schema-graph\">{\"@context\":\"https:\/\/schema.org\",\"@graph\":[{\"@type\":\"WebPage\",\"@id\":\"https:\/\/salihliosb.org.tr\/jandarma-asayis-noktasi\/\",\"url\":\"https:\/\/salihliosb.org.tr\/jandarma-asayis-noktasi\/\",\"name\":\"Salihli Osb\u2019de Jandarma Asayi\u015f Noktas\u0131 Hizmete Girdi.\",\"isPartOf\":{\"@id\":\"https:\/\/salihliosb.org.tr\/#website\"},\"primaryImageOfPage\":{\"@id\":\"https:\/\/salihliosb.org.tr\/jandarma-asayis-noktasi\/#primaryimage\"},\"image\":{\"@id\":\"https:\/\/salihliosb.org.tr\/jandarma-asayis-noktasi\/#primaryimage\"},\"thumbnailUrl\":\"https:\/\/salihliosb.org.tr\/wp-content\/uploads\/2025\/06\/1-2.jpg\",\"datePublished\":\"2024-08-19T05:24:36+00:00\",\"dateModified\":\"2025-06-13T09:17:59+00:00\",\"description\":\"Salihli Organize Sanayi B\u00f6lgesi Jandarma Asayi\u015f Noktas\u0131, b\u00f6lgedeki g\u00fcvenli\u011fi sa\u011flamak ve i\u015fletmelere g\u00fcvenli bir \u00e7al\u0131\u015fma ortam\u0131 sunmak i\u00e7in hizmet vermektedir. G\u00fcvenlik tedbirleri ve jandarma destek hizmetleri hakk\u0131nda bilgi al\u0131n.\",\"breadcrumb\":{\"@id\":\"https:\/\/salihliosb.org.tr\/jandarma-asayis-noktasi\/#breadcrumb\"},\"inLanguage\":\"en-US\",\"potentialAction\":[{\"@type\":\"ReadAction\",\"target\":[\"https:\/\/salihliosb.org.tr\/jandarma-asayis-noktasi\/\"]}]},{\"@type\":\"ImageObject\",\"inLanguage\":\"en-US\",\"@id\":\"https:\/\/salihliosb.org.tr\/jandarma-asayis-noktasi\/#primaryimage\",\"url\":\"https:\/\/salihliosb.org.tr\/wp-content\/uploads\/2025\/06\/1-2.jpg\",\"contentUrl\":\"https:\/\/salihliosb.org.tr\/wp-content\/uploads\/2025\/06\/1-2.jpg\",\"width\":1010,\"height\":400},{\"@type\":\"BreadcrumbList\",\"@id\":\"https:\/\/salihliosb.org.tr\/jandarma-asayis-noktasi\/#breadcrumb\",\"itemListElement\":[{\"@type\":\"ListItem\",\"position\":1,\"name\":\"Anasayfa\",\"item\":\"https:\/\/salihliosb.org.tr\/\"},{\"@type\":\"ListItem\",\"position\":2,\"name\":\"Jandarma Asayi\u015f Noktas\u0131\"}]},{\"@type\":\"WebSite\",\"@id\":\"https:\/\/salihliosb.org.tr\/#website\",\"url\":\"https:\/\/salihliosb.org.tr\/\",\"name\":\"Salihli Organize Sanayi B\u00f6lgesi M\u00fcd\u00fcrl\u00fc\u011f\u00fc\",\"description\":\"Sanayiye ve B\u00f6lgeye De\u011fer Kat\u0131yoruz, Gelece\u011fi \u0130n\u015fa Ediyoruz!\",\"publisher\":{\"@id\":\"https:\/\/salihliosb.org.tr\/#organization\"},\"potentialAction\":[{\"@type\":\"SearchAction\",\"target\":{\"@type\":\"EntryPoint\",\"urlTemplate\":\"https:\/\/salihliosb.org.tr\/?s={search_term_string}\"},\"query-input\":{\"@type\":\"PropertyValueSpecification\",\"valueRequired\":true,\"valueName\":\"search_term_string\"}}],\"inLanguage\":\"en-US\"},{\"@type\":\"Organization\",\"@id\":\"https:\/\/salihliosb.org.tr\/#organization\",\"name\":\"Salihli Organize Sanayi B\u00f6lgesi M\u00fcd\u00fcrl\u00fc\u011f\u00fc\",\"url\":\"https:\/\/salihliosb.org.tr\/\",\"logo\":{\"@type\":\"ImageObject\",\"inLanguage\":\"en-US\",\"@id\":\"https:\/\/salihliosb.org.tr\/#\/schema\/logo\/image\/\",\"url\":\"https:\/\/salihliosb.org.tr\/wp-content\/uploads\/2024\/09\/cropped-logo-400.png\",\"contentUrl\":\"https:\/\/salihliosb.org.tr\/wp-content\/uploads\/2024\/09\/cropped-logo-400.png\",\"width\":512,\"height\":512,\"caption\":\"Salihli Organize Sanayi B\u00f6lgesi M\u00fcd\u00fcrl\u00fc\u011f\u00fc\"},\"image\":{\"@id\":\"https:\/\/salihliosb.org.tr\/#\/schema\/logo\/image\/\"}}]}<\/script>\n<!-- \/ Yoast SEO Premium plugin. -->","yoast_head_json":{"title":"Salihli Osb\u2019de Jandarma Asayi\u015f Noktas\u0131 Hizmete Girdi.","description":"Salihli Organize Sanayi B\u00f6lgesi Jandarma Asayi\u015f Noktas\u0131, b\u00f6lgedeki g\u00fcvenli\u011fi sa\u011flamak ve i\u015fletmelere g\u00fcvenli bir \u00e7al\u0131\u015fma ortam\u0131 sunmak i\u00e7in hizmet vermektedir. G\u00fcvenlik tedbirleri ve jandarma destek hizmetleri hakk\u0131nda bilgi al\u0131n.","robots":{"index":"index","follow":"follow","max-snippet":"max-snippet:-1","max-image-preview":"max-image-preview:large","max-video-preview":"max-video-preview:-1"},"canonical":"https:\/\/salihliosb.org.tr\/en\/jandarma-asayis-noktasi\/","og_locale":"en_US","og_type":"article","og_title":"Jandarma Asayi\u015f Noktas\u0131","og_description":"Salihli Organize Sanayi B\u00f6lgesi Jandarma Asayi\u015f Noktas\u0131, b\u00f6lgedeki g\u00fcvenli\u011fi sa\u011flamak ve i\u015fletmelere g\u00fcvenli bir \u00e7al\u0131\u015fma ortam\u0131 sunmak i\u00e7in hizmet vermektedir. G\u00fcvenlik tedbirleri ve jandarma destek hizmetleri hakk\u0131nda bilgi al\u0131n.","og_url":"https:\/\/salihliosb.org.tr\/en\/jandarma-asayis-noktasi\/","og_site_name":"Salihli Organize Sanayi B\u00f6lgesi M\u00fcd\u00fcrl\u00fc\u011f\u00fc","article_modified_time":"2025-06-13T09:17:59+00:00","og_image":[{"width":1010,"height":400,"url":"https:\/\/salihliosb.org.tr\/wp-content\/uploads\/2025\/06\/1-2.jpg","type":"image\/jpeg"}],"twitter_card":"summary_large_image","twitter_misc":{"Est. reading time":"1 minute"},"schema":{"@context":"https:\/\/schema.org","@graph":[{"@type":"WebPage","@id":"https:\/\/salihliosb.org.tr\/jandarma-asayis-noktasi\/","url":"https:\/\/salihliosb.org.tr\/jandarma-asayis-noktasi\/","name":"Salihli Osb\u2019de Jandarma Asayi\u015f Noktas\u0131 Hizmete Girdi.","isPartOf":{"@id":"https:\/\/salihliosb.org.tr\/#website"},"primaryImageOfPage":{"@id":"https:\/\/salihliosb.org.tr\/jandarma-asayis-noktasi\/#primaryimage"},"image":{"@id":"https:\/\/salihliosb.org.tr\/jandarma-asayis-noktasi\/#primaryimage"},"thumbnailUrl":"https:\/\/salihliosb.org.tr\/wp-content\/uploads\/2025\/06\/1-2.jpg","datePublished":"2024-08-19T05:24:36+00:00","dateModified":"2025-06-13T09:17:59+00:00","description":"Salihli Organize Sanayi B\u00f6lgesi Jandarma Asayi\u015f Noktas\u0131, b\u00f6lgedeki g\u00fcvenli\u011fi sa\u011flamak ve i\u015fletmelere g\u00fcvenli bir \u00e7al\u0131\u015fma ortam\u0131 sunmak i\u00e7in hizmet vermektedir. G\u00fcvenlik tedbirleri ve jandarma destek hizmetleri hakk\u0131nda bilgi al\u0131n.","breadcrumb":{"@id":"https:\/\/salihliosb.org.tr\/jandarma-asayis-noktasi\/#breadcrumb"},"inLanguage":"en-US","potentialAction":[{"@type":"ReadAction","target":["https:\/\/salihliosb.org.tr\/jandarma-asayis-noktasi\/"]}]},{"@type":"ImageObject","inLanguage":"en-US","@id":"https:\/\/salihliosb.org.tr\/jandarma-asayis-noktasi\/#primaryimage","url":"https:\/\/salihliosb.org.tr\/wp-content\/uploads\/2025\/06\/1-2.jpg","contentUrl":"https:\/\/salihliosb.org.tr\/wp-content\/uploads\/2025\/06\/1-2.jpg","width":1010,"height":400},{"@type":"BreadcrumbList","@id":"https:\/\/salihliosb.org.tr\/jandarma-asayis-noktasi\/#breadcrumb","itemListElement":[{"@type":"ListItem","position":1,"name":"Anasayfa","item":"https:\/\/salihliosb.org.tr\/"},{"@type":"ListItem","position":2,"name":"Jandarma Asayi\u015f Noktas\u0131"}]},{"@type":"WebSite","@id":"https:\/\/salihliosb.org.tr\/#website","url":"https:\/\/salihliosb.org.tr\/","name":"Salihli Organize Sanayi B\u00f6lgesi M\u00fcd\u00fcrl\u00fc\u011f\u00fc","description":"Sanayiye ve B\u00f6lgeye De\u011fer Kat\u0131yoruz, Gelece\u011fi \u0130n\u015fa Ediyoruz!","publisher":{"@id":"https:\/\/salihliosb.org.tr\/#organization"},"potentialAction":[{"@type":"SearchAction","target":{"@type":"EntryPoint","urlTemplate":"https:\/\/salihliosb.org.tr\/?s={search_term_string}"},"query-input":{"@type":"PropertyValueSpecification","valueRequired":true,"valueName":"search_term_string"}}],"inLanguage":"en-US"},{"@type":"Organization","@id":"https:\/\/salihliosb.org.tr\/#organization","name":"Salihli Organize Sanayi B\u00f6lgesi M\u00fcd\u00fcrl\u00fc\u011f\u00fc","url":"https:\/\/salihliosb.org.tr\/","logo":{"@type":"ImageObject","inLanguage":"en-US","@id":"https:\/\/salihliosb.org.tr\/#\/schema\/logo\/image\/","url":"https:\/\/salihliosb.org.tr\/wp-content\/uploads\/2024\/09\/cropped-logo-400.png","contentUrl":"https:\/\/salihliosb.org.tr\/wp-content\/uploads\/2024\/09\/cropped-logo-400.png","width":512,"height":512,"caption":"Salihli Organize Sanayi B\u00f6lgesi M\u00fcd\u00fcrl\u00fc\u011f\u00fc"},"image":{"@id":"https:\/\/salihliosb.org.tr\/#\/schema\/logo\/image\/"}}]}},"_links":{"self":[{"href":"https:\/\/salihliosb.org.tr\/en\/wp-json\/wp\/v2\/pages\/10526","targetHints":{"allow":["GET"]}}],"collection":[{"href":"https:\/\/salihliosb.org.tr\/en\/wp-json\/wp\/v2\/pages"}],"about":[{"href":"https:\/\/salihliosb.org.tr\/en\/wp-json\/wp\/v2\/types\/page"}],"author":[{"embeddable":true,"href":"https:\/\/salihliosb.org.tr\/en\/wp-json\/wp\/v2\/users\/1"}],"replies":[{"embeddable":true,"href":"https:\/\/salihliosb.org.tr\/en\/wp-json\/wp\/v2\/comments?post=10526"}],"version-history":[{"count":15,"href":"https:\/\/salihliosb.org.tr\/en\/wp-json\/wp\/v2\/pages\/10526\/revisions"}],"predecessor-version":[{"id":12120,"href":"https:\/\/salihliosb.org.tr\/en\/wp-json\/wp\/v2\/pages\/10526\/revisions\/12120"}],"wp:featuredmedia":[{"embeddable":true,"href":"https:\/\/salihliosb.org.tr\/en\/wp-json\/wp\/v2\/media\/12109"}],"wp:attachment":[{"href":"https:\/\/salihliosb.org.tr\/en\/wp-json\/wp\/v2\/media?parent=10526"}],"curies":[{"name":"wp","href":"https:\/\/api.w.org\/{rel}","templated":true}]}}