{"id":10624,"date":"2024-08-19T13:57:12","date_gmt":"2024-08-19T10:57:12","guid":{"rendered":"https:\/\/salihliosb.org.tr\/?page_id=10624"},"modified":"2024-10-17T12:07:58","modified_gmt":"2024-10-17T09:07:58","slug":"otel-restoran-hizmeti","status":"publish","type":"page","link":"https:\/\/salihliosb.org.tr\/en\/otel-restoran-hizmeti\/","title":{"rendered":"Hotel \/ Restaurant Service"},"content":{"rendered":"<div data-elementor-type=\"wp-page\" data-elementor-id=\"10624\" class=\"elementor elementor-10624\" data-elementor-post-type=\"page\">\n\t\t\t\t        <section class=\"elementor-section elementor-top-section elementor-element elementor-element-aefa067 elementor-section-boxed elementor-section-height-default elementor-section-height-default pxl-type-header-none pxl-row-scroll-none pxl-bg-color-none pxl-section-overlay-none\" data-id=\"aefa067\" data-element_type=\"section\">\n\n                \n                <div class=\"elementor-container elementor-column-gap-default\">\n                <div class=\"elementor-column elementor-col-100 elementor-top-column elementor-element elementor-element-3f00741 pxl-col-none pxl-column-none\" data-id=\"3f00741\" data-element_type=\"column\">\r\n        <div class=\"elementor-widget-wrap elementor-element-populated\">\r\n                     \r\n        \t\t<div class=\"elementor-element elementor-element-f09e95b elementor-widget elementor-widget-image\" data-id=\"f09e95b\" data-element_type=\"widget\" data-widget_type=\"image.default\">\n\t\t\t\t<div class=\"elementor-widget-container\">\n\t\t\t<style>\/*! elementor - v3.22.0 - 26-06-2024 *\/\n.elementor-widget-image{text-align:center}.elementor-widget-image a{display:inline-block}.elementor-widget-image a img[src$=\".svg\"]{width:48px}.elementor-widget-image img{vertical-align:middle;display:inline-block}<\/style>\t\t\t\t\t\t\t\t\t\t<img fetchpriority=\"high\" decoding=\"async\" width=\"1080\" height=\"1080\" src=\"https:\/\/salihliosb.org.tr\/wp-content\/uploads\/2024\/08\/murat-hoca-bobrek-tasi-2.png\" class=\"attachment-1536x1536 size-1536x1536 wp-image-10647\" alt=\"\" srcset=\"https:\/\/salihliosb.org.tr\/wp-content\/uploads\/2024\/08\/murat-hoca-bobrek-tasi-2.png 1080w, https:\/\/salihliosb.org.tr\/wp-content\/uploads\/2024\/08\/murat-hoca-bobrek-tasi-2-300x300.png 300w, https:\/\/salihliosb.org.tr\/wp-content\/uploads\/2024\/08\/murat-hoca-bobrek-tasi-2-1024x1024.png 1024w, https:\/\/salihliosb.org.tr\/wp-content\/uploads\/2024\/08\/murat-hoca-bobrek-tasi-2-150x150.png 150w, https:\/\/salihliosb.org.tr\/wp-content\/uploads\/2024\/08\/murat-hoca-bobrek-tasi-2-768x768.png 768w, https:\/\/salihliosb.org.tr\/wp-content\/uploads\/2024\/08\/murat-hoca-bobrek-tasi-2-710x710.png 710w, https:\/\/salihliosb.org.tr\/wp-content\/uploads\/2024\/08\/murat-hoca-bobrek-tasi-2-600x600.png 600w\" sizes=\"(max-width: 1080px) 100vw, 1080px\" \/>\t\t\t\t\t\t\t\t\t\t\t\t\t<\/div>\n\t\t\t\t<\/div>\n\t\t\t\t<div class=\"elementor-element elementor-element-d87d1ee elementor-widget elementor-widget-bdt-advanced-heading\" data-id=\"d87d1ee\" data-element_type=\"widget\" data-widget_type=\"bdt-advanced-heading.default\">\n\t\t\t\t<div class=\"elementor-widget-container\">\n\t\t\t<div id=\"d87d1ee\" class=\"bdt-ep-advanced-heading\" data-settings=\"{&quot;titleMultiColor&quot;:&quot;no&quot;}\"><div class=\"bdt-ep-advanced-heading-content bdt-visible@m\"><div class=\"bdt-transform-origin-top-left\">Salihli OIZ<\/div><\/div><h3 class=\"bdt-ep-advanced-heading-title\"><span class=\"bdt-ep-advanced-heading-main-title\"><span class=\"bdt-ep-advanced-heading-main-title-inner\">Hotel Service<\/span><\/span><\/h3><\/div>\t\t<\/div>\n\t\t\t\t<\/div>\n\t\t\t\t<div class=\"elementor-element elementor-element-51cf1a7 elementor-widget elementor-widget-text-editor\" data-id=\"51cf1a7\" data-element_type=\"widget\" data-widget_type=\"text-editor.default\">\n\t\t\t\t<div class=\"elementor-widget-container\">\n\t\t\t<style>\/*! elementor - v3.22.0 - 26-06-2024 *\/\n.elementor-widget-text-editor.elementor-drop-cap-view-stacked .elementor-drop-cap{background-color:#69727d;color:#fff}.elementor-widget-text-editor.elementor-drop-cap-view-framed .elementor-drop-cap{color:#69727d;border:3px solid;background-color:transparent}.elementor-widget-text-editor:not(.elementor-drop-cap-view-default) .elementor-drop-cap{margin-top:8px}.elementor-widget-text-editor:not(.elementor-drop-cap-view-default) .elementor-drop-cap-letter{width:1em;height:1em}.elementor-widget-text-editor .elementor-drop-cap{float:left;text-align:center;line-height:1;font-size:50px}.elementor-widget-text-editor .elementor-drop-cap-letter{display:inline-block}<\/style>\t\t\t\t<p>In our hotel in Salihli Organized Industrial Zone, we provide our guests with a high level of service in terms of both comfort and service quality.<\/p>\t\t\t\t\t\t<\/div>\n\t\t\t\t<\/div>\n\t\t\t\t<div class=\"elementor-element elementor-element-ec037b7 elementor-widget elementor-widget-bdt-advanced-heading\" data-id=\"ec037b7\" data-element_type=\"widget\" data-widget_type=\"bdt-advanced-heading.default\">\n\t\t\t\t<div class=\"elementor-widget-container\">\n\t\t\t<div id=\"ec037b7\" class=\"bdt-ep-advanced-heading\" data-settings=\"{&quot;titleMultiColor&quot;:&quot;no&quot;}\"><div class=\"bdt-ep-advanced-heading-content bdt-visible@m\"><div class=\"bdt-transform-origin-top-left\">Salihli OIZ<\/div><\/div><h3 class=\"bdt-ep-advanced-heading-title\"><span class=\"bdt-ep-advanced-heading-main-title\"><span class=\"bdt-ep-advanced-heading-main-title-inner\">Restaurant Service<\/span><\/span><\/h3><\/div>\t\t<\/div>\n\t\t\t\t<\/div>\n\t\t\t\t<div class=\"elementor-element elementor-element-d8b7ac8 elementor-widget elementor-widget-text-editor\" data-id=\"d8b7ac8\" data-element_type=\"widget\" data-widget_type=\"text-editor.default\">\n\t\t\t\t<div class=\"elementor-widget-container\">\n\t\t\t\t\t\t\t<p>As K\u00f6fteci Mehmet in Salihli Organized Industrial Zone, we serve our restaurant and caf\u00e9 guests at a high level in terms of service quality.<\/p>\t\t\t\t\t\t<\/div>\n\t\t\t\t<\/div>\n\t\t            <\/div>\r\n        <\/div>\r\n        \t\t\t<\/div>\n\t\t<\/section>\n\t\t        <section class=\"elementor-section elementor-top-section elementor-element elementor-element-590a01c elementor-section-boxed elementor-section-height-default elementor-section-height-default pxl-type-header-none pxl-row-scroll-none pxl-bg-color-none pxl-section-overlay-none\" data-id=\"590a01c\" data-element_type=\"section\">\n\n                \n                <div class=\"elementor-container elementor-column-gap-default\">\n                <div class=\"elementor-column elementor-col-100 elementor-top-column elementor-element elementor-element-935fa0b pxl-col-none pxl-column-none\" data-id=\"935fa0b\" data-element_type=\"column\">\r\n        <div class=\"elementor-widget-wrap elementor-element-populated\">\r\n                     \r\n        \t\t<div class=\"elementor-element elementor-element-f9cc3ce elementor-widget elementor-widget-bdt-advanced-image-gallery\" data-id=\"f9cc3ce\" data-element_type=\"widget\" data-widget_type=\"bdt-advanced-image-gallery.default\">\n\t\t\t\t<div class=\"elementor-widget-container\">\n\t\t\t\t\t<div id=\"bdt-avdg-f9cc3ce\" class=\"bdt-ep-advanced-image-gallery bdt-ep-advanced-image-gallery-skin-default jgallery\" data-jgallery-jfheight=\"260\" data-jgallery-itemgap=\"5\" data-bdt-lightbox=\"animation: slide;\" data-settings=\"{&quot;id&quot;:&quot;#bdt-avdg-f9cc3ce&quot;,&quot;tiltShow&quot;:true}\">\n\t\t\t\n\t\t\t\t<div class=\"bdt-ep-advanced-image-gallery-item bdt-transition-toggle\">\n\t\t\t\t\t<div class=\"bdt-ep-advanced-image-gallery-inner\" data-tilt=\"\">\n\t\t\t\t\t\t<div class=\"bdt-ep-advanced-image-gallery-thumbnail bdt-transition-toggle\"><img decoding=\"async\" width=\"1010\" height=\"400\" src=\"https:\/\/salihliosb.org.tr\/wp-content\/uploads\/2024\/10\/1-2.png\" class=\"jgalleryImage\" alt=\"1\" srcset=\"https:\/\/salihliosb.org.tr\/wp-content\/uploads\/2024\/10\/1-2.png 1010w, https:\/\/salihliosb.org.tr\/wp-content\/uploads\/2024\/10\/1-2-300x119.png 300w, https:\/\/salihliosb.org.tr\/wp-content\/uploads\/2024\/10\/1-2-768x304.png 768w, https:\/\/salihliosb.org.tr\/wp-content\/uploads\/2024\/10\/1-2-18x7.png 18w, https:\/\/salihliosb.org.tr\/wp-content\/uploads\/2024\/10\/1-2-960x380.png 960w\" sizes=\"(max-width: 1010px) 100vw, 1010px\" \/><\/div>\t\t<div class=\"bdt-position-cover bdt-overlay bdt-overlay-default bdt-transition-fade\">\n\t\t\t<div class=\"bdt-ep-advanced-image-gallery-content\">\n\t\t\t\t<div class=\"bdt-ep-advanced-image-gallery-content-inner\">\n\n\t\t\t\t\t\t\t\t\t\t\t\t\t\t\t\t<div class=\"bdt-flex-inline bdt-ep-advanced-image-gallery-item-link-wrapper\">\n\t\t\t\t\t\t\t<a class=\"bdt-ep-advanced-image-gallery-item-link elementor-clickable icon-type-icon\" data-elementor-open-lightbox=\"no\" data-caption=\"\" data-href=\"https:\/\/salihliosb.org.tr\/wp-content\/uploads\/2024\/10\/1-2.png\">\n\t\t\t\t\t\t\t\t\n\t\t\t\t\t\t\t\t\t\t\t\t\t\t\t\t\t\t\t<span>\n\t\t\t\t\t\t\t\t\t\t\t<i class=\"ep-icon-plus-2\"><\/i>\n\t\t\t\t\t\t\t\t\t\t<\/span>\n\t\t\t\t\t\t\t\t\t\n\t\t\t\t\t\t\t\t\t\t\t\t\t\t\t<\/a>\n\t\t\t\t\t\t<\/div>\n\t\t\t\t\t\n\t\t\t\t\t\t\t\t\t<\/div>\n\t\t\t<\/div>\n\t\t<\/div>\n\t\t\t\t\t<\/div>\n\t\t\t\t\t\t\t\t\t<\/div>\n\n\t\t\t\n\t\t\t\t<div class=\"bdt-ep-advanced-image-gallery-item bdt-transition-toggle\">\n\t\t\t\t\t<div class=\"bdt-ep-advanced-image-gallery-inner\" data-tilt=\"\">\n\t\t\t\t\t\t<div class=\"bdt-ep-advanced-image-gallery-thumbnail bdt-transition-toggle\"><img decoding=\"async\" width=\"1010\" height=\"400\" src=\"https:\/\/salihliosb.org.tr\/wp-content\/uploads\/2024\/10\/3-1.png\" class=\"jgalleryImage\" alt=\"3\" srcset=\"https:\/\/salihliosb.org.tr\/wp-content\/uploads\/2024\/10\/3-1.png 1010w, https:\/\/salihliosb.org.tr\/wp-content\/uploads\/2024\/10\/3-1-300x119.png 300w, https:\/\/salihliosb.org.tr\/wp-content\/uploads\/2024\/10\/3-1-768x304.png 768w, https:\/\/salihliosb.org.tr\/wp-content\/uploads\/2024\/10\/3-1-18x7.png 18w, https:\/\/salihliosb.org.tr\/wp-content\/uploads\/2024\/10\/3-1-960x380.png 960w\" sizes=\"(max-width: 1010px) 100vw, 1010px\" \/><\/div>\t\t<div class=\"bdt-position-cover bdt-overlay bdt-overlay-default bdt-transition-fade\">\n\t\t\t<div class=\"bdt-ep-advanced-image-gallery-content\">\n\t\t\t\t<div class=\"bdt-ep-advanced-image-gallery-content-inner\">\n\n\t\t\t\t\t\t\t\t\t\t\t\t\t\t\t\t<div class=\"bdt-flex-inline bdt-ep-advanced-image-gallery-item-link-wrapper\">\n\t\t\t\t\t\t\t<a class=\"bdt-ep-advanced-image-gallery-item-link elementor-clickable icon-type-icon\" data-elementor-open-lightbox=\"no\" data-caption=\"\" data-href=\"https:\/\/salihliosb.org.tr\/wp-content\/uploads\/2024\/10\/3-1.png\">\n\t\t\t\t\t\t\t\t\n\t\t\t\t\t\t\t\t\t\t\t\t\t\t\t\t\t\t\t<span>\n\t\t\t\t\t\t\t\t\t\t\t<i class=\"ep-icon-plus-2\"><\/i>\n\t\t\t\t\t\t\t\t\t\t<\/span>\n\t\t\t\t\t\t\t\t\t\n\t\t\t\t\t\t\t\t\t\t\t\t\t\t\t<\/a>\n\t\t\t\t\t\t<\/div>\n\t\t\t\t\t\n\t\t\t\t\t\t\t\t\t<\/div>\n\t\t\t<\/div>\n\t\t<\/div>\n\t\t\t\t\t<\/div>\n\t\t\t\t\t\t\t\t\t<\/div>\n\n\t\t\t\n\t\t\t\t<div class=\"bdt-ep-advanced-image-gallery-item bdt-transition-toggle\">\n\t\t\t\t\t<div class=\"bdt-ep-advanced-image-gallery-inner\" data-tilt=\"\">\n\t\t\t\t\t\t<div class=\"bdt-ep-advanced-image-gallery-thumbnail bdt-transition-toggle\"><img loading=\"lazy\" decoding=\"async\" width=\"1010\" height=\"400\" src=\"https:\/\/salihliosb.org.tr\/wp-content\/uploads\/2024\/10\/4-1.png\" class=\"jgalleryImage\" alt=\"4\" srcset=\"https:\/\/salihliosb.org.tr\/wp-content\/uploads\/2024\/10\/4-1.png 1010w, https:\/\/salihliosb.org.tr\/wp-content\/uploads\/2024\/10\/4-1-300x119.png 300w, https:\/\/salihliosb.org.tr\/wp-content\/uploads\/2024\/10\/4-1-768x304.png 768w, https:\/\/salihliosb.org.tr\/wp-content\/uploads\/2024\/10\/4-1-18x7.png 18w, https:\/\/salihliosb.org.tr\/wp-content\/uploads\/2024\/10\/4-1-960x380.png 960w\" sizes=\"(max-width: 1010px) 100vw, 1010px\" \/><\/div>\t\t<div class=\"bdt-position-cover bdt-overlay bdt-overlay-default bdt-transition-fade\">\n\t\t\t<div class=\"bdt-ep-advanced-image-gallery-content\">\n\t\t\t\t<div class=\"bdt-ep-advanced-image-gallery-content-inner\">\n\n\t\t\t\t\t\t\t\t\t\t\t\t\t\t\t\t<div class=\"bdt-flex-inline bdt-ep-advanced-image-gallery-item-link-wrapper\">\n\t\t\t\t\t\t\t<a class=\"bdt-ep-advanced-image-gallery-item-link elementor-clickable icon-type-icon\" data-elementor-open-lightbox=\"no\" data-caption=\"\" data-href=\"https:\/\/salihliosb.org.tr\/wp-content\/uploads\/2024\/10\/4-1.png\">\n\t\t\t\t\t\t\t\t\n\t\t\t\t\t\t\t\t\t\t\t\t\t\t\t\t\t\t\t<span>\n\t\t\t\t\t\t\t\t\t\t\t<i class=\"ep-icon-plus-2\"><\/i>\n\t\t\t\t\t\t\t\t\t\t<\/span>\n\t\t\t\t\t\t\t\t\t\n\t\t\t\t\t\t\t\t\t\t\t\t\t\t\t<\/a>\n\t\t\t\t\t\t<\/div>\n\t\t\t\t\t\n\t\t\t\t\t\t\t\t\t<\/div>\n\t\t\t<\/div>\n\t\t<\/div>\n\t\t\t\t\t<\/div>\n\t\t\t\t\t\t\t\t\t<\/div>\n\n\t\t\t\t\t<\/div>\n\t\t\t<\/div>\n\t\t\t\t<\/div>\n\t\t            <\/div>\r\n        <\/div>\r\n        \t\t\t<\/div>\n\t\t<\/section>\n\t\t\t\t<\/div>","protected":false},"excerpt":{"rendered":"<p>Salihli OSB Hotel Service In our hotel in Salihli Organized Industrial Zone, we serve our guests at a high level in terms of both comfort and service quality. Salihli OSB Restaurant Service As K\u00f6fteci Mehmet in Salihli Organized Industrial Zone, we serve our restaurant and cafe guests at a high level in terms of service quality.<\/p>","protected":false},"author":1,"featured_media":0,"parent":0,"menu_order":0,"comment_status":"closed","ping_status":"closed","template":"","meta":{"footnotes":""},"class_list":["post-10624","page","type-page","status-publish","hentry"],"yoast_head":"<!-- This site is optimized with the Yoast SEO Premium plugin v22.5 (Yoast SEO v24.2) - https:\/\/yoast.com\/wordpress\/plugins\/seo\/ -->\n<title>Otel \/ Restoran Hizmeti - Salihli Organize Sanayi B\u00f6lgesi M\u00fcd\u00fcrl\u00fc\u011f\u00fc<\/title>\n<meta name=\"description\" content=\"Salihli Organize Sanayi B\u00f6lgesi&#039;nde konforlu otel konaklama ve restoran hizmetleri sunuyoruz. \u0130\u015f seyahatlerinizde profesyonel yemek ve misafir a\u011f\u0131rlama \u00e7\u00f6z\u00fcmleriyle yan\u0131n\u0131zday\u0131z.\" \/>\n<meta name=\"robots\" content=\"index, follow, max-snippet:-1, max-image-preview:large, max-video-preview:-1\" \/>\n<link rel=\"canonical\" href=\"https:\/\/salihliosb.org.tr\/en\/otel-restoran-hizmeti\/\" \/>\n<meta property=\"og:locale\" content=\"en_US\" \/>\n<meta property=\"og:type\" content=\"article\" \/>\n<meta property=\"og:title\" content=\"Otel \/ Restoran Hizmeti\" \/>\n<meta property=\"og:description\" content=\"Salihli Organize Sanayi B\u00f6lgesi&#039;nde konforlu otel konaklama ve restoran hizmetleri sunuyoruz. \u0130\u015f seyahatlerinizde profesyonel yemek ve misafir a\u011f\u0131rlama \u00e7\u00f6z\u00fcmleriyle yan\u0131n\u0131zday\u0131z.\" \/>\n<meta property=\"og:url\" content=\"https:\/\/salihliosb.org.tr\/en\/otel-restoran-hizmeti\/\" \/>\n<meta property=\"og:site_name\" content=\"Salihli Organize Sanayi B\u00f6lgesi M\u00fcd\u00fcrl\u00fc\u011f\u00fc\" \/>\n<meta property=\"article:modified_time\" content=\"2024-10-17T09:07:58+00:00\" \/>\n<meta property=\"og:image\" content=\"https:\/\/salihliosb.org.tr\/wp-content\/uploads\/2024\/08\/murat-hoca-bobrek-tasi-2.png\" \/>\n<meta name=\"twitter:card\" content=\"summary_large_image\" \/>\n<meta name=\"twitter:label1\" content=\"Est. reading time\" \/>\n\t<meta name=\"twitter:data1\" content=\"1 minute\" \/>\n<script type=\"application\/ld+json\" class=\"yoast-schema-graph\">{\"@context\":\"https:\/\/schema.org\",\"@graph\":[{\"@type\":\"WebPage\",\"@id\":\"https:\/\/salihliosb.org.tr\/otel-restoran-hizmeti\/\",\"url\":\"https:\/\/salihliosb.org.tr\/otel-restoran-hizmeti\/\",\"name\":\"Otel \/ Restoran Hizmeti - Salihli Organize Sanayi B\u00f6lgesi M\u00fcd\u00fcrl\u00fc\u011f\u00fc\",\"isPartOf\":{\"@id\":\"https:\/\/salihliosb.org.tr\/#website\"},\"primaryImageOfPage\":{\"@id\":\"https:\/\/salihliosb.org.tr\/otel-restoran-hizmeti\/#primaryimage\"},\"image\":{\"@id\":\"https:\/\/salihliosb.org.tr\/otel-restoran-hizmeti\/#primaryimage\"},\"thumbnailUrl\":\"https:\/\/salihliosb.org.tr\/wp-content\/uploads\/2024\/08\/murat-hoca-bobrek-tasi-2.png\",\"datePublished\":\"2024-08-19T10:57:12+00:00\",\"dateModified\":\"2024-10-17T09:07:58+00:00\",\"description\":\"Salihli Organize Sanayi B\u00f6lgesi'nde konforlu otel konaklama ve restoran hizmetleri sunuyoruz. \u0130\u015f seyahatlerinizde profesyonel yemek ve misafir a\u011f\u0131rlama \u00e7\u00f6z\u00fcmleriyle yan\u0131n\u0131zday\u0131z.\",\"breadcrumb\":{\"@id\":\"https:\/\/salihliosb.org.tr\/otel-restoran-hizmeti\/#breadcrumb\"},\"inLanguage\":\"en-US\",\"potentialAction\":[{\"@type\":\"ReadAction\",\"target\":[\"https:\/\/salihliosb.org.tr\/otel-restoran-hizmeti\/\"]}]},{\"@type\":\"ImageObject\",\"inLanguage\":\"en-US\",\"@id\":\"https:\/\/salihliosb.org.tr\/otel-restoran-hizmeti\/#primaryimage\",\"url\":\"https:\/\/salihliosb.org.tr\/wp-content\/uploads\/2024\/08\/murat-hoca-bobrek-tasi-2.png\",\"contentUrl\":\"https:\/\/salihliosb.org.tr\/wp-content\/uploads\/2024\/08\/murat-hoca-bobrek-tasi-2.png\"},{\"@type\":\"BreadcrumbList\",\"@id\":\"https:\/\/salihliosb.org.tr\/otel-restoran-hizmeti\/#breadcrumb\",\"itemListElement\":[{\"@type\":\"ListItem\",\"position\":1,\"name\":\"Anasayfa\",\"item\":\"https:\/\/salihliosb.org.tr\/\"},{\"@type\":\"ListItem\",\"position\":2,\"name\":\"Otel \/ Restoran Hizmeti\"}]},{\"@type\":\"WebSite\",\"@id\":\"https:\/\/salihliosb.org.tr\/#website\",\"url\":\"https:\/\/salihliosb.org.tr\/\",\"name\":\"Salihli Organize Sanayi B\u00f6lgesi M\u00fcd\u00fcrl\u00fc\u011f\u00fc\",\"description\":\"Sanayiye ve B\u00f6lgeye De\u011fer Kat\u0131yoruz, Gelece\u011fi \u0130n\u015fa Ediyoruz!\",\"publisher\":{\"@id\":\"https:\/\/salihliosb.org.tr\/#organization\"},\"potentialAction\":[{\"@type\":\"SearchAction\",\"target\":{\"@type\":\"EntryPoint\",\"urlTemplate\":\"https:\/\/salihliosb.org.tr\/?s={search_term_string}\"},\"query-input\":{\"@type\":\"PropertyValueSpecification\",\"valueRequired\":true,\"valueName\":\"search_term_string\"}}],\"inLanguage\":\"en-US\"},{\"@type\":\"Organization\",\"@id\":\"https:\/\/salihliosb.org.tr\/#organization\",\"name\":\"Salihli Organize Sanayi B\u00f6lgesi M\u00fcd\u00fcrl\u00fc\u011f\u00fc\",\"url\":\"https:\/\/salihliosb.org.tr\/\",\"logo\":{\"@type\":\"ImageObject\",\"inLanguage\":\"en-US\",\"@id\":\"https:\/\/salihliosb.org.tr\/#\/schema\/logo\/image\/\",\"url\":\"https:\/\/salihliosb.org.tr\/wp-content\/uploads\/2024\/09\/cropped-logo-400.png\",\"contentUrl\":\"https:\/\/salihliosb.org.tr\/wp-content\/uploads\/2024\/09\/cropped-logo-400.png\",\"width\":512,\"height\":512,\"caption\":\"Salihli Organize Sanayi B\u00f6lgesi M\u00fcd\u00fcrl\u00fc\u011f\u00fc\"},\"image\":{\"@id\":\"https:\/\/salihliosb.org.tr\/#\/schema\/logo\/image\/\"}}]}<\/script>\n<!-- \/ Yoast SEO Premium plugin. -->","yoast_head_json":{"title":"Otel \/ Restoran Hizmeti - Salihli Organize Sanayi B\u00f6lgesi M\u00fcd\u00fcrl\u00fc\u011f\u00fc","description":"Salihli Organize Sanayi B\u00f6lgesi'nde konforlu otel konaklama ve restoran hizmetleri sunuyoruz. \u0130\u015f seyahatlerinizde profesyonel yemek ve misafir a\u011f\u0131rlama \u00e7\u00f6z\u00fcmleriyle yan\u0131n\u0131zday\u0131z.","robots":{"index":"index","follow":"follow","max-snippet":"max-snippet:-1","max-image-preview":"max-image-preview:large","max-video-preview":"max-video-preview:-1"},"canonical":"https:\/\/salihliosb.org.tr\/en\/otel-restoran-hizmeti\/","og_locale":"en_US","og_type":"article","og_title":"Otel \/ Restoran Hizmeti","og_description":"Salihli Organize Sanayi B\u00f6lgesi'nde konforlu otel konaklama ve restoran hizmetleri sunuyoruz. \u0130\u015f seyahatlerinizde profesyonel yemek ve misafir a\u011f\u0131rlama \u00e7\u00f6z\u00fcmleriyle yan\u0131n\u0131zday\u0131z.","og_url":"https:\/\/salihliosb.org.tr\/en\/otel-restoran-hizmeti\/","og_site_name":"Salihli Organize Sanayi B\u00f6lgesi M\u00fcd\u00fcrl\u00fc\u011f\u00fc","article_modified_time":"2024-10-17T09:07:58+00:00","og_image":[{"url":"https:\/\/salihliosb.org.tr\/wp-content\/uploads\/2024\/08\/murat-hoca-bobrek-tasi-2.png","type":"","width":"","height":""}],"twitter_card":"summary_large_image","twitter_misc":{"Est. reading time":"1 minute"},"schema":{"@context":"https:\/\/schema.org","@graph":[{"@type":"WebPage","@id":"https:\/\/salihliosb.org.tr\/otel-restoran-hizmeti\/","url":"https:\/\/salihliosb.org.tr\/otel-restoran-hizmeti\/","name":"Otel \/ Restoran Hizmeti - Salihli Organize Sanayi B\u00f6lgesi M\u00fcd\u00fcrl\u00fc\u011f\u00fc","isPartOf":{"@id":"https:\/\/salihliosb.org.tr\/#website"},"primaryImageOfPage":{"@id":"https:\/\/salihliosb.org.tr\/otel-restoran-hizmeti\/#primaryimage"},"image":{"@id":"https:\/\/salihliosb.org.tr\/otel-restoran-hizmeti\/#primaryimage"},"thumbnailUrl":"https:\/\/salihliosb.org.tr\/wp-content\/uploads\/2024\/08\/murat-hoca-bobrek-tasi-2.png","datePublished":"2024-08-19T10:57:12+00:00","dateModified":"2024-10-17T09:07:58+00:00","description":"Salihli Organize Sanayi B\u00f6lgesi'nde konforlu otel konaklama ve restoran hizmetleri sunuyoruz. \u0130\u015f seyahatlerinizde profesyonel yemek ve misafir a\u011f\u0131rlama \u00e7\u00f6z\u00fcmleriyle yan\u0131n\u0131zday\u0131z.","breadcrumb":{"@id":"https:\/\/salihliosb.org.tr\/otel-restoran-hizmeti\/#breadcrumb"},"inLanguage":"en-US","potentialAction":[{"@type":"ReadAction","target":["https:\/\/salihliosb.org.tr\/otel-restoran-hizmeti\/"]}]},{"@type":"ImageObject","inLanguage":"en-US","@id":"https:\/\/salihliosb.org.tr\/otel-restoran-hizmeti\/#primaryimage","url":"https:\/\/salihliosb.org.tr\/wp-content\/uploads\/2024\/08\/murat-hoca-bobrek-tasi-2.png","contentUrl":"https:\/\/salihliosb.org.tr\/wp-content\/uploads\/2024\/08\/murat-hoca-bobrek-tasi-2.png"},{"@type":"BreadcrumbList","@id":"https:\/\/salihliosb.org.tr\/otel-restoran-hizmeti\/#breadcrumb","itemListElement":[{"@type":"ListItem","position":1,"name":"Anasayfa","item":"https:\/\/salihliosb.org.tr\/"},{"@type":"ListItem","position":2,"name":"Otel \/ Restoran Hizmeti"}]},{"@type":"WebSite","@id":"https:\/\/salihliosb.org.tr\/#website","url":"https:\/\/salihliosb.org.tr\/","name":"Salihli Organize Sanayi B\u00f6lgesi M\u00fcd\u00fcrl\u00fc\u011f\u00fc","description":"Sanayiye ve B\u00f6lgeye De\u011fer Kat\u0131yoruz, Gelece\u011fi \u0130n\u015fa Ediyoruz!","publisher":{"@id":"https:\/\/salihliosb.org.tr\/#organization"},"potentialAction":[{"@type":"SearchAction","target":{"@type":"EntryPoint","urlTemplate":"https:\/\/salihliosb.org.tr\/?s={search_term_string}"},"query-input":{"@type":"PropertyValueSpecification","valueRequired":true,"valueName":"search_term_string"}}],"inLanguage":"en-US"},{"@type":"Organization","@id":"https:\/\/salihliosb.org.tr\/#organization","name":"Salihli Organize Sanayi B\u00f6lgesi M\u00fcd\u00fcrl\u00fc\u011f\u00fc","url":"https:\/\/salihliosb.org.tr\/","logo":{"@type":"ImageObject","inLanguage":"en-US","@id":"https:\/\/salihliosb.org.tr\/#\/schema\/logo\/image\/","url":"https:\/\/salihliosb.org.tr\/wp-content\/uploads\/2024\/09\/cropped-logo-400.png","contentUrl":"https:\/\/salihliosb.org.tr\/wp-content\/uploads\/2024\/09\/cropped-logo-400.png","width":512,"height":512,"caption":"Salihli Organize Sanayi B\u00f6lgesi M\u00fcd\u00fcrl\u00fc\u011f\u00fc"},"image":{"@id":"https:\/\/salihliosb.org.tr\/#\/schema\/logo\/image\/"}}]}},"_links":{"self":[{"href":"https:\/\/salihliosb.org.tr\/en\/wp-json\/wp\/v2\/pages\/10624","targetHints":{"allow":["GET"]}}],"collection":[{"href":"https:\/\/salihliosb.org.tr\/en\/wp-json\/wp\/v2\/pages"}],"about":[{"href":"https:\/\/salihliosb.org.tr\/en\/wp-json\/wp\/v2\/types\/page"}],"author":[{"embeddable":true,"href":"https:\/\/salihliosb.org.tr\/en\/wp-json\/wp\/v2\/users\/1"}],"replies":[{"embeddable":true,"href":"https:\/\/salihliosb.org.tr\/en\/wp-json\/wp\/v2\/comments?post=10624"}],"version-history":[{"count":6,"href":"https:\/\/salihliosb.org.tr\/en\/wp-json\/wp\/v2\/pages\/10624\/revisions"}],"predecessor-version":[{"id":11501,"href":"https:\/\/salihliosb.org.tr\/en\/wp-json\/wp\/v2\/pages\/10624\/revisions\/11501"}],"wp:attachment":[{"href":"https:\/\/salihliosb.org.tr\/en\/wp-json\/wp\/v2\/media?parent=10624"}],"curies":[{"name":"wp","href":"https:\/\/api.w.org\/{rel}","templated":true}]}}