{"id":10638,"date":"2024-08-19T14:03:32","date_gmt":"2024-08-19T11:03:32","guid":{"rendered":"https:\/\/salihliosb.org.tr\/?page_id=10638"},"modified":"2025-06-13T15:11:02","modified_gmt":"2025-06-13T12:11:02","slug":"atiksu-aritma","status":"publish","type":"page","link":"https:\/\/salihliosb.org.tr\/en\/atiksu-aritma\/","title":{"rendered":"Wastewater Treatment"},"content":{"rendered":"<div data-elementor-type=\"wp-page\" data-elementor-id=\"10638\" class=\"elementor elementor-10638\" data-elementor-post-type=\"page\">\n\t\t\t\t        <section class=\"elementor-section elementor-top-section elementor-element elementor-element-aefa067 elementor-section-boxed elementor-section-height-default elementor-section-height-default pxl-type-header-none pxl-row-scroll-none pxl-bg-color-none pxl-section-overlay-none\" data-id=\"aefa067\" data-element_type=\"section\">\n\n                \n                <div class=\"elementor-container elementor-column-gap-default\">\n                <div class=\"elementor-column elementor-col-100 elementor-top-column elementor-element elementor-element-3f00741 pxl-col-none pxl-column-none\" data-id=\"3f00741\" data-element_type=\"column\">\r\n        <div class=\"elementor-widget-wrap elementor-element-populated\">\r\n                     \r\n        \t\t<div class=\"elementor-element elementor-element-f09e95b elementor-widget elementor-widget-image\" data-id=\"f09e95b\" data-element_type=\"widget\" data-widget_type=\"image.default\">\n\t\t\t\t<div class=\"elementor-widget-container\">\n\t\t\t<style>\/*! elementor - v3.22.0 - 26-06-2024 *\/\n.elementor-widget-image{text-align:center}.elementor-widget-image a{display:inline-block}.elementor-widget-image a img[src$=\".svg\"]{width:48px}.elementor-widget-image img{vertical-align:middle;display:inline-block}<\/style>\t\t\t\t\t\t\t\t\t\t<img fetchpriority=\"high\" decoding=\"async\" width=\"1010\" height=\"400\" src=\"https:\/\/salihliosb.org.tr\/wp-content\/uploads\/2025\/06\/2-3.jpg\" class=\"attachment-full size-full wp-image-12123\" alt=\"\" srcset=\"https:\/\/salihliosb.org.tr\/wp-content\/uploads\/2025\/06\/2-3.jpg 1010w, https:\/\/salihliosb.org.tr\/wp-content\/uploads\/2025\/06\/2-3-300x119.jpg 300w, https:\/\/salihliosb.org.tr\/wp-content\/uploads\/2025\/06\/2-3-768x304.jpg 768w, https:\/\/salihliosb.org.tr\/wp-content\/uploads\/2025\/06\/2-3-18x7.jpg 18w, https:\/\/salihliosb.org.tr\/wp-content\/uploads\/2025\/06\/2-3-960x380.jpg 960w\" sizes=\"(max-width: 1010px) 100vw, 1010px\" \/>\t\t\t\t\t\t\t\t\t\t\t\t\t<\/div>\n\t\t\t\t<\/div>\n\t\t\t\t<div class=\"elementor-element elementor-element-d87d1ee elementor-widget elementor-widget-bdt-advanced-heading\" data-id=\"d87d1ee\" data-element_type=\"widget\" data-widget_type=\"bdt-advanced-heading.default\">\n\t\t\t\t<div class=\"elementor-widget-container\">\n\t\t\t<div id=\"d87d1ee\" class=\"bdt-ep-advanced-heading\" data-settings=\"{&quot;titleMultiColor&quot;:&quot;no&quot;}\"><div class=\"bdt-ep-advanced-heading-content bdt-visible@m\"><div class=\"bdt-transform-origin-top-left\">Salihli OIZ<\/div><\/div><h3 class=\"bdt-ep-advanced-heading-title\"><span class=\"bdt-ep-advanced-heading-main-title\"><span class=\"bdt-ep-advanced-heading-main-title-inner\">Waste Water Treatment Plant\n<\/span><\/span><\/h3><\/div>\t\t<\/div>\n\t\t\t\t<\/div>\n\t\t\t\t<div class=\"elementor-element elementor-element-51cf1a7 elementor-widget__width-initial elementor-widget elementor-widget-text-editor\" data-id=\"51cf1a7\" data-element_type=\"widget\" data-widget_type=\"text-editor.default\">\n\t\t\t\t<div class=\"elementor-widget-container\">\n\t\t\t<style>\/*! elementor - v3.22.0 - 26-06-2024 *\/\n.elementor-widget-text-editor.elementor-drop-cap-view-stacked .elementor-drop-cap{background-color:#69727d;color:#fff}.elementor-widget-text-editor.elementor-drop-cap-view-framed .elementor-drop-cap{color:#69727d;border:3px solid;background-color:transparent}.elementor-widget-text-editor:not(.elementor-drop-cap-view-default) .elementor-drop-cap{margin-top:8px}.elementor-widget-text-editor:not(.elementor-drop-cap-view-default) .elementor-drop-cap-letter{width:1em;height:1em}.elementor-widget-text-editor .elementor-drop-cap{float:left;text-align:center;line-height:1;font-size:50px}.elementor-widget-text-editor .elementor-drop-cap-letter{display:inline-block}<\/style>\t\t\t\t<p>In order to support environmental sustainability in the Salihli Organized Industrial Zone and to ensure the effective management of wastes arising from industrial activities, a project to increase the capacity of the wastewater treatment plant was implemented with an investment of EUR 8 million.<br \/>This project aims to expand the wastewater treatment capacity and minimize environmental impact in parallel with the rapidly growing industrial volume of the region. With the capacity increase, our wastewater treatment plant now treats a much larger amount of wastewater on a daily basis, taking an important step towards protecting our water resources and minimizing environmental damage.<br \/>The new plant is equipped with advanced technologies and has special designs to ensure energy efficiency and low carbon footprint during wastewater treatment. Thus, industrial activities in the region will be able to continue uninterruptedly and work will be carried out in line with the principles of environmental sustainability.<br \/>With this investment, the plant, which currently has a daily wastewater treatment capacity of 8,000 m\u00b3, will double its capacity to 16,000 m\u00b3\/day upon completion of the project. <br \/>Salihli Organized Industrial Zone is intended to stand out not only as a production center, but also as an environmentally friendly and sustainable industrial zone. In this way, industrialists in the region are provided with a high-capacity infrastructure and environmental awareness is increased.<\/p>\t\t\t\t\t\t<\/div>\n\t\t\t\t<\/div>\n\t\t            <\/div>\r\n        <\/div>\r\n        \t\t\t<\/div>\n\t\t<\/section>\n\t\t\t\t<\/div>","protected":false},"excerpt":{"rendered":"<p>Salihli OIZ Wastewater Treatment Plant In order to support environmental sustainability in the Salihli Organized Industrial Zone and to ensure effective management of wastes arising from industrial activities, a project to increase the capacity of the wastewater treatment plant was implemented with an investment of 8 million Euros. This project aims to expand the wastewater treatment capacity and minimize the environmental impact in parallel with the rapidly growing industrial volume of the [...]<\/p>","protected":false},"author":1,"featured_media":0,"parent":0,"menu_order":0,"comment_status":"closed","ping_status":"closed","template":"","meta":{"footnotes":""},"class_list":["post-10638","page","type-page","status-publish","hentry"],"yoast_head":"<!-- This site is optimized with the Yoast SEO Premium plugin v22.5 (Yoast SEO v24.2) - https:\/\/yoast.com\/wordpress\/plugins\/seo\/ -->\n<title>At\u0131ksu Ar\u0131tma - Salihli Organize Sanayi B\u00f6lgesi M\u00fcd\u00fcrl\u00fc\u011f\u00fc<\/title>\n<meta name=\"description\" content=\"Salihli OSB At\u0131ksu Ar\u0131tma Hizmeti, \u00e7evre dostu ve s\u00fcrd\u00fcr\u00fclebilir su ar\u0131tma \u00e7\u00f6z\u00fcmleri sunarak end\u00fcstriyel tesislerin su tasarrufunu ve \u00e7evresel etkilerini y\u00f6netmesine yard\u0131mc\u0131 olur. Geri kazan\u0131m ve verimlilik i\u00e7in ideal ar\u0131tma sistemleri hakk\u0131nda bilgi al\u0131n.\" \/>\n<meta name=\"robots\" content=\"index, follow, max-snippet:-1, max-image-preview:large, max-video-preview:-1\" \/>\n<link rel=\"canonical\" href=\"https:\/\/salihliosb.org.tr\/en\/atiksu-aritma\/\" \/>\n<meta property=\"og:locale\" content=\"en_US\" \/>\n<meta property=\"og:type\" content=\"article\" \/>\n<meta property=\"og:title\" content=\"At\u0131ksu Ar\u0131tma\" \/>\n<meta property=\"og:description\" content=\"Salihli OSB At\u0131ksu Ar\u0131tma Hizmeti, \u00e7evre dostu ve s\u00fcrd\u00fcr\u00fclebilir su ar\u0131tma \u00e7\u00f6z\u00fcmleri sunarak end\u00fcstriyel tesislerin su tasarrufunu ve \u00e7evresel etkilerini y\u00f6netmesine yard\u0131mc\u0131 olur. Geri kazan\u0131m ve verimlilik i\u00e7in ideal ar\u0131tma sistemleri hakk\u0131nda bilgi al\u0131n.\" \/>\n<meta property=\"og:url\" content=\"https:\/\/salihliosb.org.tr\/en\/atiksu-aritma\/\" \/>\n<meta property=\"og:site_name\" content=\"Salihli Organize Sanayi B\u00f6lgesi M\u00fcd\u00fcrl\u00fc\u011f\u00fc\" \/>\n<meta property=\"article:modified_time\" content=\"2025-06-13T12:11:02+00:00\" \/>\n<meta property=\"og:image\" content=\"https:\/\/salihliosb.org.tr\/wp-content\/uploads\/2025\/06\/2-3.jpg\" \/>\n\t<meta property=\"og:image:width\" content=\"1010\" \/>\n\t<meta property=\"og:image:height\" content=\"400\" \/>\n\t<meta property=\"og:image:type\" content=\"image\/jpeg\" \/>\n<meta name=\"twitter:card\" content=\"summary_large_image\" \/>\n<meta name=\"twitter:label1\" content=\"Est. reading time\" \/>\n\t<meta name=\"twitter:data1\" content=\"2 minutes\" \/>\n<script type=\"application\/ld+json\" class=\"yoast-schema-graph\">{\"@context\":\"https:\/\/schema.org\",\"@graph\":[{\"@type\":\"WebPage\",\"@id\":\"https:\/\/salihliosb.org.tr\/atiksu-aritma\/\",\"url\":\"https:\/\/salihliosb.org.tr\/atiksu-aritma\/\",\"name\":\"At\u0131ksu Ar\u0131tma - Salihli Organize Sanayi B\u00f6lgesi M\u00fcd\u00fcrl\u00fc\u011f\u00fc\",\"isPartOf\":{\"@id\":\"https:\/\/salihliosb.org.tr\/#website\"},\"primaryImageOfPage\":{\"@id\":\"https:\/\/salihliosb.org.tr\/atiksu-aritma\/#primaryimage\"},\"image\":{\"@id\":\"https:\/\/salihliosb.org.tr\/atiksu-aritma\/#primaryimage\"},\"thumbnailUrl\":\"https:\/\/salihliosb.org.tr\/wp-content\/uploads\/2025\/06\/2-3.jpg\",\"datePublished\":\"2024-08-19T11:03:32+00:00\",\"dateModified\":\"2025-06-13T12:11:02+00:00\",\"description\":\"Salihli OSB At\u0131ksu Ar\u0131tma Hizmeti, \u00e7evre dostu ve s\u00fcrd\u00fcr\u00fclebilir su ar\u0131tma \u00e7\u00f6z\u00fcmleri sunarak end\u00fcstriyel tesislerin su tasarrufunu ve \u00e7evresel etkilerini y\u00f6netmesine yard\u0131mc\u0131 olur. Geri kazan\u0131m ve verimlilik i\u00e7in ideal ar\u0131tma sistemleri hakk\u0131nda bilgi al\u0131n.\",\"breadcrumb\":{\"@id\":\"https:\/\/salihliosb.org.tr\/atiksu-aritma\/#breadcrumb\"},\"inLanguage\":\"en-US\",\"potentialAction\":[{\"@type\":\"ReadAction\",\"target\":[\"https:\/\/salihliosb.org.tr\/atiksu-aritma\/\"]}]},{\"@type\":\"ImageObject\",\"inLanguage\":\"en-US\",\"@id\":\"https:\/\/salihliosb.org.tr\/atiksu-aritma\/#primaryimage\",\"url\":\"https:\/\/salihliosb.org.tr\/wp-content\/uploads\/2025\/06\/2-3.jpg\",\"contentUrl\":\"https:\/\/salihliosb.org.tr\/wp-content\/uploads\/2025\/06\/2-3.jpg\"},{\"@type\":\"BreadcrumbList\",\"@id\":\"https:\/\/salihliosb.org.tr\/atiksu-aritma\/#breadcrumb\",\"itemListElement\":[{\"@type\":\"ListItem\",\"position\":1,\"name\":\"Anasayfa\",\"item\":\"https:\/\/salihliosb.org.tr\/\"},{\"@type\":\"ListItem\",\"position\":2,\"name\":\"At\u0131ksu Ar\u0131tma\"}]},{\"@type\":\"WebSite\",\"@id\":\"https:\/\/salihliosb.org.tr\/#website\",\"url\":\"https:\/\/salihliosb.org.tr\/\",\"name\":\"Salihli Organize Sanayi B\u00f6lgesi M\u00fcd\u00fcrl\u00fc\u011f\u00fc\",\"description\":\"Sanayiye ve B\u00f6lgeye De\u011fer Kat\u0131yoruz, Gelece\u011fi \u0130n\u015fa Ediyoruz!\",\"publisher\":{\"@id\":\"https:\/\/salihliosb.org.tr\/#organization\"},\"potentialAction\":[{\"@type\":\"SearchAction\",\"target\":{\"@type\":\"EntryPoint\",\"urlTemplate\":\"https:\/\/salihliosb.org.tr\/?s={search_term_string}\"},\"query-input\":{\"@type\":\"PropertyValueSpecification\",\"valueRequired\":true,\"valueName\":\"search_term_string\"}}],\"inLanguage\":\"en-US\"},{\"@type\":\"Organization\",\"@id\":\"https:\/\/salihliosb.org.tr\/#organization\",\"name\":\"Salihli Organize Sanayi B\u00f6lgesi M\u00fcd\u00fcrl\u00fc\u011f\u00fc\",\"url\":\"https:\/\/salihliosb.org.tr\/\",\"logo\":{\"@type\":\"ImageObject\",\"inLanguage\":\"en-US\",\"@id\":\"https:\/\/salihliosb.org.tr\/#\/schema\/logo\/image\/\",\"url\":\"https:\/\/salihliosb.org.tr\/wp-content\/uploads\/2024\/09\/cropped-logo-400.png\",\"contentUrl\":\"https:\/\/salihliosb.org.tr\/wp-content\/uploads\/2024\/09\/cropped-logo-400.png\",\"width\":512,\"height\":512,\"caption\":\"Salihli Organize Sanayi B\u00f6lgesi M\u00fcd\u00fcrl\u00fc\u011f\u00fc\"},\"image\":{\"@id\":\"https:\/\/salihliosb.org.tr\/#\/schema\/logo\/image\/\"}}]}<\/script>\n<!-- \/ Yoast SEO Premium plugin. -->","yoast_head_json":{"title":"At\u0131ksu Ar\u0131tma - Salihli Organize Sanayi B\u00f6lgesi M\u00fcd\u00fcrl\u00fc\u011f\u00fc","description":"Salihli OSB At\u0131ksu Ar\u0131tma Hizmeti, \u00e7evre dostu ve s\u00fcrd\u00fcr\u00fclebilir su ar\u0131tma \u00e7\u00f6z\u00fcmleri sunarak end\u00fcstriyel tesislerin su tasarrufunu ve \u00e7evresel etkilerini y\u00f6netmesine yard\u0131mc\u0131 olur. Geri kazan\u0131m ve verimlilik i\u00e7in ideal ar\u0131tma sistemleri hakk\u0131nda bilgi al\u0131n.","robots":{"index":"index","follow":"follow","max-snippet":"max-snippet:-1","max-image-preview":"max-image-preview:large","max-video-preview":"max-video-preview:-1"},"canonical":"https:\/\/salihliosb.org.tr\/en\/atiksu-aritma\/","og_locale":"en_US","og_type":"article","og_title":"At\u0131ksu Ar\u0131tma","og_description":"Salihli OSB At\u0131ksu Ar\u0131tma Hizmeti, \u00e7evre dostu ve s\u00fcrd\u00fcr\u00fclebilir su ar\u0131tma \u00e7\u00f6z\u00fcmleri sunarak end\u00fcstriyel tesislerin su tasarrufunu ve \u00e7evresel etkilerini y\u00f6netmesine yard\u0131mc\u0131 olur. Geri kazan\u0131m ve verimlilik i\u00e7in ideal ar\u0131tma sistemleri hakk\u0131nda bilgi al\u0131n.","og_url":"https:\/\/salihliosb.org.tr\/en\/atiksu-aritma\/","og_site_name":"Salihli Organize Sanayi B\u00f6lgesi M\u00fcd\u00fcrl\u00fc\u011f\u00fc","article_modified_time":"2025-06-13T12:11:02+00:00","og_image":[{"width":1010,"height":400,"url":"https:\/\/salihliosb.org.tr\/wp-content\/uploads\/2025\/06\/2-3.jpg","type":"image\/jpeg"}],"twitter_card":"summary_large_image","twitter_misc":{"Est. reading time":"2 minutes"},"schema":{"@context":"https:\/\/schema.org","@graph":[{"@type":"WebPage","@id":"https:\/\/salihliosb.org.tr\/atiksu-aritma\/","url":"https:\/\/salihliosb.org.tr\/atiksu-aritma\/","name":"At\u0131ksu Ar\u0131tma - Salihli Organize Sanayi B\u00f6lgesi M\u00fcd\u00fcrl\u00fc\u011f\u00fc","isPartOf":{"@id":"https:\/\/salihliosb.org.tr\/#website"},"primaryImageOfPage":{"@id":"https:\/\/salihliosb.org.tr\/atiksu-aritma\/#primaryimage"},"image":{"@id":"https:\/\/salihliosb.org.tr\/atiksu-aritma\/#primaryimage"},"thumbnailUrl":"https:\/\/salihliosb.org.tr\/wp-content\/uploads\/2025\/06\/2-3.jpg","datePublished":"2024-08-19T11:03:32+00:00","dateModified":"2025-06-13T12:11:02+00:00","description":"Salihli OSB At\u0131ksu Ar\u0131tma Hizmeti, \u00e7evre dostu ve s\u00fcrd\u00fcr\u00fclebilir su ar\u0131tma \u00e7\u00f6z\u00fcmleri sunarak end\u00fcstriyel tesislerin su tasarrufunu ve \u00e7evresel etkilerini y\u00f6netmesine yard\u0131mc\u0131 olur. Geri kazan\u0131m ve verimlilik i\u00e7in ideal ar\u0131tma sistemleri hakk\u0131nda bilgi al\u0131n.","breadcrumb":{"@id":"https:\/\/salihliosb.org.tr\/atiksu-aritma\/#breadcrumb"},"inLanguage":"en-US","potentialAction":[{"@type":"ReadAction","target":["https:\/\/salihliosb.org.tr\/atiksu-aritma\/"]}]},{"@type":"ImageObject","inLanguage":"en-US","@id":"https:\/\/salihliosb.org.tr\/atiksu-aritma\/#primaryimage","url":"https:\/\/salihliosb.org.tr\/wp-content\/uploads\/2025\/06\/2-3.jpg","contentUrl":"https:\/\/salihliosb.org.tr\/wp-content\/uploads\/2025\/06\/2-3.jpg"},{"@type":"BreadcrumbList","@id":"https:\/\/salihliosb.org.tr\/atiksu-aritma\/#breadcrumb","itemListElement":[{"@type":"ListItem","position":1,"name":"Anasayfa","item":"https:\/\/salihliosb.org.tr\/"},{"@type":"ListItem","position":2,"name":"At\u0131ksu Ar\u0131tma"}]},{"@type":"WebSite","@id":"https:\/\/salihliosb.org.tr\/#website","url":"https:\/\/salihliosb.org.tr\/","name":"Salihli Organize Sanayi B\u00f6lgesi M\u00fcd\u00fcrl\u00fc\u011f\u00fc","description":"Sanayiye ve B\u00f6lgeye De\u011fer Kat\u0131yoruz, Gelece\u011fi \u0130n\u015fa Ediyoruz!","publisher":{"@id":"https:\/\/salihliosb.org.tr\/#organization"},"potentialAction":[{"@type":"SearchAction","target":{"@type":"EntryPoint","urlTemplate":"https:\/\/salihliosb.org.tr\/?s={search_term_string}"},"query-input":{"@type":"PropertyValueSpecification","valueRequired":true,"valueName":"search_term_string"}}],"inLanguage":"en-US"},{"@type":"Organization","@id":"https:\/\/salihliosb.org.tr\/#organization","name":"Salihli Organize Sanayi B\u00f6lgesi M\u00fcd\u00fcrl\u00fc\u011f\u00fc","url":"https:\/\/salihliosb.org.tr\/","logo":{"@type":"ImageObject","inLanguage":"en-US","@id":"https:\/\/salihliosb.org.tr\/#\/schema\/logo\/image\/","url":"https:\/\/salihliosb.org.tr\/wp-content\/uploads\/2024\/09\/cropped-logo-400.png","contentUrl":"https:\/\/salihliosb.org.tr\/wp-content\/uploads\/2024\/09\/cropped-logo-400.png","width":512,"height":512,"caption":"Salihli Organize Sanayi B\u00f6lgesi M\u00fcd\u00fcrl\u00fc\u011f\u00fc"},"image":{"@id":"https:\/\/salihliosb.org.tr\/#\/schema\/logo\/image\/"}}]}},"_links":{"self":[{"href":"https:\/\/salihliosb.org.tr\/en\/wp-json\/wp\/v2\/pages\/10638","targetHints":{"allow":["GET"]}}],"collection":[{"href":"https:\/\/salihliosb.org.tr\/en\/wp-json\/wp\/v2\/pages"}],"about":[{"href":"https:\/\/salihliosb.org.tr\/en\/wp-json\/wp\/v2\/types\/page"}],"author":[{"embeddable":true,"href":"https:\/\/salihliosb.org.tr\/en\/wp-json\/wp\/v2\/users\/1"}],"replies":[{"embeddable":true,"href":"https:\/\/salihliosb.org.tr\/en\/wp-json\/wp\/v2\/comments?post=10638"}],"version-history":[{"count":4,"href":"https:\/\/salihliosb.org.tr\/en\/wp-json\/wp\/v2\/pages\/10638\/revisions"}],"predecessor-version":[{"id":12129,"href":"https:\/\/salihliosb.org.tr\/en\/wp-json\/wp\/v2\/pages\/10638\/revisions\/12129"}],"wp:attachment":[{"href":"https:\/\/salihliosb.org.tr\/en\/wp-json\/wp\/v2\/media?parent=10638"}],"curies":[{"name":"wp","href":"https:\/\/api.w.org\/{rel}","templated":true}]}}