{"id":10772,"date":"2024-08-26T11:34:24","date_gmt":"2024-08-26T08:34:24","guid":{"rendered":"https:\/\/salihliosb.org.tr\/?page_id=10772"},"modified":"2025-12-15T14:19:10","modified_gmt":"2025-12-15T11:19:10","slug":"belgeler","status":"publish","type":"page","link":"https:\/\/salihliosb.org.tr\/en\/belgeler\/","title":{"rendered":"Documents"},"content":{"rendered":"<h2>Zoning Affairs\/License Unit<\/h2>\n<ul>\n<li><a href=\"https:\/\/salihliosb.org.tr\/wp-content\/uploads\/2024\/09\/BASVURU-FORMU.doc\" target=\"_blank\" rel=\"noopener\">Application Form<\/a><\/li>\n<li><a href=\"https:\/\/salihliosb.org.tr\/wp-content\/uploads\/2024\/09\/ISTINAT-DUVARI-TAAHUTNAME.docx\" target=\"_blank\" rel=\"noopener\">Retaining Wall Letter of Commitment<\/a><\/li>\n<li><a href=\"https:\/\/salihliosb.org.tr\/wp-content\/uploads\/2024\/09\/MUTEAHHIT-VE-KATILIMCI-TAAHHUTNAMESI.docx\" target=\"_blank\" rel=\"noopener\">Commitment Letter of Allegiance and Participant<\/a><\/li>\n<li><a href=\"https:\/\/salihliosb.org.tr\/wp-content\/uploads\/2024\/09\/RUHSAT-ICIN-GEREKLI-BELGELER-2.xls\" target=\"_blank\" rel=\"noopener\">Documents Required for License<\/a><\/li>\n<li><a href=\"https:\/\/salihliosb.org.tr\/wp-content\/uploads\/2024\/09\/SINIF-GAYRI-SIHHI-MUESSESE-RUHSATI-ICIN-ISTENILEN-EVRAKLAR-GUNCEL-.docx\">Documents Required for Class Non-Sanitary Establishment License Updated<\/a><\/li>\n<li><a href=\"https:\/\/salihliosb.org.tr\/wp-content\/uploads\/2024\/09\/YAPI-KULLANMA-IZIN-BELGESI-ICIN-GEREKLI-EVRAKLAR-.xls\">Documents Required for Certificate of Occupancy<\/a><\/li>\n<li><a href=\"https:\/\/salihliosb.org.tr\/wp-content\/uploads\/2024\/09\/YIKIM-RUHSAT-ICIN-GEREKLI-EVRAKLAR-1.xls\">Documents Required for Demolition License<\/a><\/li>\n<\/ul>\n<h2>Public Works<\/h2>\n<ul>\n<li><a href=\"https:\/\/salihliosb.org.tr\/wp-content\/uploads\/2024\/09\/GES-UYGUNLUK.xls\" target=\"_blank\" rel=\"noopener\">SPP Eligibility<\/a><\/li>\n<li><a href=\"https:\/\/salihliosb.org.tr\/wp-content\/uploads\/2024\/09\/KAZI-IZNI-DILEKCESI.docx\" target=\"_blank\" rel=\"noopener\">Excavation Permit Petition<\/a><\/li>\n<li><a href=\"https:\/\/salihliosb.org.tr\/wp-content\/uploads\/2024\/09\/SEBEKE-SUYU.docx\" target=\"_blank\" rel=\"noopener\">Mains Water<\/a><\/li>\n<\/ul>\n<h2>Environmental Unit<\/h2>\n<ul>\n<li><a href=\"https:\/\/salihliosb.org.tr\/wp-content\/uploads\/2024\/08\/desarj_izni_baglanti_belgesi_icin_gerekli_evrak_listesi.pdf\" target=\"_blank\" rel=\"noopener\">List of Documents Required for Discharge Permit Connection Certificate<\/a><\/li>\n<li><a href=\"https:\/\/salihliosb.org.tr\/wp-content\/uploads\/2024\/08\/genelge_pdf-20181128142136.pdf\" target=\"_blank\" rel=\"noopener\">Circular<\/a><\/li>\n<\/ul>\n<h2>Elektrik Birimi \/ D\u00f6k\u00fcman\u0131<\/h2>\n<ul>\n<li><a href=\"https:\/\/salihliosb.org.tr\/wp-content\/uploads\/2024\/09\/OSB-ENERJI-MUSADESI_TALEBI_BASVURU_DILEKCESI.pdf\" target=\"_blank\" rel=\"noopener\">Energy Permit Request Application<\/a><\/li>\n<li><a href=\"https:\/\/salihliosb.org.tr\/wp-content\/uploads\/2024\/09\/OSB-GECICI-KABUL_TALEBI_BASVURU_DILEKCESI.pdf\" target=\"_blank\" rel=\"noopener\">Provisional Acceptance Request Application<\/a><\/li>\n<li><a href=\"https:\/\/salihliosb.org.tr\/wp-content\/uploads\/2024\/09\/OSB-SAYAC-AKIM-TRAFOSU-GERILIM-TRAFOSU-DEGISIMI_BASVURU_DILEKCESI.pdf\" target=\"_blank\" rel=\"noopener\">Meter Current Transformer Voltage Transformer Replacement Application<\/a><\/li>\n<li><a href=\"https:\/\/salihliosb.org.tr\/wp-content\/uploads\/2024\/09\/OSB-PROJE-ONAY_TALEBI_BASVURU_DILEKCESI.pdf\" target=\"_blank\" rel=\"noopener\">Project Approval Request Application<\/a><\/li>\n<li><a href=\"https:\/\/salihliosb.org.tr\/wp-content\/uploads\/2024\/09\/OSB-ENERJI-KESINTI_TALEBI_BASVURU_DILEKCESI.pdf\" target=\"_blank\" rel=\"noopener\">Energy Outage Request Application<\/a><\/li>\n<\/ul>\n<h2>Map Cadastre<\/h2>\n<ul>\n<li><a href=\"https:\/\/salihliosb.org.tr\/wp-content\/uploads\/2024\/09\/imar-durumu.docx\">Zoning Status Petition<\/a><\/li>\n<li><a href=\"https:\/\/salihliosb.org.tr\/wp-content\/uploads\/2024\/09\/YAPI-APLIKASYON.docx\">Building Application Petition<\/a><\/li>\n<\/ul>","protected":false},"excerpt":{"rendered":"<p>Zoning Affairs \/ Permit Unit Application Form Retaining Wall Commitment Letter of Undertaking Commitment Letter of Undertaking of Trustee and Participant Documents Required for License Documents Required for Class Non-Sanitary Establishment License Documents Required for Current Occupancy Permit Documents Required for Demolition Permit Documents Required for Demolition License Public Works GES Compliance Excavation Permit Petition Mains Water Environment Unit Discharge Permit Required Document for Connection Certificate [...]<\/p>","protected":false},"author":1,"featured_media":0,"parent":0,"menu_order":0,"comment_status":"closed","ping_status":"closed","template":"","meta":{"footnotes":""},"class_list":["post-10772","page","type-page","status-publish","hentry"],"yoast_head":"<!-- This site is optimized with the Yoast SEO Premium plugin v22.5 (Yoast SEO v24.2) - https:\/\/yoast.com\/wordpress\/plugins\/seo\/ -->\n<title>Belgeler - Salihli Organize Sanayi B\u00f6lgesi M\u00fcd\u00fcrl\u00fc\u011f\u00fc<\/title>\n<meta name=\"description\" content=\"Salihli Organize Sanayi B\u00f6lgesi i\u00e7in gerekli t\u00fcm belgeler ve resmi evraklar bu sayfada. Ba\u015fvuru formlar\u0131, izin belgeleri ve di\u011fer dok\u00fcmanlar\u0131 kolayca indirin ve i\u015flemlerinizi h\u0131zland\u0131r\u0131n.\" \/>\n<meta name=\"robots\" content=\"index, follow, max-snippet:-1, max-image-preview:large, max-video-preview:-1\" \/>\n<link rel=\"canonical\" href=\"https:\/\/salihliosb.org.tr\/en\/belgeler\/\" \/>\n<meta property=\"og:locale\" content=\"en_US\" \/>\n<meta property=\"og:type\" content=\"article\" \/>\n<meta property=\"og:title\" content=\"Belgeler\" \/>\n<meta property=\"og:description\" content=\"Salihli Organize Sanayi B\u00f6lgesi i\u00e7in gerekli t\u00fcm belgeler ve resmi evraklar bu sayfada. Ba\u015fvuru formlar\u0131, izin belgeleri ve di\u011fer dok\u00fcmanlar\u0131 kolayca indirin ve i\u015flemlerinizi h\u0131zland\u0131r\u0131n.\" \/>\n<meta property=\"og:url\" content=\"https:\/\/salihliosb.org.tr\/en\/belgeler\/\" \/>\n<meta property=\"og:site_name\" content=\"Salihli Organize Sanayi B\u00f6lgesi M\u00fcd\u00fcrl\u00fc\u011f\u00fc\" \/>\n<meta property=\"article:modified_time\" content=\"2025-12-15T11:19:10+00:00\" \/>\n<meta name=\"twitter:card\" content=\"summary_large_image\" \/>\n<meta name=\"twitter:label1\" content=\"Est. reading time\" \/>\n\t<meta name=\"twitter:data1\" content=\"1 minute\" \/>\n<script type=\"application\/ld+json\" class=\"yoast-schema-graph\">{\"@context\":\"https:\/\/schema.org\",\"@graph\":[{\"@type\":\"WebPage\",\"@id\":\"https:\/\/salihliosb.org.tr\/belgeler\/\",\"url\":\"https:\/\/salihliosb.org.tr\/belgeler\/\",\"name\":\"Belgeler - Salihli Organize Sanayi B\u00f6lgesi M\u00fcd\u00fcrl\u00fc\u011f\u00fc\",\"isPartOf\":{\"@id\":\"https:\/\/salihliosb.org.tr\/#website\"},\"datePublished\":\"2024-08-26T08:34:24+00:00\",\"dateModified\":\"2025-12-15T11:19:10+00:00\",\"description\":\"Salihli Organize Sanayi B\u00f6lgesi i\u00e7in gerekli t\u00fcm belgeler ve resmi evraklar bu sayfada. Ba\u015fvuru formlar\u0131, izin belgeleri ve di\u011fer dok\u00fcmanlar\u0131 kolayca indirin ve i\u015flemlerinizi h\u0131zland\u0131r\u0131n.\",\"breadcrumb\":{\"@id\":\"https:\/\/salihliosb.org.tr\/belgeler\/#breadcrumb\"},\"inLanguage\":\"en-US\",\"potentialAction\":[{\"@type\":\"ReadAction\",\"target\":[\"https:\/\/salihliosb.org.tr\/belgeler\/\"]}]},{\"@type\":\"BreadcrumbList\",\"@id\":\"https:\/\/salihliosb.org.tr\/belgeler\/#breadcrumb\",\"itemListElement\":[{\"@type\":\"ListItem\",\"position\":1,\"name\":\"Anasayfa\",\"item\":\"https:\/\/salihliosb.org.tr\/\"},{\"@type\":\"ListItem\",\"position\":2,\"name\":\"Belgeler\"}]},{\"@type\":\"WebSite\",\"@id\":\"https:\/\/salihliosb.org.tr\/#website\",\"url\":\"https:\/\/salihliosb.org.tr\/\",\"name\":\"Salihli Organize Sanayi B\u00f6lgesi M\u00fcd\u00fcrl\u00fc\u011f\u00fc\",\"description\":\"Sanayiye ve B\u00f6lgeye De\u011fer Kat\u0131yoruz, Gelece\u011fi \u0130n\u015fa Ediyoruz!\",\"publisher\":{\"@id\":\"https:\/\/salihliosb.org.tr\/#organization\"},\"potentialAction\":[{\"@type\":\"SearchAction\",\"target\":{\"@type\":\"EntryPoint\",\"urlTemplate\":\"https:\/\/salihliosb.org.tr\/?s={search_term_string}\"},\"query-input\":{\"@type\":\"PropertyValueSpecification\",\"valueRequired\":true,\"valueName\":\"search_term_string\"}}],\"inLanguage\":\"en-US\"},{\"@type\":\"Organization\",\"@id\":\"https:\/\/salihliosb.org.tr\/#organization\",\"name\":\"Salihli Organize Sanayi B\u00f6lgesi M\u00fcd\u00fcrl\u00fc\u011f\u00fc\",\"url\":\"https:\/\/salihliosb.org.tr\/\",\"logo\":{\"@type\":\"ImageObject\",\"inLanguage\":\"en-US\",\"@id\":\"https:\/\/salihliosb.org.tr\/#\/schema\/logo\/image\/\",\"url\":\"https:\/\/salihliosb.org.tr\/wp-content\/uploads\/2024\/09\/cropped-logo-400.png\",\"contentUrl\":\"https:\/\/salihliosb.org.tr\/wp-content\/uploads\/2024\/09\/cropped-logo-400.png\",\"width\":512,\"height\":512,\"caption\":\"Salihli Organize Sanayi B\u00f6lgesi M\u00fcd\u00fcrl\u00fc\u011f\u00fc\"},\"image\":{\"@id\":\"https:\/\/salihliosb.org.tr\/#\/schema\/logo\/image\/\"}}]}<\/script>\n<!-- \/ Yoast SEO Premium plugin. -->","yoast_head_json":{"title":"Belgeler - Salihli Organize Sanayi B\u00f6lgesi M\u00fcd\u00fcrl\u00fc\u011f\u00fc","description":"Salihli Organize Sanayi B\u00f6lgesi i\u00e7in gerekli t\u00fcm belgeler ve resmi evraklar bu sayfada. Ba\u015fvuru formlar\u0131, izin belgeleri ve di\u011fer dok\u00fcmanlar\u0131 kolayca indirin ve i\u015flemlerinizi h\u0131zland\u0131r\u0131n.","robots":{"index":"index","follow":"follow","max-snippet":"max-snippet:-1","max-image-preview":"max-image-preview:large","max-video-preview":"max-video-preview:-1"},"canonical":"https:\/\/salihliosb.org.tr\/en\/belgeler\/","og_locale":"en_US","og_type":"article","og_title":"Belgeler","og_description":"Salihli Organize Sanayi B\u00f6lgesi i\u00e7in gerekli t\u00fcm belgeler ve resmi evraklar bu sayfada. Ba\u015fvuru formlar\u0131, izin belgeleri ve di\u011fer dok\u00fcmanlar\u0131 kolayca indirin ve i\u015flemlerinizi h\u0131zland\u0131r\u0131n.","og_url":"https:\/\/salihliosb.org.tr\/en\/belgeler\/","og_site_name":"Salihli Organize Sanayi B\u00f6lgesi M\u00fcd\u00fcrl\u00fc\u011f\u00fc","article_modified_time":"2025-12-15T11:19:10+00:00","twitter_card":"summary_large_image","twitter_misc":{"Est. reading time":"1 minute"},"schema":{"@context":"https:\/\/schema.org","@graph":[{"@type":"WebPage","@id":"https:\/\/salihliosb.org.tr\/belgeler\/","url":"https:\/\/salihliosb.org.tr\/belgeler\/","name":"Belgeler - Salihli Organize Sanayi B\u00f6lgesi M\u00fcd\u00fcrl\u00fc\u011f\u00fc","isPartOf":{"@id":"https:\/\/salihliosb.org.tr\/#website"},"datePublished":"2024-08-26T08:34:24+00:00","dateModified":"2025-12-15T11:19:10+00:00","description":"Salihli Organize Sanayi B\u00f6lgesi i\u00e7in gerekli t\u00fcm belgeler ve resmi evraklar bu sayfada. Ba\u015fvuru formlar\u0131, izin belgeleri ve di\u011fer dok\u00fcmanlar\u0131 kolayca indirin ve i\u015flemlerinizi h\u0131zland\u0131r\u0131n.","breadcrumb":{"@id":"https:\/\/salihliosb.org.tr\/belgeler\/#breadcrumb"},"inLanguage":"en-US","potentialAction":[{"@type":"ReadAction","target":["https:\/\/salihliosb.org.tr\/belgeler\/"]}]},{"@type":"BreadcrumbList","@id":"https:\/\/salihliosb.org.tr\/belgeler\/#breadcrumb","itemListElement":[{"@type":"ListItem","position":1,"name":"Anasayfa","item":"https:\/\/salihliosb.org.tr\/"},{"@type":"ListItem","position":2,"name":"Belgeler"}]},{"@type":"WebSite","@id":"https:\/\/salihliosb.org.tr\/#website","url":"https:\/\/salihliosb.org.tr\/","name":"Salihli Organize Sanayi B\u00f6lgesi M\u00fcd\u00fcrl\u00fc\u011f\u00fc","description":"Sanayiye ve B\u00f6lgeye De\u011fer Kat\u0131yoruz, Gelece\u011fi \u0130n\u015fa Ediyoruz!","publisher":{"@id":"https:\/\/salihliosb.org.tr\/#organization"},"potentialAction":[{"@type":"SearchAction","target":{"@type":"EntryPoint","urlTemplate":"https:\/\/salihliosb.org.tr\/?s={search_term_string}"},"query-input":{"@type":"PropertyValueSpecification","valueRequired":true,"valueName":"search_term_string"}}],"inLanguage":"en-US"},{"@type":"Organization","@id":"https:\/\/salihliosb.org.tr\/#organization","name":"Salihli Organize Sanayi B\u00f6lgesi M\u00fcd\u00fcrl\u00fc\u011f\u00fc","url":"https:\/\/salihliosb.org.tr\/","logo":{"@type":"ImageObject","inLanguage":"en-US","@id":"https:\/\/salihliosb.org.tr\/#\/schema\/logo\/image\/","url":"https:\/\/salihliosb.org.tr\/wp-content\/uploads\/2024\/09\/cropped-logo-400.png","contentUrl":"https:\/\/salihliosb.org.tr\/wp-content\/uploads\/2024\/09\/cropped-logo-400.png","width":512,"height":512,"caption":"Salihli Organize Sanayi B\u00f6lgesi M\u00fcd\u00fcrl\u00fc\u011f\u00fc"},"image":{"@id":"https:\/\/salihliosb.org.tr\/#\/schema\/logo\/image\/"}}]}},"_links":{"self":[{"href":"https:\/\/salihliosb.org.tr\/en\/wp-json\/wp\/v2\/pages\/10772","targetHints":{"allow":["GET"]}}],"collection":[{"href":"https:\/\/salihliosb.org.tr\/en\/wp-json\/wp\/v2\/pages"}],"about":[{"href":"https:\/\/salihliosb.org.tr\/en\/wp-json\/wp\/v2\/types\/page"}],"author":[{"embeddable":true,"href":"https:\/\/salihliosb.org.tr\/en\/wp-json\/wp\/v2\/users\/1"}],"replies":[{"embeddable":true,"href":"https:\/\/salihliosb.org.tr\/en\/wp-json\/wp\/v2\/comments?post=10772"}],"version-history":[{"count":26,"href":"https:\/\/salihliosb.org.tr\/en\/wp-json\/wp\/v2\/pages\/10772\/revisions"}],"predecessor-version":[{"id":12662,"href":"https:\/\/salihliosb.org.tr\/en\/wp-json\/wp\/v2\/pages\/10772\/revisions\/12662"}],"wp:attachment":[{"href":"https:\/\/salihliosb.org.tr\/en\/wp-json\/wp\/v2\/media?parent=10772"}],"curies":[{"name":"wp","href":"https:\/\/api.w.org\/{rel}","templated":true}]}}