{"id":12747,"date":"2026-01-16T14:25:45","date_gmt":"2026-01-16T11:25:45","guid":{"rendered":"https:\/\/salihliosb.org.tr\/?page_id=12747"},"modified":"2026-01-16T14:38:16","modified_gmt":"2026-01-16T11:38:16","slug":"faaliyet-raporu","status":"publish","type":"page","link":"https:\/\/salihliosb.org.tr\/en\/faaliyet-raporu\/","title":{"rendered":"Faaliyet Raporu"},"content":{"rendered":"<div data-elementor-type=\"wp-page\" data-elementor-id=\"12747\" class=\"elementor elementor-12747\" data-elementor-post-type=\"page\">\n\t\t\t\t        <section class=\"elementor-section elementor-top-section elementor-element elementor-element-aefa067 elementor-section-boxed elementor-section-height-default elementor-section-height-default pxl-type-header-none pxl-row-scroll-none pxl-bg-color-none pxl-section-overlay-none\" data-id=\"aefa067\" data-element_type=\"section\">\n\n                \n                <div class=\"elementor-container elementor-column-gap-default\">\n                <div class=\"elementor-column elementor-col-100 elementor-top-column elementor-element elementor-element-3f00741 pxl-col-none pxl-column-none\" data-id=\"3f00741\" data-element_type=\"column\">\r\n        <div class=\"elementor-widget-wrap elementor-element-populated\">\r\n                     \r\n        \t\t<div class=\"elementor-element elementor-element-d87d1ee elementor-widget elementor-widget-bdt-advanced-heading\" data-id=\"d87d1ee\" data-element_type=\"widget\" data-widget_type=\"bdt-advanced-heading.default\">\n\t\t\t\t<div class=\"elementor-widget-container\">\n\t\t\t<div id=\"d87d1ee\" class=\"bdt-ep-advanced-heading\" data-settings=\"{&quot;titleMultiColor&quot;:&quot;no&quot;}\"><div class=\"bdt-ep-advanced-heading-content bdt-visible@m\"><div class=\"bdt-transform-origin-top-left\">Salihli OIZ<\/div><\/div><h3 class=\"bdt-ep-advanced-heading-title\"><span class=\"bdt-ep-advanced-heading-main-title\"><span class=\"bdt-ep-advanced-heading-main-title-inner\">Faaliyet Raporu<\/span><\/span><\/h3><\/div>\t\t<\/div>\n\t\t\t\t<\/div>\n\t\t            <\/div>\r\n        <\/div>\r\n        \t\t\t<\/div>\n\t\t<\/section>\n\t\t        <section class=\"elementor-section elementor-top-section elementor-element elementor-element-74df05a elementor-section-boxed elementor-section-height-default elementor-section-height-default pxl-type-header-none pxl-row-scroll-none pxl-bg-color-none pxl-section-overlay-none\" data-id=\"74df05a\" data-element_type=\"section\">\n\n                \n                <div class=\"elementor-container elementor-column-gap-default\">\n                <div class=\"elementor-column elementor-col-100 elementor-top-column elementor-element elementor-element-51a9b81 pxl-col-none pxl-column-none\" data-id=\"51a9b81\" data-element_type=\"column\">\r\n        <div class=\"elementor-widget-wrap elementor-element-populated\">\r\n                     \r\n        \t\t<div class=\"elementor-element elementor-element-90bb89c elementor-widget elementor-widget-embedpress_pdf\" data-id=\"90bb89c\" data-element_type=\"widget\" data-widget_type=\"embedpress_pdf.default\">\n\t\t\t\t<div class=\"elementor-widget-container\">\n\t\t\t    <div class=\"embedpress-document-embed ep-doc-a543926ad5cbf6a92e6ecabfd796deee ose-document emebedpress-unit-percent\" data-thememode=\"default\" data-customcolor=\"\" data-toolbar=\"yes\" data-toolbar-position=\"top\" data-open=\"no\" data-presentation-mode=\"yes\" data-download=\"yes\" data-copy=\"yes\" data-add-image=\"yes\" data-rotate=\"yes\" data-details=\"yes\" data-id=\"embedpress-pdf-90bb89c\" data-selection-tool=\"0\" data-scrolling=\"0\" data-spreads=\"-1\" style=\" max-width:100%; display: inline-block\">\n\n        \n                <div >\n\n                    <div id=\"ep-elementor-content-90bb89c\" class=\"ep-elementor-content   ep-percentage-width   ep-content-protection-disabled\">\n                        <div id=\"90bb89c\" class=\"ep-embed-content-wraper\">\n                            <div><iframe title=\"SAL\u0130HL\u0130 OSB 2025 YILI FAAL\u0130YET RAPORU\" class=\"embedpress-embed-document-pdf embedpress-pdf-90bb89c\" style=\"width: 600%!important;height: 600px;; max-width:100%; display: inline-block\" src=\"https:\/\/salihliosb.org.tr\/wp-admin\/admin-ajax.php?action=get_viewer&#038;file=https%3A%2F%2Fsalihliosb.org.tr%2Fwp-content%2Fuploads%2F2026%2F01%2FSALIHLI-OSB-2025-YILI-FAALIYET-RAPORU.pdf&#038;scrolling=0&#038;selection_tool=0&#038;spreads=-1#key=dGhlbWVNb2RlPWRlZmF1bHQmdG9vbGJhcj10cnVlJnBvc2l0aW9uPXRvcCZwcmVzZW50YXRpb249dHJ1ZSZsYXp5TG9hZD1mYWxzZSZkb3dubG9hZD10cnVlJmNvcHlfdGV4dD10cnVlJmFkZF90ZXh0PXRydWUmZHJhdz10cnVlJmFkZF9pbWFnZT10cnVlJnBkZl9yb3RhdGlvbj10cnVlJnBkZl9kZXRhaWxzPXRydWUmem9vbV9pbj10cnVlJnpvb21fb3V0PXRydWUmZml0X3ZpZXc9dHJ1ZSZib29rbWFyaz10cnVlJnNvdW5kPXRydWUmZmxpcGJvb2tfdG9vbGJhcl9wb3NpdGlvbj1ib3R0b20mc2VsZWN0aW9uX3Rvb2w9MCZzY3JvbGxpbmc9MCZzcHJlYWRzPS0xJmlzX3Byb19hY3RpdmU9MA==&#038;zoom=auto\" data-emid=\"embedpress-pdf-90bb89c\" data-embed-type=\"PDF\" frameborder=\"0\"><\/iframe><p class=\"embedpress-el-powered\">Powered By EmbedPress<\/p><\/div>                        <\/div>\n\n                    <\/div>\n\n\n                   \n                <\/div>\n            \n    <\/div>\n\n\t\t<\/div>\n\t\t\t\t<\/div>\n\t\t            <\/div>\r\n        <\/div>\r\n        \t\t\t<\/div>\n\t\t<\/section>\n\t\t\t\t<\/div>","protected":false},"excerpt":{"rendered":"<p>Salihli OSB Faaliyet Raporu Powered By EmbedPress<\/p>","protected":false},"author":1,"featured_media":0,"parent":0,"menu_order":0,"comment_status":"closed","ping_status":"closed","template":"","meta":{"footnotes":""},"class_list":["post-12747","page","type-page","status-publish","hentry"],"yoast_head":"<!-- This site is optimized with the Yoast SEO Premium plugin v22.5 (Yoast SEO v24.2) - https:\/\/yoast.com\/wordpress\/plugins\/seo\/ -->\n<title>Faaliyet Raporu - Salihli Organize Sanayi B\u00f6lgesi M\u00fcd\u00fcrl\u00fc\u011f\u00fc<\/title>\n<meta name=\"description\" content=\"Salihli Organize Sanayi B\u00f6lgesi i\u00e7in gerekli t\u00fcm belgeler ve resmi evraklar bu sayfada. Ba\u015fvuru formlar\u0131, izin belgeleri ve di\u011fer dok\u00fcmanlar\u0131 kolayca indirin ve i\u015flemlerinizi h\u0131zland\u0131r\u0131n.\" \/>\n<meta name=\"robots\" content=\"index, follow, max-snippet:-1, max-image-preview:large, max-video-preview:-1\" \/>\n<link rel=\"canonical\" href=\"https:\/\/salihliosb.org.tr\/en\/faaliyet-raporu\/\" \/>\n<meta property=\"og:locale\" content=\"en_US\" \/>\n<meta property=\"og:type\" content=\"article\" \/>\n<meta property=\"og:title\" content=\"Faaliyet Raporu\" \/>\n<meta property=\"og:description\" content=\"Salihli Organize Sanayi B\u00f6lgesi i\u00e7in gerekli t\u00fcm belgeler ve resmi evraklar bu sayfada. Ba\u015fvuru formlar\u0131, izin belgeleri ve di\u011fer dok\u00fcmanlar\u0131 kolayca indirin ve i\u015flemlerinizi h\u0131zland\u0131r\u0131n.\" \/>\n<meta property=\"og:url\" content=\"https:\/\/salihliosb.org.tr\/en\/faaliyet-raporu\/\" \/>\n<meta property=\"og:site_name\" content=\"Salihli Organize Sanayi B\u00f6lgesi M\u00fcd\u00fcrl\u00fc\u011f\u00fc\" \/>\n<meta property=\"article:modified_time\" content=\"2026-01-16T11:38:16+00:00\" \/>\n<meta name=\"twitter:card\" content=\"summary_large_image\" \/>\n<meta name=\"twitter:label1\" content=\"Est. reading time\" \/>\n\t<meta name=\"twitter:data1\" content=\"1 minute\" \/>\n<script type=\"application\/ld+json\" class=\"yoast-schema-graph\">{\"@context\":\"https:\/\/schema.org\",\"@graph\":[{\"@type\":\"WebPage\",\"@id\":\"https:\/\/salihliosb.org.tr\/faaliyet-raporu\/\",\"url\":\"https:\/\/salihliosb.org.tr\/faaliyet-raporu\/\",\"name\":\"Faaliyet Raporu - Salihli Organize Sanayi B\u00f6lgesi M\u00fcd\u00fcrl\u00fc\u011f\u00fc\",\"isPartOf\":{\"@id\":\"https:\/\/salihliosb.org.tr\/#website\"},\"datePublished\":\"2026-01-16T11:25:45+00:00\",\"dateModified\":\"2026-01-16T11:38:16+00:00\",\"description\":\"Salihli Organize Sanayi B\u00f6lgesi i\u00e7in gerekli t\u00fcm belgeler ve resmi evraklar bu sayfada. Ba\u015fvuru formlar\u0131, izin belgeleri ve di\u011fer dok\u00fcmanlar\u0131 kolayca indirin ve i\u015flemlerinizi h\u0131zland\u0131r\u0131n.\",\"breadcrumb\":{\"@id\":\"https:\/\/salihliosb.org.tr\/faaliyet-raporu\/#breadcrumb\"},\"inLanguage\":\"en-US\",\"potentialAction\":[{\"@type\":\"ReadAction\",\"target\":[\"https:\/\/salihliosb.org.tr\/faaliyet-raporu\/\"]}]},{\"@type\":\"BreadcrumbList\",\"@id\":\"https:\/\/salihliosb.org.tr\/faaliyet-raporu\/#breadcrumb\",\"itemListElement\":[{\"@type\":\"ListItem\",\"position\":1,\"name\":\"Anasayfa\",\"item\":\"https:\/\/salihliosb.org.tr\/\"},{\"@type\":\"ListItem\",\"position\":2,\"name\":\"Faaliyet Raporu\"}]},{\"@type\":\"WebSite\",\"@id\":\"https:\/\/salihliosb.org.tr\/#website\",\"url\":\"https:\/\/salihliosb.org.tr\/\",\"name\":\"Salihli Organize Sanayi B\u00f6lgesi M\u00fcd\u00fcrl\u00fc\u011f\u00fc\",\"description\":\"Sanayiye ve B\u00f6lgeye De\u011fer Kat\u0131yoruz, Gelece\u011fi \u0130n\u015fa Ediyoruz!\",\"publisher\":{\"@id\":\"https:\/\/salihliosb.org.tr\/#organization\"},\"potentialAction\":[{\"@type\":\"SearchAction\",\"target\":{\"@type\":\"EntryPoint\",\"urlTemplate\":\"https:\/\/salihliosb.org.tr\/?s={search_term_string}\"},\"query-input\":{\"@type\":\"PropertyValueSpecification\",\"valueRequired\":true,\"valueName\":\"search_term_string\"}}],\"inLanguage\":\"en-US\"},{\"@type\":\"Organization\",\"@id\":\"https:\/\/salihliosb.org.tr\/#organization\",\"name\":\"Salihli Organize Sanayi B\u00f6lgesi M\u00fcd\u00fcrl\u00fc\u011f\u00fc\",\"url\":\"https:\/\/salihliosb.org.tr\/\",\"logo\":{\"@type\":\"ImageObject\",\"inLanguage\":\"en-US\",\"@id\":\"https:\/\/salihliosb.org.tr\/#\/schema\/logo\/image\/\",\"url\":\"https:\/\/salihliosb.org.tr\/wp-content\/uploads\/2024\/09\/cropped-logo-400.png\",\"contentUrl\":\"https:\/\/salihliosb.org.tr\/wp-content\/uploads\/2024\/09\/cropped-logo-400.png\",\"width\":512,\"height\":512,\"caption\":\"Salihli Organize Sanayi B\u00f6lgesi M\u00fcd\u00fcrl\u00fc\u011f\u00fc\"},\"image\":{\"@id\":\"https:\/\/salihliosb.org.tr\/#\/schema\/logo\/image\/\"}}]}<\/script>\n<!-- \/ Yoast SEO Premium plugin. -->","yoast_head_json":{"title":"Faaliyet Raporu - Salihli Organize Sanayi B\u00f6lgesi M\u00fcd\u00fcrl\u00fc\u011f\u00fc","description":"Salihli Organize Sanayi B\u00f6lgesi i\u00e7in gerekli t\u00fcm belgeler ve resmi evraklar bu sayfada. Ba\u015fvuru formlar\u0131, izin belgeleri ve di\u011fer dok\u00fcmanlar\u0131 kolayca indirin ve i\u015flemlerinizi h\u0131zland\u0131r\u0131n.","robots":{"index":"index","follow":"follow","max-snippet":"max-snippet:-1","max-image-preview":"max-image-preview:large","max-video-preview":"max-video-preview:-1"},"canonical":"https:\/\/salihliosb.org.tr\/en\/faaliyet-raporu\/","og_locale":"en_US","og_type":"article","og_title":"Faaliyet Raporu","og_description":"Salihli Organize Sanayi B\u00f6lgesi i\u00e7in gerekli t\u00fcm belgeler ve resmi evraklar bu sayfada. Ba\u015fvuru formlar\u0131, izin belgeleri ve di\u011fer dok\u00fcmanlar\u0131 kolayca indirin ve i\u015flemlerinizi h\u0131zland\u0131r\u0131n.","og_url":"https:\/\/salihliosb.org.tr\/en\/faaliyet-raporu\/","og_site_name":"Salihli Organize Sanayi B\u00f6lgesi M\u00fcd\u00fcrl\u00fc\u011f\u00fc","article_modified_time":"2026-01-16T11:38:16+00:00","twitter_card":"summary_large_image","twitter_misc":{"Est. reading time":"1 minute"},"schema":{"@context":"https:\/\/schema.org","@graph":[{"@type":"WebPage","@id":"https:\/\/salihliosb.org.tr\/faaliyet-raporu\/","url":"https:\/\/salihliosb.org.tr\/faaliyet-raporu\/","name":"Faaliyet Raporu - Salihli Organize Sanayi B\u00f6lgesi M\u00fcd\u00fcrl\u00fc\u011f\u00fc","isPartOf":{"@id":"https:\/\/salihliosb.org.tr\/#website"},"datePublished":"2026-01-16T11:25:45+00:00","dateModified":"2026-01-16T11:38:16+00:00","description":"Salihli Organize Sanayi B\u00f6lgesi i\u00e7in gerekli t\u00fcm belgeler ve resmi evraklar bu sayfada. Ba\u015fvuru formlar\u0131, izin belgeleri ve di\u011fer dok\u00fcmanlar\u0131 kolayca indirin ve i\u015flemlerinizi h\u0131zland\u0131r\u0131n.","breadcrumb":{"@id":"https:\/\/salihliosb.org.tr\/faaliyet-raporu\/#breadcrumb"},"inLanguage":"en-US","potentialAction":[{"@type":"ReadAction","target":["https:\/\/salihliosb.org.tr\/faaliyet-raporu\/"]}]},{"@type":"BreadcrumbList","@id":"https:\/\/salihliosb.org.tr\/faaliyet-raporu\/#breadcrumb","itemListElement":[{"@type":"ListItem","position":1,"name":"Anasayfa","item":"https:\/\/salihliosb.org.tr\/"},{"@type":"ListItem","position":2,"name":"Faaliyet Raporu"}]},{"@type":"WebSite","@id":"https:\/\/salihliosb.org.tr\/#website","url":"https:\/\/salihliosb.org.tr\/","name":"Salihli Organize Sanayi B\u00f6lgesi M\u00fcd\u00fcrl\u00fc\u011f\u00fc","description":"Sanayiye ve B\u00f6lgeye De\u011fer Kat\u0131yoruz, Gelece\u011fi \u0130n\u015fa Ediyoruz!","publisher":{"@id":"https:\/\/salihliosb.org.tr\/#organization"},"potentialAction":[{"@type":"SearchAction","target":{"@type":"EntryPoint","urlTemplate":"https:\/\/salihliosb.org.tr\/?s={search_term_string}"},"query-input":{"@type":"PropertyValueSpecification","valueRequired":true,"valueName":"search_term_string"}}],"inLanguage":"en-US"},{"@type":"Organization","@id":"https:\/\/salihliosb.org.tr\/#organization","name":"Salihli Organize Sanayi B\u00f6lgesi M\u00fcd\u00fcrl\u00fc\u011f\u00fc","url":"https:\/\/salihliosb.org.tr\/","logo":{"@type":"ImageObject","inLanguage":"en-US","@id":"https:\/\/salihliosb.org.tr\/#\/schema\/logo\/image\/","url":"https:\/\/salihliosb.org.tr\/wp-content\/uploads\/2024\/09\/cropped-logo-400.png","contentUrl":"https:\/\/salihliosb.org.tr\/wp-content\/uploads\/2024\/09\/cropped-logo-400.png","width":512,"height":512,"caption":"Salihli Organize Sanayi B\u00f6lgesi M\u00fcd\u00fcrl\u00fc\u011f\u00fc"},"image":{"@id":"https:\/\/salihliosb.org.tr\/#\/schema\/logo\/image\/"}}]}},"_links":{"self":[{"href":"https:\/\/salihliosb.org.tr\/en\/wp-json\/wp\/v2\/pages\/12747","targetHints":{"allow":["GET"]}}],"collection":[{"href":"https:\/\/salihliosb.org.tr\/en\/wp-json\/wp\/v2\/pages"}],"about":[{"href":"https:\/\/salihliosb.org.tr\/en\/wp-json\/wp\/v2\/types\/page"}],"author":[{"embeddable":true,"href":"https:\/\/salihliosb.org.tr\/en\/wp-json\/wp\/v2\/users\/1"}],"replies":[{"embeddable":true,"href":"https:\/\/salihliosb.org.tr\/en\/wp-json\/wp\/v2\/comments?post=12747"}],"version-history":[{"count":7,"href":"https:\/\/salihliosb.org.tr\/en\/wp-json\/wp\/v2\/pages\/12747\/revisions"}],"predecessor-version":[{"id":12757,"href":"https:\/\/salihliosb.org.tr\/en\/wp-json\/wp\/v2\/pages\/12747\/revisions\/12757"}],"wp:attachment":[{"href":"https:\/\/salihliosb.org.tr\/en\/wp-json\/wp\/v2\/media?parent=12747"}],"curies":[{"name":"wp","href":"https:\/\/api.w.org\/{rel}","templated":true}]}}