{"id":8474,"date":"2024-05-08T15:14:59","date_gmt":"2024-05-08T12:14:59","guid":{"rendered":"https:\/\/salihliosb.org.tr\/?page_id=8474"},"modified":"2024-08-19T11:43:22","modified_gmt":"2024-08-19T08:43:22","slug":"gizlilik-politikasi","status":"publish","type":"page","link":"https:\/\/salihliosb.org.tr\/en\/gizlilik-politikasi\/","title":{"rendered":"Privacy Policy"},"content":{"rendered":"<div data-elementor-type=\"wp-page\" data-elementor-id=\"8474\" class=\"elementor elementor-8474\" data-elementor-post-type=\"page\">\n\t\t\t\t        <section class=\"elementor-section elementor-top-section elementor-element elementor-element-bb227d0 elementor-section-boxed elementor-section-height-default elementor-section-height-default pxl-type-header-none pxl-row-scroll-none pxl-bg-color-none pxl-section-overlay-none\" data-id=\"bb227d0\" data-element_type=\"section\">\n\n                \n                <div class=\"elementor-container elementor-column-gap-extended\">\n                <div class=\"elementor-column elementor-col-100 elementor-top-column elementor-element elementor-element-c81bcd8 pxl-col-none pxl-column-none\" data-id=\"c81bcd8\" data-element_type=\"column\">\r\n        <div class=\"elementor-widget-wrap elementor-element-populated\">\r\n                     \r\n        \t\t<div class=\"elementor-element elementor-element-b129758 elementor-widget elementor-widget-text_editor\" data-id=\"b129758\" data-element_type=\"widget\" data-widget_type=\"text_editor.default\">\n\t\t\t\t<div class=\"elementor-widget-container\">\n\t\t\t<div class=\"pxl-text-editor\">\n\t<div class=\"pxl-item--inner\" data-wow-delay=\"ms\">\n\t\t<p><strong><b>PRIVACY<\/b><\/strong><strong><b>\u00a0POLICY<\/b><\/strong><\/p><p>By accessing this website, you agree that you are viewing all written and visual material contained on the pages for personal information purposes only and not for commercial use.<\/p><p>Salihli Organized Industrial Zone aims to ensure that the information contained in the site is accurate and up-to-date, but does not make any commitment regarding its accuracy and currency and does not accept any responsibility.<\/p><p>If the information on the site is not updated to include accuracy for various reasons; Salihli Organized Industrial Zone cannot be held liable under any name due to a delay in revision, a possible inaccuracy or deficiency or change in the site. The date of the update does not put Salihli Organized Industrial Zone under any obligation in any way, contrary to the issues stated.<\/p><p>Salihli Organized Industrial Zone may impose restrictions on some pages and images of the website, change the content or remove it completely without prior notice. When you access this website, you are deemed to have accepted all these rules.<\/p><p>All written and visual materials (articles, photographs, illustrations, artwork photos and website codes etc.) presented on this website belong to Salihli Organized Industrial Zone and their right holders. They are protected under relevant property, copyright, trademark, patent or other laws. It is forbidden to reproduce, distribute, adapt, edit, publicly publish, publicly transmit, transfer, rent, sell or illegally use the aforementioned information without the written permission of Salihli Organized Industrial Zone. In the event of infringement of an intellectual property right, the infringer shall assume all legal liability and Salihli Organized Industrial Zone or the relevant right holder reserves the right to initiate all civil and criminal legal proceedings.<\/p>\t\t\n\t<\/div>\n<\/div>\t\t<\/div>\n\t\t\t\t<\/div>\n\t\t            <\/div>\r\n        <\/div>\r\n        \t\t\t<\/div>\n\t\t<\/section>\n\t\t\t\t<\/div>","protected":false},"excerpt":{"rendered":"<p>G\u0130ZL\u0130L\u0130K\u00a0POL\u0130T\u0130KASI Bu websitesine ula\u015ft\u0131\u011f\u0131n\u0131zda, sayfalarda bulunan t\u00fcm yaz\u0131l\u0131 ve g\u00f6rsel materyali sadece ki\u015fisel bilgilenme amac\u0131yla g\u00f6r\u00fcnt\u00fcledi\u011finizi ve ticari ama\u00e7l\u0131 kullanmad\u0131\u011f\u0131n\u0131z\u0131 kabul etmi\u015f olursunuz. Salihli Organize Sanayi B\u00f6lgesi site i\u00e7erisinde yer alan bilgilerin do\u011fru ve g\u00fcncel olmas\u0131n\u0131 hedeflemek ile birlikte do\u011frulu\u011fu ve g\u00fcncelli\u011fi ile ilgili olarak herhangi taahh\u00fctte bulunmamakta olup herhangi bir sorumluluk kabul etmemektedir. Sitede [&hellip;]<\/p>","protected":false},"author":1,"featured_media":0,"parent":0,"menu_order":0,"comment_status":"closed","ping_status":"closed","template":"","meta":{"footnotes":""},"class_list":["post-8474","page","type-page","status-publish","hentry"],"yoast_head":"<!-- This site is optimized with the Yoast SEO Premium plugin v22.5 (Yoast SEO v24.2) - https:\/\/yoast.com\/wordpress\/plugins\/seo\/ -->\n<title>Gizlilik Politikas\u0131 - Salihli Organize Sanayi B\u00f6lgesi M\u00fcd\u00fcrl\u00fc\u011f\u00fc<\/title>\n<meta name=\"robots\" content=\"index, follow, max-snippet:-1, max-image-preview:large, max-video-preview:-1\" \/>\n<link rel=\"canonical\" href=\"https:\/\/salihliosb.org.tr\/en\/gizlilik-politikasi\/\" \/>\n<meta property=\"og:locale\" content=\"en_US\" \/>\n<meta property=\"og:type\" content=\"article\" \/>\n<meta property=\"og:title\" content=\"Gizlilik Politikas\u0131\" \/>\n<meta property=\"og:description\" content=\"G\u0130ZL\u0130L\u0130K\u00a0POL\u0130T\u0130KASI Bu websitesine ula\u015ft\u0131\u011f\u0131n\u0131zda, sayfalarda bulunan t\u00fcm yaz\u0131l\u0131 ve g\u00f6rsel materyali sadece ki\u015fisel bilgilenme amac\u0131yla g\u00f6r\u00fcnt\u00fcledi\u011finizi ve ticari ama\u00e7l\u0131 kullanmad\u0131\u011f\u0131n\u0131z\u0131 kabul etmi\u015f olursunuz. Salihli Organize Sanayi B\u00f6lgesi site i\u00e7erisinde yer alan bilgilerin do\u011fru ve g\u00fcncel olmas\u0131n\u0131 hedeflemek ile birlikte do\u011frulu\u011fu ve g\u00fcncelli\u011fi ile ilgili olarak herhangi taahh\u00fctte bulunmamakta olup herhangi bir sorumluluk kabul etmemektedir. Sitede [&hellip;]\" \/>\n<meta property=\"og:url\" content=\"https:\/\/salihliosb.org.tr\/en\/gizlilik-politikasi\/\" \/>\n<meta property=\"og:site_name\" content=\"Salihli Organize Sanayi B\u00f6lgesi M\u00fcd\u00fcrl\u00fc\u011f\u00fc\" \/>\n<meta property=\"article:modified_time\" content=\"2024-08-19T08:43:22+00:00\" \/>\n<meta name=\"twitter:card\" content=\"summary_large_image\" \/>\n<meta name=\"twitter:label1\" content=\"Est. reading time\" \/>\n\t<meta name=\"twitter:data1\" content=\"2 minutes\" \/>\n<script type=\"application\/ld+json\" class=\"yoast-schema-graph\">{\"@context\":\"https:\/\/schema.org\",\"@graph\":[{\"@type\":\"WebPage\",\"@id\":\"https:\/\/salihliosb.org.tr\/gizlilik-politikasi\/\",\"url\":\"https:\/\/salihliosb.org.tr\/gizlilik-politikasi\/\",\"name\":\"Gizlilik Politikas\u0131 - Salihli Organize Sanayi B\u00f6lgesi M\u00fcd\u00fcrl\u00fc\u011f\u00fc\",\"isPartOf\":{\"@id\":\"https:\/\/salihliosb.org.tr\/#website\"},\"datePublished\":\"2024-05-08T12:14:59+00:00\",\"dateModified\":\"2024-08-19T08:43:22+00:00\",\"breadcrumb\":{\"@id\":\"https:\/\/salihliosb.org.tr\/gizlilik-politikasi\/#breadcrumb\"},\"inLanguage\":\"en-US\",\"potentialAction\":[{\"@type\":\"ReadAction\",\"target\":[\"https:\/\/salihliosb.org.tr\/gizlilik-politikasi\/\"]}]},{\"@type\":\"BreadcrumbList\",\"@id\":\"https:\/\/salihliosb.org.tr\/gizlilik-politikasi\/#breadcrumb\",\"itemListElement\":[{\"@type\":\"ListItem\",\"position\":1,\"name\":\"Anasayfa\",\"item\":\"https:\/\/salihliosb.org.tr\/\"},{\"@type\":\"ListItem\",\"position\":2,\"name\":\"Gizlilik Politikas\u0131\"}]},{\"@type\":\"WebSite\",\"@id\":\"https:\/\/salihliosb.org.tr\/#website\",\"url\":\"https:\/\/salihliosb.org.tr\/\",\"name\":\"Salihli Organize Sanayi B\u00f6lgesi M\u00fcd\u00fcrl\u00fc\u011f\u00fc\",\"description\":\"Sanayiye ve B\u00f6lgeye De\u011fer Kat\u0131yoruz, Gelece\u011fi \u0130n\u015fa Ediyoruz!\",\"publisher\":{\"@id\":\"https:\/\/salihliosb.org.tr\/#organization\"},\"potentialAction\":[{\"@type\":\"SearchAction\",\"target\":{\"@type\":\"EntryPoint\",\"urlTemplate\":\"https:\/\/salihliosb.org.tr\/?s={search_term_string}\"},\"query-input\":{\"@type\":\"PropertyValueSpecification\",\"valueRequired\":true,\"valueName\":\"search_term_string\"}}],\"inLanguage\":\"en-US\"},{\"@type\":\"Organization\",\"@id\":\"https:\/\/salihliosb.org.tr\/#organization\",\"name\":\"Salihli Organize Sanayi B\u00f6lgesi M\u00fcd\u00fcrl\u00fc\u011f\u00fc\",\"url\":\"https:\/\/salihliosb.org.tr\/\",\"logo\":{\"@type\":\"ImageObject\",\"inLanguage\":\"en-US\",\"@id\":\"https:\/\/salihliosb.org.tr\/#\/schema\/logo\/image\/\",\"url\":\"https:\/\/salihliosb.org.tr\/wp-content\/uploads\/2024\/09\/cropped-logo-400.png\",\"contentUrl\":\"https:\/\/salihliosb.org.tr\/wp-content\/uploads\/2024\/09\/cropped-logo-400.png\",\"width\":512,\"height\":512,\"caption\":\"Salihli Organize Sanayi B\u00f6lgesi M\u00fcd\u00fcrl\u00fc\u011f\u00fc\"},\"image\":{\"@id\":\"https:\/\/salihliosb.org.tr\/#\/schema\/logo\/image\/\"}}]}<\/script>\n<!-- \/ Yoast SEO Premium plugin. -->","yoast_head_json":{"title":"Gizlilik Politikas\u0131 - Salihli Organize Sanayi B\u00f6lgesi M\u00fcd\u00fcrl\u00fc\u011f\u00fc","robots":{"index":"index","follow":"follow","max-snippet":"max-snippet:-1","max-image-preview":"max-image-preview:large","max-video-preview":"max-video-preview:-1"},"canonical":"https:\/\/salihliosb.org.tr\/en\/gizlilik-politikasi\/","og_locale":"en_US","og_type":"article","og_title":"Gizlilik Politikas\u0131","og_description":"G\u0130ZL\u0130L\u0130K\u00a0POL\u0130T\u0130KASI Bu websitesine ula\u015ft\u0131\u011f\u0131n\u0131zda, sayfalarda bulunan t\u00fcm yaz\u0131l\u0131 ve g\u00f6rsel materyali sadece ki\u015fisel bilgilenme amac\u0131yla g\u00f6r\u00fcnt\u00fcledi\u011finizi ve ticari ama\u00e7l\u0131 kullanmad\u0131\u011f\u0131n\u0131z\u0131 kabul etmi\u015f olursunuz. Salihli Organize Sanayi B\u00f6lgesi site i\u00e7erisinde yer alan bilgilerin do\u011fru ve g\u00fcncel olmas\u0131n\u0131 hedeflemek ile birlikte do\u011frulu\u011fu ve g\u00fcncelli\u011fi ile ilgili olarak herhangi taahh\u00fctte bulunmamakta olup herhangi bir sorumluluk kabul etmemektedir. Sitede [&hellip;]","og_url":"https:\/\/salihliosb.org.tr\/en\/gizlilik-politikasi\/","og_site_name":"Salihli Organize Sanayi B\u00f6lgesi M\u00fcd\u00fcrl\u00fc\u011f\u00fc","article_modified_time":"2024-08-19T08:43:22+00:00","twitter_card":"summary_large_image","twitter_misc":{"Est. reading time":"2 minutes"},"schema":{"@context":"https:\/\/schema.org","@graph":[{"@type":"WebPage","@id":"https:\/\/salihliosb.org.tr\/gizlilik-politikasi\/","url":"https:\/\/salihliosb.org.tr\/gizlilik-politikasi\/","name":"Gizlilik Politikas\u0131 - Salihli Organize Sanayi B\u00f6lgesi M\u00fcd\u00fcrl\u00fc\u011f\u00fc","isPartOf":{"@id":"https:\/\/salihliosb.org.tr\/#website"},"datePublished":"2024-05-08T12:14:59+00:00","dateModified":"2024-08-19T08:43:22+00:00","breadcrumb":{"@id":"https:\/\/salihliosb.org.tr\/gizlilik-politikasi\/#breadcrumb"},"inLanguage":"en-US","potentialAction":[{"@type":"ReadAction","target":["https:\/\/salihliosb.org.tr\/gizlilik-politikasi\/"]}]},{"@type":"BreadcrumbList","@id":"https:\/\/salihliosb.org.tr\/gizlilik-politikasi\/#breadcrumb","itemListElement":[{"@type":"ListItem","position":1,"name":"Anasayfa","item":"https:\/\/salihliosb.org.tr\/"},{"@type":"ListItem","position":2,"name":"Gizlilik Politikas\u0131"}]},{"@type":"WebSite","@id":"https:\/\/salihliosb.org.tr\/#website","url":"https:\/\/salihliosb.org.tr\/","name":"Salihli Organize Sanayi B\u00f6lgesi M\u00fcd\u00fcrl\u00fc\u011f\u00fc","description":"Sanayiye ve B\u00f6lgeye De\u011fer Kat\u0131yoruz, Gelece\u011fi \u0130n\u015fa Ediyoruz!","publisher":{"@id":"https:\/\/salihliosb.org.tr\/#organization"},"potentialAction":[{"@type":"SearchAction","target":{"@type":"EntryPoint","urlTemplate":"https:\/\/salihliosb.org.tr\/?s={search_term_string}"},"query-input":{"@type":"PropertyValueSpecification","valueRequired":true,"valueName":"search_term_string"}}],"inLanguage":"en-US"},{"@type":"Organization","@id":"https:\/\/salihliosb.org.tr\/#organization","name":"Salihli Organize Sanayi B\u00f6lgesi M\u00fcd\u00fcrl\u00fc\u011f\u00fc","url":"https:\/\/salihliosb.org.tr\/","logo":{"@type":"ImageObject","inLanguage":"en-US","@id":"https:\/\/salihliosb.org.tr\/#\/schema\/logo\/image\/","url":"https:\/\/salihliosb.org.tr\/wp-content\/uploads\/2024\/09\/cropped-logo-400.png","contentUrl":"https:\/\/salihliosb.org.tr\/wp-content\/uploads\/2024\/09\/cropped-logo-400.png","width":512,"height":512,"caption":"Salihli Organize Sanayi B\u00f6lgesi M\u00fcd\u00fcrl\u00fc\u011f\u00fc"},"image":{"@id":"https:\/\/salihliosb.org.tr\/#\/schema\/logo\/image\/"}}]}},"_links":{"self":[{"href":"https:\/\/salihliosb.org.tr\/en\/wp-json\/wp\/v2\/pages\/8474","targetHints":{"allow":["GET"]}}],"collection":[{"href":"https:\/\/salihliosb.org.tr\/en\/wp-json\/wp\/v2\/pages"}],"about":[{"href":"https:\/\/salihliosb.org.tr\/en\/wp-json\/wp\/v2\/types\/page"}],"author":[{"embeddable":true,"href":"https:\/\/salihliosb.org.tr\/en\/wp-json\/wp\/v2\/users\/1"}],"replies":[{"embeddable":true,"href":"https:\/\/salihliosb.org.tr\/en\/wp-json\/wp\/v2\/comments?post=8474"}],"version-history":[{"count":0,"href":"https:\/\/salihliosb.org.tr\/en\/wp-json\/wp\/v2\/pages\/8474\/revisions"}],"wp:attachment":[{"href":"https:\/\/salihliosb.org.tr\/en\/wp-json\/wp\/v2\/media?parent=8474"}],"curies":[{"name":"wp","href":"https:\/\/api.w.org\/{rel}","templated":true}]}}