{"id":8489,"date":"2024-05-08T15:44:59","date_gmt":"2024-05-08T12:44:59","guid":{"rendered":"https:\/\/salihliosb.org.tr\/?page_id=8489"},"modified":"2024-08-19T11:51:43","modified_gmt":"2024-08-19T08:51:43","slug":"yasal-uyari","status":"publish","type":"page","link":"https:\/\/salihliosb.org.tr\/en\/yasal-uyari\/","title":{"rendered":"Legal Notice"},"content":{"rendered":"<div data-elementor-type=\"wp-page\" data-elementor-id=\"8489\" class=\"elementor elementor-8489\" data-elementor-post-type=\"page\">\n\t\t\t\t        <section class=\"elementor-section elementor-top-section elementor-element elementor-element-bb227d0 elementor-section-boxed elementor-section-height-default elementor-section-height-default pxl-type-header-none pxl-row-scroll-none pxl-bg-color-none pxl-section-overlay-none\" data-id=\"bb227d0\" data-element_type=\"section\">\n\n                \n                <div class=\"elementor-container elementor-column-gap-extended\">\n                <div class=\"elementor-column elementor-col-100 elementor-top-column elementor-element elementor-element-c81bcd8 pxl-col-none pxl-column-none\" data-id=\"c81bcd8\" data-element_type=\"column\">\r\n        <div class=\"elementor-widget-wrap elementor-element-populated\">\r\n                     \r\n        \t\t<div class=\"elementor-element elementor-element-b129758 elementor-widget elementor-widget-text_editor\" data-id=\"b129758\" data-element_type=\"widget\" data-widget_type=\"text_editor.default\">\n\t\t\t\t<div class=\"elementor-widget-container\">\n\t\t\t<div class=\"pxl-text-editor\">\n\t<div class=\"pxl-item--inner\" data-wow-delay=\"ms\">\n\t\t<p><strong>LEGAL NOTICE<\/strong><\/p><p>We authorize you to view the materials on the Website for your personal, non-commercial use only. Any legal and criminal liability arising from your use of any material on the Website shall be borne by you as the user.<\/p><p>Salihli OSB does not accept any liability whatsoever for any damages and\/or losses arising or to arise from the information published on the website or the transactions made on the basis of the information or the inability to access the website. The publication of this website does not include any commitment to any person and\/or organization in any matter. All responsibility for any decisions to be made in the light of the information contained on the site belongs to the person visiting this site.<\/p><p>Salihli OSB cannot be held responsible for any direct or indirect loss or damage that may arise from accessing or using the Salihli OSB website or any website accessed by linking from this site.<\/p>\t\t\n\t<\/div>\n<\/div>\t\t<\/div>\n\t\t\t\t<\/div>\n\t\t            <\/div>\r\n        <\/div>\r\n        \t\t\t<\/div>\n\t\t<\/section>\n\t\t\t\t<\/div>","protected":false},"excerpt":{"rendered":"<p>YASAL UYARI Web sitesindeki malzemeleri, yaln\u0131zca ticari olmayan ki\u015fisel kullan\u0131m\u0131n\u0131z i\u00e7in g\u00f6r\u00fcnt\u00fclemeniz i\u00e7in taraf\u0131n\u0131za izin vermektedir. Web sitesindeki herhangi bir malzemeyi kullanman\u0131zdan kaynaklanacak her t\u00fcrl\u00fc hukuki ve cezai sorumluluk kullan\u0131c\u0131 olarak taraf\u0131n\u0131za ait olacakt\u0131r. Salihli OSB \u00a0web sitesinde yay\u0131nlanm\u0131\u015f bilgiler ya da bilgilere dayan\u0131larak yap\u0131lan i\u015flemlerden veya siteye ula\u015f\u0131lamamas\u0131ndan do\u011fan ve do\u011facak zarar ve\/veya kay\u0131plardan [&hellip;]<\/p>","protected":false},"author":1,"featured_media":0,"parent":0,"menu_order":0,"comment_status":"closed","ping_status":"closed","template":"","meta":{"footnotes":""},"class_list":["post-8489","page","type-page","status-publish","hentry"],"yoast_head":"<!-- This site is optimized with the Yoast SEO Premium plugin v22.5 (Yoast SEO v24.2) - https:\/\/yoast.com\/wordpress\/plugins\/seo\/ -->\n<title>Yasal Uyar\u0131 - Salihli Organize Sanayi B\u00f6lgesi M\u00fcd\u00fcrl\u00fc\u011f\u00fc<\/title>\n<meta name=\"robots\" content=\"index, follow, max-snippet:-1, max-image-preview:large, max-video-preview:-1\" \/>\n<link rel=\"canonical\" href=\"https:\/\/salihliosb.org.tr\/en\/yasal-uyari\/\" \/>\n<meta property=\"og:locale\" content=\"en_US\" \/>\n<meta property=\"og:type\" content=\"article\" \/>\n<meta property=\"og:title\" content=\"Yasal Uyar\u0131\" \/>\n<meta property=\"og:description\" content=\"YASAL UYARI Web sitesindeki malzemeleri, yaln\u0131zca ticari olmayan ki\u015fisel kullan\u0131m\u0131n\u0131z i\u00e7in g\u00f6r\u00fcnt\u00fclemeniz i\u00e7in taraf\u0131n\u0131za izin vermektedir. Web sitesindeki herhangi bir malzemeyi kullanman\u0131zdan kaynaklanacak her t\u00fcrl\u00fc hukuki ve cezai sorumluluk kullan\u0131c\u0131 olarak taraf\u0131n\u0131za ait olacakt\u0131r. Salihli OSB \u00a0web sitesinde yay\u0131nlanm\u0131\u015f bilgiler ya da bilgilere dayan\u0131larak yap\u0131lan i\u015flemlerden veya siteye ula\u015f\u0131lamamas\u0131ndan do\u011fan ve do\u011facak zarar ve\/veya kay\u0131plardan [&hellip;]\" \/>\n<meta property=\"og:url\" content=\"https:\/\/salihliosb.org.tr\/en\/yasal-uyari\/\" \/>\n<meta property=\"og:site_name\" content=\"Salihli Organize Sanayi B\u00f6lgesi M\u00fcd\u00fcrl\u00fc\u011f\u00fc\" \/>\n<meta property=\"article:modified_time\" content=\"2024-08-19T08:51:43+00:00\" \/>\n<meta name=\"twitter:card\" content=\"summary_large_image\" \/>\n<meta name=\"twitter:label1\" content=\"Est. reading time\" \/>\n\t<meta name=\"twitter:data1\" content=\"1 minute\" \/>\n<script type=\"application\/ld+json\" class=\"yoast-schema-graph\">{\"@context\":\"https:\/\/schema.org\",\"@graph\":[{\"@type\":\"WebPage\",\"@id\":\"https:\/\/salihliosb.org.tr\/yasal-uyari\/\",\"url\":\"https:\/\/salihliosb.org.tr\/yasal-uyari\/\",\"name\":\"Yasal Uyar\u0131 - Salihli Organize Sanayi B\u00f6lgesi M\u00fcd\u00fcrl\u00fc\u011f\u00fc\",\"isPartOf\":{\"@id\":\"https:\/\/salihliosb.org.tr\/#website\"},\"datePublished\":\"2024-05-08T12:44:59+00:00\",\"dateModified\":\"2024-08-19T08:51:43+00:00\",\"breadcrumb\":{\"@id\":\"https:\/\/salihliosb.org.tr\/yasal-uyari\/#breadcrumb\"},\"inLanguage\":\"en-US\",\"potentialAction\":[{\"@type\":\"ReadAction\",\"target\":[\"https:\/\/salihliosb.org.tr\/yasal-uyari\/\"]}]},{\"@type\":\"BreadcrumbList\",\"@id\":\"https:\/\/salihliosb.org.tr\/yasal-uyari\/#breadcrumb\",\"itemListElement\":[{\"@type\":\"ListItem\",\"position\":1,\"name\":\"Anasayfa\",\"item\":\"https:\/\/salihliosb.org.tr\/\"},{\"@type\":\"ListItem\",\"position\":2,\"name\":\"Yasal Uyar\u0131\"}]},{\"@type\":\"WebSite\",\"@id\":\"https:\/\/salihliosb.org.tr\/#website\",\"url\":\"https:\/\/salihliosb.org.tr\/\",\"name\":\"Salihli Organize Sanayi B\u00f6lgesi M\u00fcd\u00fcrl\u00fc\u011f\u00fc\",\"description\":\"Sanayiye ve B\u00f6lgeye De\u011fer Kat\u0131yoruz, Gelece\u011fi \u0130n\u015fa Ediyoruz!\",\"publisher\":{\"@id\":\"https:\/\/salihliosb.org.tr\/#organization\"},\"potentialAction\":[{\"@type\":\"SearchAction\",\"target\":{\"@type\":\"EntryPoint\",\"urlTemplate\":\"https:\/\/salihliosb.org.tr\/?s={search_term_string}\"},\"query-input\":{\"@type\":\"PropertyValueSpecification\",\"valueRequired\":true,\"valueName\":\"search_term_string\"}}],\"inLanguage\":\"en-US\"},{\"@type\":\"Organization\",\"@id\":\"https:\/\/salihliosb.org.tr\/#organization\",\"name\":\"Salihli Organize Sanayi B\u00f6lgesi M\u00fcd\u00fcrl\u00fc\u011f\u00fc\",\"url\":\"https:\/\/salihliosb.org.tr\/\",\"logo\":{\"@type\":\"ImageObject\",\"inLanguage\":\"en-US\",\"@id\":\"https:\/\/salihliosb.org.tr\/#\/schema\/logo\/image\/\",\"url\":\"https:\/\/salihliosb.org.tr\/wp-content\/uploads\/2024\/09\/cropped-logo-400.png\",\"contentUrl\":\"https:\/\/salihliosb.org.tr\/wp-content\/uploads\/2024\/09\/cropped-logo-400.png\",\"width\":512,\"height\":512,\"caption\":\"Salihli Organize Sanayi B\u00f6lgesi M\u00fcd\u00fcrl\u00fc\u011f\u00fc\"},\"image\":{\"@id\":\"https:\/\/salihliosb.org.tr\/#\/schema\/logo\/image\/\"}}]}<\/script>\n<!-- \/ Yoast SEO Premium plugin. -->","yoast_head_json":{"title":"Yasal Uyar\u0131 - Salihli Organize Sanayi B\u00f6lgesi M\u00fcd\u00fcrl\u00fc\u011f\u00fc","robots":{"index":"index","follow":"follow","max-snippet":"max-snippet:-1","max-image-preview":"max-image-preview:large","max-video-preview":"max-video-preview:-1"},"canonical":"https:\/\/salihliosb.org.tr\/en\/yasal-uyari\/","og_locale":"en_US","og_type":"article","og_title":"Yasal Uyar\u0131","og_description":"YASAL UYARI Web sitesindeki malzemeleri, yaln\u0131zca ticari olmayan ki\u015fisel kullan\u0131m\u0131n\u0131z i\u00e7in g\u00f6r\u00fcnt\u00fclemeniz i\u00e7in taraf\u0131n\u0131za izin vermektedir. Web sitesindeki herhangi bir malzemeyi kullanman\u0131zdan kaynaklanacak her t\u00fcrl\u00fc hukuki ve cezai sorumluluk kullan\u0131c\u0131 olarak taraf\u0131n\u0131za ait olacakt\u0131r. Salihli OSB \u00a0web sitesinde yay\u0131nlanm\u0131\u015f bilgiler ya da bilgilere dayan\u0131larak yap\u0131lan i\u015flemlerden veya siteye ula\u015f\u0131lamamas\u0131ndan do\u011fan ve do\u011facak zarar ve\/veya kay\u0131plardan [&hellip;]","og_url":"https:\/\/salihliosb.org.tr\/en\/yasal-uyari\/","og_site_name":"Salihli Organize Sanayi B\u00f6lgesi M\u00fcd\u00fcrl\u00fc\u011f\u00fc","article_modified_time":"2024-08-19T08:51:43+00:00","twitter_card":"summary_large_image","twitter_misc":{"Est. reading time":"1 minute"},"schema":{"@context":"https:\/\/schema.org","@graph":[{"@type":"WebPage","@id":"https:\/\/salihliosb.org.tr\/yasal-uyari\/","url":"https:\/\/salihliosb.org.tr\/yasal-uyari\/","name":"Yasal Uyar\u0131 - Salihli Organize Sanayi B\u00f6lgesi M\u00fcd\u00fcrl\u00fc\u011f\u00fc","isPartOf":{"@id":"https:\/\/salihliosb.org.tr\/#website"},"datePublished":"2024-05-08T12:44:59+00:00","dateModified":"2024-08-19T08:51:43+00:00","breadcrumb":{"@id":"https:\/\/salihliosb.org.tr\/yasal-uyari\/#breadcrumb"},"inLanguage":"en-US","potentialAction":[{"@type":"ReadAction","target":["https:\/\/salihliosb.org.tr\/yasal-uyari\/"]}]},{"@type":"BreadcrumbList","@id":"https:\/\/salihliosb.org.tr\/yasal-uyari\/#breadcrumb","itemListElement":[{"@type":"ListItem","position":1,"name":"Anasayfa","item":"https:\/\/salihliosb.org.tr\/"},{"@type":"ListItem","position":2,"name":"Yasal Uyar\u0131"}]},{"@type":"WebSite","@id":"https:\/\/salihliosb.org.tr\/#website","url":"https:\/\/salihliosb.org.tr\/","name":"Salihli Organize Sanayi B\u00f6lgesi M\u00fcd\u00fcrl\u00fc\u011f\u00fc","description":"Sanayiye ve B\u00f6lgeye De\u011fer Kat\u0131yoruz, Gelece\u011fi \u0130n\u015fa Ediyoruz!","publisher":{"@id":"https:\/\/salihliosb.org.tr\/#organization"},"potentialAction":[{"@type":"SearchAction","target":{"@type":"EntryPoint","urlTemplate":"https:\/\/salihliosb.org.tr\/?s={search_term_string}"},"query-input":{"@type":"PropertyValueSpecification","valueRequired":true,"valueName":"search_term_string"}}],"inLanguage":"en-US"},{"@type":"Organization","@id":"https:\/\/salihliosb.org.tr\/#organization","name":"Salihli Organize Sanayi B\u00f6lgesi M\u00fcd\u00fcrl\u00fc\u011f\u00fc","url":"https:\/\/salihliosb.org.tr\/","logo":{"@type":"ImageObject","inLanguage":"en-US","@id":"https:\/\/salihliosb.org.tr\/#\/schema\/logo\/image\/","url":"https:\/\/salihliosb.org.tr\/wp-content\/uploads\/2024\/09\/cropped-logo-400.png","contentUrl":"https:\/\/salihliosb.org.tr\/wp-content\/uploads\/2024\/09\/cropped-logo-400.png","width":512,"height":512,"caption":"Salihli Organize Sanayi B\u00f6lgesi M\u00fcd\u00fcrl\u00fc\u011f\u00fc"},"image":{"@id":"https:\/\/salihliosb.org.tr\/#\/schema\/logo\/image\/"}}]}},"_links":{"self":[{"href":"https:\/\/salihliosb.org.tr\/en\/wp-json\/wp\/v2\/pages\/8489","targetHints":{"allow":["GET"]}}],"collection":[{"href":"https:\/\/salihliosb.org.tr\/en\/wp-json\/wp\/v2\/pages"}],"about":[{"href":"https:\/\/salihliosb.org.tr\/en\/wp-json\/wp\/v2\/types\/page"}],"author":[{"embeddable":true,"href":"https:\/\/salihliosb.org.tr\/en\/wp-json\/wp\/v2\/users\/1"}],"replies":[{"embeddable":true,"href":"https:\/\/salihliosb.org.tr\/en\/wp-json\/wp\/v2\/comments?post=8489"}],"version-history":[{"count":0,"href":"https:\/\/salihliosb.org.tr\/en\/wp-json\/wp\/v2\/pages\/8489\/revisions"}],"wp:attachment":[{"href":"https:\/\/salihliosb.org.tr\/en\/wp-json\/wp\/v2\/media?parent=8489"}],"curies":[{"name":"wp","href":"https:\/\/api.w.org\/{rel}","templated":true}]}}