{"id":8494,"date":"2024-05-08T16:04:15","date_gmt":"2024-05-08T13:04:15","guid":{"rendered":"https:\/\/salihliosb.org.tr\/?page_id=8494"},"modified":"2024-09-18T17:18:11","modified_gmt":"2024-09-18T14:18:11","slug":"aydinlatma-metni","status":"publish","type":"page","link":"https:\/\/salihliosb.org.tr\/en\/aydinlatma-metni\/","title":{"rendered":"Clarification Text"},"content":{"rendered":"<div data-elementor-type=\"wp-page\" data-elementor-id=\"8494\" class=\"elementor elementor-8494\" data-elementor-post-type=\"page\">\n\t\t\t\t        <section class=\"elementor-section elementor-top-section elementor-element elementor-element-bb227d0 elementor-section-boxed elementor-section-height-default elementor-section-height-default pxl-type-header-none pxl-row-scroll-none pxl-bg-color-none pxl-section-overlay-none\" data-id=\"bb227d0\" data-element_type=\"section\">\n\n                \n                <div class=\"elementor-container elementor-column-gap-extended\">\n                <div class=\"elementor-column elementor-col-100 elementor-top-column elementor-element elementor-element-c81bcd8 pxl-col-none pxl-column-none\" data-id=\"c81bcd8\" data-element_type=\"column\">\r\n        <div class=\"elementor-widget-wrap elementor-element-populated\">\r\n                     \r\n        \t\t<div class=\"elementor-element elementor-element-b129758 elementor-widget elementor-widget-text_editor\" data-id=\"b129758\" data-element_type=\"widget\" data-widget_type=\"text_editor.default\">\n\t\t\t\t<div class=\"elementor-widget-container\">\n\t\t\t<div class=\"pxl-text-editor\">\n\t<div class=\"pxl-item--inner\" data-wow-delay=\"ms\">\n\t\t<p class=\"p1\"><span class=\"s1\"><b>CLARIFICATION TEXT<\/b><\/span><\/p><p class=\"p2\">As Salihli Organized Industrial Zone, we attach importance to the security of your personal data that we process as the data controller defined in the Personal Data Protection Law No. 6698. For this reason, we would like to inform you about the processing of your personal data.<\/p><p class=\"p3\"><b>PURPOSE AND LEGAL REASON FOR PROCESSING YOUR PERSONAL DATA<\/b><\/p><p class=\"p2\">Your personal data is processed in accordance with the Law No. 6698 on the Protection of Personal Data and secondary regulations within the framework of the following purposes and legal reasons: In this context\u00a0<span class=\"s2\">\"https:\/\/www.salihliosb.org.tr\"\u00a0<\/span>Your personal data such as \"Name-surname, e-mail address, IP Address, Log Records\" obtained from our website at the address of \"Name-Surname, e-mail address, IP Address, Log Records\" based on the legitimate interests of the institution and the fulfillment of legal obligations and the legal reasons for the establishment and protection of the right, within the scope of the legal reasons in paragraphs \"\u00e7\", \"e\" and \"f\" of paragraph 2 of Article 5 of Law No. 6698. Within the scope of the legal reasons in paragraphs \"\u00e7\", \"e\" and \"f\" of paragraph 2 of Article 5 of Law No. 6698, fulfillment of obligations under Law No. 5651, development of the service offered to you, ensuring its security, detection of fraudulent or unauthorized use, investigation of operational evaluations, elimination of errors regarding Website services, communication with you, facilitation of your internet usage activities and other purposes.<\/p><p class=\"p4\"><b>TRANSFER OF PERSONAL DATA<\/b><\/p><p class=\"p5\">Salihli Organized Industrial Zone may use your personal data for the above-mentioned \"fulfillment of obligations within the scope of Law No. 5651, improving the service offered to you, ensuring security, receiving your suggestions and complaints, detecting improper use, communicating with you and other purposes specified in our cookie policy\" and hosting service providers (hosting services) in order to achieve any of these purposes, third parties such as law offices, research companies, call centers, and partners and affiliates at home and\/or abroad (and\/or third party business partners that need to be shared for the fulfillment of the work) in accordance with the purposes for which the data is provided, in accordance with Articles 8 and 9 of the Law. and 9. in accordance with Articles 8 and 9 of the Law.<\/p><p class=\"p4\"><b>METHODS OF COLLECTING PERSONAL DATA<\/b><\/p><p class=\"p5\">Salihli Organized Industrial Zone collects your personal data; by logging in to our website and \/ or filling out the contact form to communicate. In addition, your personal data is also collected in cases where you contact Salihli Organized Industrial Zone by other methods.<\/p><p class=\"p4\"><b>STORAGE OF PERSONAL DATA<\/b><\/p><p class=\"p5\">Your personal data will be processed and stored within the scope of the legal exceptions specified above within the scope of Article 5 of the Law No. 6698 on the Protection of Personal Data. In this context, personal data will be stored for the period required by the above-mentioned processing purposes. In addition, Salihli Organized Industrial Zone will be able to store personal data in case of any dispute that may arise between the Relevant Persons, limited to the purpose of realizing the necessary defenses within the scope of the dispute and during the statute of limitations determined in accordance with the legislation.<\/p><p class=\"p4\"><b>YOUR RIGHTS REGARDING YOUR PERSONAL DATA<\/b><\/p><p class=\"p5\">By applying to Salihli Organized Industrial Zone as the data owner;<\/p><ul class=\"ul1\"><li class=\"li3\">Learn whether your personal data is being processed,<\/li><li class=\"li3\">Request information if your personal data has been processed,<\/li><li class=\"li3\">To learn the purpose of processing your personal data and whether they are used in accordance with their purpose,<\/li><li class=\"li3\">To know the third parties to whom your personal data is transferred domestically or abroad,<\/li><li class=\"li3\">To request correction of your personal data in case of incomplete or incorrect processing and to request notification of the transactions made within this scope to third parties to whom your personal data has been transferred,<\/li><li class=\"li3\">To request the deletion or destruction of your personal data in the event that the reasons requiring the processing of your personal data disappear and to request notification of the transactions made within this scope to third parties to whom your personal data has been transferred,<\/li><li class=\"li3\">To object to the occurrence of a result against you by analyzing your processed data exclusively through automated systems,<\/li><li class=\"li3\">To request the deletion or destruction of personal data within the framework of the conditions specified in Article 7 of the Law, and to request that the correction, deletion or destruction of personal data be notified to third parties with whom personal data are shared,<br \/><ul class=\"ul1\"><li class=\"li3\">You have the right to demand compensation for damages in case you suffer damage due to unlawful processing of your personal data.<\/li><\/ul><\/li><\/ul><p class=\"p4\">If you submit your requests regarding your rights listed above to Salihli Organized Industrial Zone in accordance with the application procedures stipulated, Salihli Organized Industrial Zone will finalize your request free of charge as soon as possible and within 30 (thirty) days at the latest.<span class=\"Apple-converted-space\">\u00a0<\/span><\/p><p class=\"p4\">\u00a0<\/p>\t\t\n\t<\/div>\n<\/div>\t\t<\/div>\n\t\t\t\t<\/div>\n\t\t            <\/div>\r\n        <\/div>\r\n        \t\t\t<\/div>\n\t\t<\/section>\n\t\t\t\t<\/div>","protected":false},"excerpt":{"rendered":"<p>AYDINLATMA METN\u0130 Salihli Organize Sanayi B\u00f6lgesi olarak 6698 say\u0131l\u0131 Ki\u015fisel Verilerin Korunmas\u0131 Kanunu\u2019nda tan\u0131ml\u0131 veri sorumlusu s\u0131fat\u0131yla i\u015fledi\u011fimiz ki\u015fisel verilerinizin g\u00fcvenli\u011fine \u00f6nem veriyoruz. Bu nedenle sizleri ki\u015fisel verilerinizin i\u015flenmesine ili\u015fkin olarak bilgilendirmek isteriz. K\u0130\u015e\u0130SEL VER\u0130LER\u0130N\u0130Z\u0130N \u0130\u015eLENME AMACI VE HUKUK\u0130 SEBEB\u0130 Ki\u015fisel verileriniz 6698 say\u0131l\u0131 Ki\u015fisel Verilerin Korunmas\u0131 Kanunu ve ikincil d\u00fczenlemelere uygun olarak a\u015fa\u011f\u0131da belirtilen [&hellip;]<\/p>","protected":false},"author":1,"featured_media":0,"parent":0,"menu_order":0,"comment_status":"closed","ping_status":"closed","template":"","meta":{"footnotes":""},"class_list":["post-8494","page","type-page","status-publish","hentry"],"yoast_head":"<!-- This site is optimized with the Yoast SEO Premium plugin v22.5 (Yoast SEO v24.2) - https:\/\/yoast.com\/wordpress\/plugins\/seo\/ -->\n<title>Ayd\u0131nlatma Metni - Salihli Organize Sanayi B\u00f6lgesi M\u00fcd\u00fcrl\u00fc\u011f\u00fc<\/title>\n<meta name=\"robots\" content=\"index, follow, max-snippet:-1, max-image-preview:large, max-video-preview:-1\" \/>\n<link rel=\"canonical\" href=\"https:\/\/salihliosb.org.tr\/en\/aydinlatma-metni\/\" \/>\n<meta property=\"og:locale\" content=\"en_US\" \/>\n<meta property=\"og:type\" content=\"article\" \/>\n<meta property=\"og:title\" content=\"Ayd\u0131nlatma Metni\" \/>\n<meta property=\"og:description\" content=\"AYDINLATMA METN\u0130 Salihli Organize Sanayi B\u00f6lgesi olarak 6698 say\u0131l\u0131 Ki\u015fisel Verilerin Korunmas\u0131 Kanunu\u2019nda tan\u0131ml\u0131 veri sorumlusu s\u0131fat\u0131yla i\u015fledi\u011fimiz ki\u015fisel verilerinizin g\u00fcvenli\u011fine \u00f6nem veriyoruz. Bu nedenle sizleri ki\u015fisel verilerinizin i\u015flenmesine ili\u015fkin olarak bilgilendirmek isteriz. K\u0130\u015e\u0130SEL VER\u0130LER\u0130N\u0130Z\u0130N \u0130\u015eLENME AMACI VE HUKUK\u0130 SEBEB\u0130 Ki\u015fisel verileriniz 6698 say\u0131l\u0131 Ki\u015fisel Verilerin Korunmas\u0131 Kanunu ve ikincil d\u00fczenlemelere uygun olarak a\u015fa\u011f\u0131da belirtilen [&hellip;]\" \/>\n<meta property=\"og:url\" content=\"https:\/\/salihliosb.org.tr\/en\/aydinlatma-metni\/\" \/>\n<meta property=\"og:site_name\" content=\"Salihli Organize Sanayi B\u00f6lgesi M\u00fcd\u00fcrl\u00fc\u011f\u00fc\" \/>\n<meta property=\"article:modified_time\" content=\"2024-09-18T14:18:11+00:00\" \/>\n<meta name=\"twitter:card\" content=\"summary_large_image\" \/>\n<meta name=\"twitter:label1\" content=\"Est. reading time\" \/>\n\t<meta name=\"twitter:data1\" content=\"4 minutes\" \/>\n<script type=\"application\/ld+json\" class=\"yoast-schema-graph\">{\"@context\":\"https:\/\/schema.org\",\"@graph\":[{\"@type\":\"WebPage\",\"@id\":\"https:\/\/salihliosb.org.tr\/aydinlatma-metni\/\",\"url\":\"https:\/\/salihliosb.org.tr\/aydinlatma-metni\/\",\"name\":\"Ayd\u0131nlatma Metni - Salihli Organize Sanayi B\u00f6lgesi M\u00fcd\u00fcrl\u00fc\u011f\u00fc\",\"isPartOf\":{\"@id\":\"https:\/\/salihliosb.org.tr\/#website\"},\"datePublished\":\"2024-05-08T13:04:15+00:00\",\"dateModified\":\"2024-09-18T14:18:11+00:00\",\"breadcrumb\":{\"@id\":\"https:\/\/salihliosb.org.tr\/aydinlatma-metni\/#breadcrumb\"},\"inLanguage\":\"en-US\",\"potentialAction\":[{\"@type\":\"ReadAction\",\"target\":[\"https:\/\/salihliosb.org.tr\/aydinlatma-metni\/\"]}]},{\"@type\":\"BreadcrumbList\",\"@id\":\"https:\/\/salihliosb.org.tr\/aydinlatma-metni\/#breadcrumb\",\"itemListElement\":[{\"@type\":\"ListItem\",\"position\":1,\"name\":\"Anasayfa\",\"item\":\"https:\/\/salihliosb.org.tr\/\"},{\"@type\":\"ListItem\",\"position\":2,\"name\":\"Ayd\u0131nlatma Metni\"}]},{\"@type\":\"WebSite\",\"@id\":\"https:\/\/salihliosb.org.tr\/#website\",\"url\":\"https:\/\/salihliosb.org.tr\/\",\"name\":\"Salihli Organize Sanayi B\u00f6lgesi M\u00fcd\u00fcrl\u00fc\u011f\u00fc\",\"description\":\"Sanayiye ve B\u00f6lgeye De\u011fer Kat\u0131yoruz, Gelece\u011fi \u0130n\u015fa Ediyoruz!\",\"publisher\":{\"@id\":\"https:\/\/salihliosb.org.tr\/#organization\"},\"potentialAction\":[{\"@type\":\"SearchAction\",\"target\":{\"@type\":\"EntryPoint\",\"urlTemplate\":\"https:\/\/salihliosb.org.tr\/?s={search_term_string}\"},\"query-input\":{\"@type\":\"PropertyValueSpecification\",\"valueRequired\":true,\"valueName\":\"search_term_string\"}}],\"inLanguage\":\"en-US\"},{\"@type\":\"Organization\",\"@id\":\"https:\/\/salihliosb.org.tr\/#organization\",\"name\":\"Salihli Organize Sanayi B\u00f6lgesi M\u00fcd\u00fcrl\u00fc\u011f\u00fc\",\"url\":\"https:\/\/salihliosb.org.tr\/\",\"logo\":{\"@type\":\"ImageObject\",\"inLanguage\":\"en-US\",\"@id\":\"https:\/\/salihliosb.org.tr\/#\/schema\/logo\/image\/\",\"url\":\"https:\/\/salihliosb.org.tr\/wp-content\/uploads\/2024\/09\/cropped-logo-400.png\",\"contentUrl\":\"https:\/\/salihliosb.org.tr\/wp-content\/uploads\/2024\/09\/cropped-logo-400.png\",\"width\":512,\"height\":512,\"caption\":\"Salihli Organize Sanayi B\u00f6lgesi M\u00fcd\u00fcrl\u00fc\u011f\u00fc\"},\"image\":{\"@id\":\"https:\/\/salihliosb.org.tr\/#\/schema\/logo\/image\/\"}}]}<\/script>\n<!-- \/ Yoast SEO Premium plugin. -->","yoast_head_json":{"title":"Ayd\u0131nlatma Metni - Salihli Organize Sanayi B\u00f6lgesi M\u00fcd\u00fcrl\u00fc\u011f\u00fc","robots":{"index":"index","follow":"follow","max-snippet":"max-snippet:-1","max-image-preview":"max-image-preview:large","max-video-preview":"max-video-preview:-1"},"canonical":"https:\/\/salihliosb.org.tr\/en\/aydinlatma-metni\/","og_locale":"en_US","og_type":"article","og_title":"Ayd\u0131nlatma Metni","og_description":"AYDINLATMA METN\u0130 Salihli Organize Sanayi B\u00f6lgesi olarak 6698 say\u0131l\u0131 Ki\u015fisel Verilerin Korunmas\u0131 Kanunu\u2019nda tan\u0131ml\u0131 veri sorumlusu s\u0131fat\u0131yla i\u015fledi\u011fimiz ki\u015fisel verilerinizin g\u00fcvenli\u011fine \u00f6nem veriyoruz. Bu nedenle sizleri ki\u015fisel verilerinizin i\u015flenmesine ili\u015fkin olarak bilgilendirmek isteriz. K\u0130\u015e\u0130SEL VER\u0130LER\u0130N\u0130Z\u0130N \u0130\u015eLENME AMACI VE HUKUK\u0130 SEBEB\u0130 Ki\u015fisel verileriniz 6698 say\u0131l\u0131 Ki\u015fisel Verilerin Korunmas\u0131 Kanunu ve ikincil d\u00fczenlemelere uygun olarak a\u015fa\u011f\u0131da belirtilen [&hellip;]","og_url":"https:\/\/salihliosb.org.tr\/en\/aydinlatma-metni\/","og_site_name":"Salihli Organize Sanayi B\u00f6lgesi M\u00fcd\u00fcrl\u00fc\u011f\u00fc","article_modified_time":"2024-09-18T14:18:11+00:00","twitter_card":"summary_large_image","twitter_misc":{"Est. reading time":"4 minutes"},"schema":{"@context":"https:\/\/schema.org","@graph":[{"@type":"WebPage","@id":"https:\/\/salihliosb.org.tr\/aydinlatma-metni\/","url":"https:\/\/salihliosb.org.tr\/aydinlatma-metni\/","name":"Ayd\u0131nlatma Metni - Salihli Organize Sanayi B\u00f6lgesi M\u00fcd\u00fcrl\u00fc\u011f\u00fc","isPartOf":{"@id":"https:\/\/salihliosb.org.tr\/#website"},"datePublished":"2024-05-08T13:04:15+00:00","dateModified":"2024-09-18T14:18:11+00:00","breadcrumb":{"@id":"https:\/\/salihliosb.org.tr\/aydinlatma-metni\/#breadcrumb"},"inLanguage":"en-US","potentialAction":[{"@type":"ReadAction","target":["https:\/\/salihliosb.org.tr\/aydinlatma-metni\/"]}]},{"@type":"BreadcrumbList","@id":"https:\/\/salihliosb.org.tr\/aydinlatma-metni\/#breadcrumb","itemListElement":[{"@type":"ListItem","position":1,"name":"Anasayfa","item":"https:\/\/salihliosb.org.tr\/"},{"@type":"ListItem","position":2,"name":"Ayd\u0131nlatma Metni"}]},{"@type":"WebSite","@id":"https:\/\/salihliosb.org.tr\/#website","url":"https:\/\/salihliosb.org.tr\/","name":"Salihli Organize Sanayi B\u00f6lgesi M\u00fcd\u00fcrl\u00fc\u011f\u00fc","description":"Sanayiye ve B\u00f6lgeye De\u011fer Kat\u0131yoruz, Gelece\u011fi \u0130n\u015fa Ediyoruz!","publisher":{"@id":"https:\/\/salihliosb.org.tr\/#organization"},"potentialAction":[{"@type":"SearchAction","target":{"@type":"EntryPoint","urlTemplate":"https:\/\/salihliosb.org.tr\/?s={search_term_string}"},"query-input":{"@type":"PropertyValueSpecification","valueRequired":true,"valueName":"search_term_string"}}],"inLanguage":"en-US"},{"@type":"Organization","@id":"https:\/\/salihliosb.org.tr\/#organization","name":"Salihli Organize Sanayi B\u00f6lgesi M\u00fcd\u00fcrl\u00fc\u011f\u00fc","url":"https:\/\/salihliosb.org.tr\/","logo":{"@type":"ImageObject","inLanguage":"en-US","@id":"https:\/\/salihliosb.org.tr\/#\/schema\/logo\/image\/","url":"https:\/\/salihliosb.org.tr\/wp-content\/uploads\/2024\/09\/cropped-logo-400.png","contentUrl":"https:\/\/salihliosb.org.tr\/wp-content\/uploads\/2024\/09\/cropped-logo-400.png","width":512,"height":512,"caption":"Salihli Organize Sanayi B\u00f6lgesi M\u00fcd\u00fcrl\u00fc\u011f\u00fc"},"image":{"@id":"https:\/\/salihliosb.org.tr\/#\/schema\/logo\/image\/"}}]}},"_links":{"self":[{"href":"https:\/\/salihliosb.org.tr\/en\/wp-json\/wp\/v2\/pages\/8494","targetHints":{"allow":["GET"]}}],"collection":[{"href":"https:\/\/salihliosb.org.tr\/en\/wp-json\/wp\/v2\/pages"}],"about":[{"href":"https:\/\/salihliosb.org.tr\/en\/wp-json\/wp\/v2\/types\/page"}],"author":[{"embeddable":true,"href":"https:\/\/salihliosb.org.tr\/en\/wp-json\/wp\/v2\/users\/1"}],"replies":[{"embeddable":true,"href":"https:\/\/salihliosb.org.tr\/en\/wp-json\/wp\/v2\/comments?post=8494"}],"version-history":[{"count":6,"href":"https:\/\/salihliosb.org.tr\/en\/wp-json\/wp\/v2\/pages\/8494\/revisions"}],"predecessor-version":[{"id":11167,"href":"https:\/\/salihliosb.org.tr\/en\/wp-json\/wp\/v2\/pages\/8494\/revisions\/11167"}],"wp:attachment":[{"href":"https:\/\/salihliosb.org.tr\/en\/wp-json\/wp\/v2\/media?parent=8494"}],"curies":[{"name":"wp","href":"https:\/\/api.w.org\/{rel}","templated":true}]}}