{"id":9299,"date":"2024-06-03T14:16:34","date_gmt":"2024-06-03T11:16:34","guid":{"rendered":"https:\/\/salihliosb.org.tr\/?page_id=9299"},"modified":"2024-09-09T10:00:45","modified_gmt":"2024-09-09T07:00:45","slug":"avrupa-yesil-mutabakati-calismalari","status":"publish","type":"page","link":"https:\/\/salihliosb.org.tr\/en\/avrupa-yesil-mutabakati-calismalari\/","title":{"rendered":"Work on the European Green Deal"},"content":{"rendered":"<div data-elementor-type=\"wp-page\" data-elementor-id=\"9299\" class=\"elementor elementor-9299\" data-elementor-post-type=\"page\">\n\t\t\t\t        <section class=\"elementor-section elementor-top-section elementor-element elementor-element-f4ff6bb elementor-section-boxed elementor-section-height-default elementor-section-height-default pxl-type-header-none pxl-row-scroll-none pxl-bg-color-none pxl-section-overlay-none\" data-id=\"f4ff6bb\" data-element_type=\"section\">\n\n                \n                <div class=\"elementor-container elementor-column-gap-default\">\n                <div class=\"elementor-column elementor-col-100 elementor-top-column elementor-element elementor-element-e79210b pxl-col-none pxl-column-none\" data-id=\"e79210b\" data-element_type=\"column\">\r\n        <div class=\"elementor-widget-wrap elementor-element-populated\">\r\n                     \r\n        \t\t<div class=\"elementor-element elementor-element-479af64 elementor-widget elementor-widget-text-editor\" data-id=\"479af64\" data-element_type=\"widget\" data-widget_type=\"text-editor.default\">\n\t\t\t\t<div class=\"elementor-widget-container\">\n\t\t\t<style>\/*! elementor - v3.22.0 - 26-06-2024 *\/\n.elementor-widget-text-editor.elementor-drop-cap-view-stacked .elementor-drop-cap{background-color:#69727d;color:#fff}.elementor-widget-text-editor.elementor-drop-cap-view-framed .elementor-drop-cap{color:#69727d;border:3px solid;background-color:transparent}.elementor-widget-text-editor:not(.elementor-drop-cap-view-default) .elementor-drop-cap{margin-top:8px}.elementor-widget-text-editor:not(.elementor-drop-cap-view-default) .elementor-drop-cap-letter{width:1em;height:1em}.elementor-widget-text-editor .elementor-drop-cap{float:left;text-align:center;line-height:1;font-size:50px}.elementor-widget-text-editor .elementor-drop-cap-letter{display:inline-block}<\/style>\t\t\t\t<div class=\"elementor-element elementor-element-95fdc55 elementor-widget elementor-widget-heading\" data-id=\"95fdc55\" data-element_type=\"widget\" data-widget_type=\"heading.default\"><div class=\"elementor-widget-container\"><h3 class=\"elementor-heading-title elementor-size-default\">Green Consensus<\/h3><p>\u00a0<\/p><\/div><\/div><div class=\"elementor-element elementor-element-dd46869 elementor-widget elementor-widget-text-editor\" data-id=\"dd46869\" data-element_type=\"widget\" data-widget_type=\"text-editor.default\"><div class=\"elementor-widget-container\"><p class=\"Normal tm6\"><span class=\"tm8\">In addition to the challenges brought by the pandemic, the world economy is going through a more difficult period in many areas. In 2020, the global economy experienced a historical contraction of 3.3 percent, while world trade in goods shrank by 5.3 percent.<\/span><\/p><p class=\"Normal tm6\"><span class=\"tm8\">Today, economic growth and contraction are no longer measured only by financial data. More equitable, inclusive and sustainable strategies and investments with a smaller carbon footprint are gaining importance.<\/span><\/p><p class=\"Normal tm6\"><span class=\"tm8\">The 21st century has brought digital and green transformation to the center of the global agenda. Thus, while policies to combat climate change have gained momentum around the world, the link between climate change and trade policies has become increasingly stronger.<\/span><\/p><p class=\"Normal tm6\"><span class=\"tm8\">There are various roadmaps to build a more livable world against the climate crisis and to transform the system in a humane way. One of these is the European Green Deal.<\/span><\/p><p class=\"Normal tm6\"><strong><span class=\"tm7\">What is the Green Deal?<\/span><\/strong><\/p><p class=\"Normal tm6\"><span class=\"tm8\">The 2019 Green Deal aims to minimize the impacts of the global climate crisis. While the policy focuses on the European Union's broader and more effective implementation of its existing targets, the policy's target year for these EU commitments is 2050. The agreement covers transformative policies based on improving Europe's climate until the target year is reached.<\/span><\/p><p class=\"Normal tm6\"><strong><span class=\"tm7\">Green Consensus Pl<\/span><\/strong><strong><span class=\"tm7\">What are the Principles of memory?<\/span><\/strong><\/p><p class=\"Normal tm6\"><span class=\"tm8\">The green consensus policy is based on a more moderate use of natural and environmental resources. The EU's targeted action plan envisages a strategy to reduce environmental pollution as well as minimizing the severe emissions that cause the climate crisis. The Green Deal action plan aims to make more efficient use of resources within the framework of a circular and clean economy. It also aims to reduce pollution by restoring biodiversity. The plan is based on policy principles. These principles can be listed as follows:<\/span><\/p><ul><li class=\"ListeParagraf tm9\">Sustainable mobility (Sustainable means of transportation),<\/li><li class=\"ListeParagraf tm9\">Biodiversity (Proposals to make an unstable ecosystem more stable),<\/li><li class=\"ListeParagraf tm9\">Eliminating pollution,<\/li><li class=\"ListeParagraf tm9\">Sustainable industry (production cycles that do not harm the environment and nature),<\/li><li class=\"ListeParagraf tm9\">Construction and renovation (A green and clean construction sector),<\/li><li class=\"ListeParagraf tm9\">From farm to fork (Sustainable food strategy).<\/li><\/ul><p class=\"Normal tm6\"><strong><span class=\"tm8\">GREEN CONSENSUS MEETING IN Salihli OIZ<\/span><\/strong><\/p><p class=\"Normal tm6\"><span class=\"tm8\">An informative meeting on \"Green Consensus\" was organized with the participation of our Unit Managers.<\/span><\/p><\/div><\/div>\t\t\t\t\t\t<\/div>\n\t\t\t\t<\/div>\n\t\t\t\t<div class=\"elementor-element elementor-element-787f4fb elementor-widget elementor-widget-image\" data-id=\"787f4fb\" data-element_type=\"widget\" data-widget_type=\"image.default\">\n\t\t\t\t<div class=\"elementor-widget-container\">\n\t\t\t<style>\/*! elementor - v3.22.0 - 26-06-2024 *\/\n.elementor-widget-image{text-align:center}.elementor-widget-image a{display:inline-block}.elementor-widget-image a img[src$=\".svg\"]{width:48px}.elementor-widget-image img{vertical-align:middle;display:inline-block}<\/style>\t\t\t\t\t\t\t\t\t\t<img fetchpriority=\"high\" decoding=\"async\" width=\"502\" height=\"710\" src=\"https:\/\/salihliosb.org.tr\/wp-content\/uploads\/2024\/06\/osbyesil-502x710.png\" class=\"attachment-post-thumbnail size-post-thumbnail wp-image-9302\" alt=\"\" srcset=\"https:\/\/salihliosb.org.tr\/wp-content\/uploads\/2024\/06\/osbyesil-502x710.png 502w, https:\/\/salihliosb.org.tr\/wp-content\/uploads\/2024\/06\/osbyesil-212x300.png 212w, https:\/\/salihliosb.org.tr\/wp-content\/uploads\/2024\/06\/osbyesil-724x1024.png 724w, https:\/\/salihliosb.org.tr\/wp-content\/uploads\/2024\/06\/osbyesil-768x1086.png 768w, https:\/\/salihliosb.org.tr\/wp-content\/uploads\/2024\/06\/osbyesil.png 1000w\" sizes=\"(max-width: 502px) 100vw, 502px\" \/>\t\t\t\t\t\t\t\t\t\t\t\t\t<\/div>\n\t\t\t\t<\/div>\n\t\t            <\/div>\r\n        <\/div>\r\n        \t\t\t<\/div>\n\t\t<\/section>\n\t\t\t\t<\/div>","protected":false},"excerpt":{"rendered":"<p>Ye\u015fil Mutabakat D\u00fcnya ekonomisi, pandeminin beraberinde getirdi\u011fi g\u00fc\u00e7l\u00fcklerin yan\u0131 s\u0131ra bir\u00e7ok alanda daha zor bir d\u00f6nemden ge\u00e7iyor. 2020 y\u0131l\u0131nda k\u00fcresel ekonomide y\u00fczde 3,3\u2019l\u00fck tarihsel bir daralma ya\u015fan\u0131rken, d\u00fcnya mal ticaretinde ise y\u00fczde 5,3\u2019l\u00fck k\u00fc\u00e7\u00fclme meydana geldi. Bug\u00fcn ekonomik b\u00fcy\u00fcme ve k\u00fc\u00e7\u00fclmeler art\u0131k sadece finansal verilerle \u00f6l\u00e7\u00fclm\u00fcyor. Daha adil, kapsay\u0131c\u0131 ve s\u00fcrd\u00fcr\u00fclebilir stratejiler; karbon ayak izi [&hellip;]<\/p>","protected":false},"author":1,"featured_media":0,"parent":0,"menu_order":0,"comment_status":"closed","ping_status":"closed","template":"","meta":{"footnotes":""},"class_list":["post-9299","page","type-page","status-publish","hentry"],"yoast_head":"<!-- This site is optimized with the Yoast SEO Premium plugin v22.5 (Yoast SEO v24.2) - https:\/\/yoast.com\/wordpress\/plugins\/seo\/ -->\n<title>Avrupa Ye\u015fil Mutabakat\u0131 \u00c7al\u0131\u015fmalar\u0131 - Salihli Organize Sanayi B\u00f6lgesi M\u00fcd\u00fcrl\u00fc\u011f\u00fc<\/title>\n<meta name=\"description\" content=\"Salihli Organize Sanayi B\u00f6lgesi, Avrupa Ye\u015fil Mutabakat\u0131 ile uyumlu s\u00fcrd\u00fcr\u00fclebilir sanayi ve \u00e7evre dostu \u00fcretim hedefleri do\u011frultusunda, ye\u015fil enerji ve karbon ayak izini azaltma projelerini hayata ge\u00e7iriyor.\" \/>\n<meta name=\"robots\" content=\"index, follow, max-snippet:-1, max-image-preview:large, max-video-preview:-1\" \/>\n<link rel=\"canonical\" href=\"https:\/\/salihliosb.org.tr\/en\/avrupa-yesil-mutabakati-calismalari\/\" \/>\n<meta property=\"og:locale\" content=\"en_US\" \/>\n<meta property=\"og:type\" content=\"article\" \/>\n<meta property=\"og:title\" content=\"Avrupa Ye\u015fil Mutabakat\u0131 \u00c7al\u0131\u015fmalar\u0131\" \/>\n<meta property=\"og:description\" content=\"Salihli Organize Sanayi B\u00f6lgesi, Avrupa Ye\u015fil Mutabakat\u0131 ile uyumlu s\u00fcrd\u00fcr\u00fclebilir sanayi ve \u00e7evre dostu \u00fcretim hedefleri do\u011frultusunda, ye\u015fil enerji ve karbon ayak izini azaltma projelerini hayata ge\u00e7iriyor.\" \/>\n<meta property=\"og:url\" content=\"https:\/\/salihliosb.org.tr\/en\/avrupa-yesil-mutabakati-calismalari\/\" \/>\n<meta property=\"og:site_name\" content=\"Salihli Organize Sanayi B\u00f6lgesi M\u00fcd\u00fcrl\u00fc\u011f\u00fc\" \/>\n<meta property=\"article:modified_time\" content=\"2024-09-09T07:00:45+00:00\" \/>\n<meta property=\"og:image\" content=\"https:\/\/salihliosb.org.tr\/wp-content\/uploads\/2024\/06\/osbyesil-502x710.png\" \/>\n<meta name=\"twitter:card\" content=\"summary_large_image\" \/>\n<meta name=\"twitter:label1\" content=\"Est. reading time\" \/>\n\t<meta name=\"twitter:data1\" content=\"3 minutes\" \/>\n<script type=\"application\/ld+json\" class=\"yoast-schema-graph\">{\"@context\":\"https:\/\/schema.org\",\"@graph\":[{\"@type\":\"WebPage\",\"@id\":\"https:\/\/salihliosb.org.tr\/avrupa-yesil-mutabakati-calismalari\/\",\"url\":\"https:\/\/salihliosb.org.tr\/avrupa-yesil-mutabakati-calismalari\/\",\"name\":\"Avrupa Ye\u015fil Mutabakat\u0131 \u00c7al\u0131\u015fmalar\u0131 - Salihli Organize Sanayi B\u00f6lgesi M\u00fcd\u00fcrl\u00fc\u011f\u00fc\",\"isPartOf\":{\"@id\":\"https:\/\/salihliosb.org.tr\/#website\"},\"primaryImageOfPage\":{\"@id\":\"https:\/\/salihliosb.org.tr\/avrupa-yesil-mutabakati-calismalari\/#primaryimage\"},\"image\":{\"@id\":\"https:\/\/salihliosb.org.tr\/avrupa-yesil-mutabakati-calismalari\/#primaryimage\"},\"thumbnailUrl\":\"https:\/\/salihliosb.org.tr\/wp-content\/uploads\/2024\/06\/osbyesil-502x710.png\",\"datePublished\":\"2024-06-03T11:16:34+00:00\",\"dateModified\":\"2024-09-09T07:00:45+00:00\",\"description\":\"Salihli Organize Sanayi B\u00f6lgesi, Avrupa Ye\u015fil Mutabakat\u0131 ile uyumlu s\u00fcrd\u00fcr\u00fclebilir sanayi ve \u00e7evre dostu \u00fcretim hedefleri do\u011frultusunda, ye\u015fil enerji ve karbon ayak izini azaltma projelerini hayata ge\u00e7iriyor.\",\"breadcrumb\":{\"@id\":\"https:\/\/salihliosb.org.tr\/avrupa-yesil-mutabakati-calismalari\/#breadcrumb\"},\"inLanguage\":\"en-US\",\"potentialAction\":[{\"@type\":\"ReadAction\",\"target\":[\"https:\/\/salihliosb.org.tr\/avrupa-yesil-mutabakati-calismalari\/\"]}]},{\"@type\":\"ImageObject\",\"inLanguage\":\"en-US\",\"@id\":\"https:\/\/salihliosb.org.tr\/avrupa-yesil-mutabakati-calismalari\/#primaryimage\",\"url\":\"https:\/\/salihliosb.org.tr\/wp-content\/uploads\/2024\/06\/osbyesil-502x710.png\",\"contentUrl\":\"https:\/\/salihliosb.org.tr\/wp-content\/uploads\/2024\/06\/osbyesil-502x710.png\"},{\"@type\":\"BreadcrumbList\",\"@id\":\"https:\/\/salihliosb.org.tr\/avrupa-yesil-mutabakati-calismalari\/#breadcrumb\",\"itemListElement\":[{\"@type\":\"ListItem\",\"position\":1,\"name\":\"Anasayfa\",\"item\":\"https:\/\/salihliosb.org.tr\/\"},{\"@type\":\"ListItem\",\"position\":2,\"name\":\"Avrupa Ye\u015fil Mutabakat\u0131 \u00c7al\u0131\u015fmalar\u0131\"}]},{\"@type\":\"WebSite\",\"@id\":\"https:\/\/salihliosb.org.tr\/#website\",\"url\":\"https:\/\/salihliosb.org.tr\/\",\"name\":\"Salihli Organize Sanayi B\u00f6lgesi M\u00fcd\u00fcrl\u00fc\u011f\u00fc\",\"description\":\"Sanayiye ve B\u00f6lgeye De\u011fer Kat\u0131yoruz, Gelece\u011fi \u0130n\u015fa Ediyoruz!\",\"publisher\":{\"@id\":\"https:\/\/salihliosb.org.tr\/#organization\"},\"potentialAction\":[{\"@type\":\"SearchAction\",\"target\":{\"@type\":\"EntryPoint\",\"urlTemplate\":\"https:\/\/salihliosb.org.tr\/?s={search_term_string}\"},\"query-input\":{\"@type\":\"PropertyValueSpecification\",\"valueRequired\":true,\"valueName\":\"search_term_string\"}}],\"inLanguage\":\"en-US\"},{\"@type\":\"Organization\",\"@id\":\"https:\/\/salihliosb.org.tr\/#organization\",\"name\":\"Salihli Organize Sanayi B\u00f6lgesi M\u00fcd\u00fcrl\u00fc\u011f\u00fc\",\"url\":\"https:\/\/salihliosb.org.tr\/\",\"logo\":{\"@type\":\"ImageObject\",\"inLanguage\":\"en-US\",\"@id\":\"https:\/\/salihliosb.org.tr\/#\/schema\/logo\/image\/\",\"url\":\"https:\/\/salihliosb.org.tr\/wp-content\/uploads\/2024\/09\/cropped-logo-400.png\",\"contentUrl\":\"https:\/\/salihliosb.org.tr\/wp-content\/uploads\/2024\/09\/cropped-logo-400.png\",\"width\":512,\"height\":512,\"caption\":\"Salihli Organize Sanayi B\u00f6lgesi M\u00fcd\u00fcrl\u00fc\u011f\u00fc\"},\"image\":{\"@id\":\"https:\/\/salihliosb.org.tr\/#\/schema\/logo\/image\/\"}}]}<\/script>\n<!-- \/ Yoast SEO Premium plugin. -->","yoast_head_json":{"title":"Avrupa Ye\u015fil Mutabakat\u0131 \u00c7al\u0131\u015fmalar\u0131 - Salihli Organize Sanayi B\u00f6lgesi M\u00fcd\u00fcrl\u00fc\u011f\u00fc","description":"Salihli Organize Sanayi B\u00f6lgesi, Avrupa Ye\u015fil Mutabakat\u0131 ile uyumlu s\u00fcrd\u00fcr\u00fclebilir sanayi ve \u00e7evre dostu \u00fcretim hedefleri do\u011frultusunda, ye\u015fil enerji ve karbon ayak izini azaltma projelerini hayata ge\u00e7iriyor.","robots":{"index":"index","follow":"follow","max-snippet":"max-snippet:-1","max-image-preview":"max-image-preview:large","max-video-preview":"max-video-preview:-1"},"canonical":"https:\/\/salihliosb.org.tr\/en\/avrupa-yesil-mutabakati-calismalari\/","og_locale":"en_US","og_type":"article","og_title":"Avrupa Ye\u015fil Mutabakat\u0131 \u00c7al\u0131\u015fmalar\u0131","og_description":"Salihli Organize Sanayi B\u00f6lgesi, Avrupa Ye\u015fil Mutabakat\u0131 ile uyumlu s\u00fcrd\u00fcr\u00fclebilir sanayi ve \u00e7evre dostu \u00fcretim hedefleri do\u011frultusunda, ye\u015fil enerji ve karbon ayak izini azaltma projelerini hayata ge\u00e7iriyor.","og_url":"https:\/\/salihliosb.org.tr\/en\/avrupa-yesil-mutabakati-calismalari\/","og_site_name":"Salihli Organize Sanayi B\u00f6lgesi M\u00fcd\u00fcrl\u00fc\u011f\u00fc","article_modified_time":"2024-09-09T07:00:45+00:00","og_image":[{"url":"https:\/\/salihliosb.org.tr\/wp-content\/uploads\/2024\/06\/osbyesil-502x710.png","type":"","width":"","height":""}],"twitter_card":"summary_large_image","twitter_misc":{"Est. reading time":"3 minutes"},"schema":{"@context":"https:\/\/schema.org","@graph":[{"@type":"WebPage","@id":"https:\/\/salihliosb.org.tr\/avrupa-yesil-mutabakati-calismalari\/","url":"https:\/\/salihliosb.org.tr\/avrupa-yesil-mutabakati-calismalari\/","name":"Avrupa Ye\u015fil Mutabakat\u0131 \u00c7al\u0131\u015fmalar\u0131 - Salihli Organize Sanayi B\u00f6lgesi M\u00fcd\u00fcrl\u00fc\u011f\u00fc","isPartOf":{"@id":"https:\/\/salihliosb.org.tr\/#website"},"primaryImageOfPage":{"@id":"https:\/\/salihliosb.org.tr\/avrupa-yesil-mutabakati-calismalari\/#primaryimage"},"image":{"@id":"https:\/\/salihliosb.org.tr\/avrupa-yesil-mutabakati-calismalari\/#primaryimage"},"thumbnailUrl":"https:\/\/salihliosb.org.tr\/wp-content\/uploads\/2024\/06\/osbyesil-502x710.png","datePublished":"2024-06-03T11:16:34+00:00","dateModified":"2024-09-09T07:00:45+00:00","description":"Salihli Organize Sanayi B\u00f6lgesi, Avrupa Ye\u015fil Mutabakat\u0131 ile uyumlu s\u00fcrd\u00fcr\u00fclebilir sanayi ve \u00e7evre dostu \u00fcretim hedefleri do\u011frultusunda, ye\u015fil enerji ve karbon ayak izini azaltma projelerini hayata ge\u00e7iriyor.","breadcrumb":{"@id":"https:\/\/salihliosb.org.tr\/avrupa-yesil-mutabakati-calismalari\/#breadcrumb"},"inLanguage":"en-US","potentialAction":[{"@type":"ReadAction","target":["https:\/\/salihliosb.org.tr\/avrupa-yesil-mutabakati-calismalari\/"]}]},{"@type":"ImageObject","inLanguage":"en-US","@id":"https:\/\/salihliosb.org.tr\/avrupa-yesil-mutabakati-calismalari\/#primaryimage","url":"https:\/\/salihliosb.org.tr\/wp-content\/uploads\/2024\/06\/osbyesil-502x710.png","contentUrl":"https:\/\/salihliosb.org.tr\/wp-content\/uploads\/2024\/06\/osbyesil-502x710.png"},{"@type":"BreadcrumbList","@id":"https:\/\/salihliosb.org.tr\/avrupa-yesil-mutabakati-calismalari\/#breadcrumb","itemListElement":[{"@type":"ListItem","position":1,"name":"Anasayfa","item":"https:\/\/salihliosb.org.tr\/"},{"@type":"ListItem","position":2,"name":"Avrupa Ye\u015fil Mutabakat\u0131 \u00c7al\u0131\u015fmalar\u0131"}]},{"@type":"WebSite","@id":"https:\/\/salihliosb.org.tr\/#website","url":"https:\/\/salihliosb.org.tr\/","name":"Salihli Organize Sanayi B\u00f6lgesi M\u00fcd\u00fcrl\u00fc\u011f\u00fc","description":"Sanayiye ve B\u00f6lgeye De\u011fer Kat\u0131yoruz, Gelece\u011fi \u0130n\u015fa Ediyoruz!","publisher":{"@id":"https:\/\/salihliosb.org.tr\/#organization"},"potentialAction":[{"@type":"SearchAction","target":{"@type":"EntryPoint","urlTemplate":"https:\/\/salihliosb.org.tr\/?s={search_term_string}"},"query-input":{"@type":"PropertyValueSpecification","valueRequired":true,"valueName":"search_term_string"}}],"inLanguage":"en-US"},{"@type":"Organization","@id":"https:\/\/salihliosb.org.tr\/#organization","name":"Salihli Organize Sanayi B\u00f6lgesi M\u00fcd\u00fcrl\u00fc\u011f\u00fc","url":"https:\/\/salihliosb.org.tr\/","logo":{"@type":"ImageObject","inLanguage":"en-US","@id":"https:\/\/salihliosb.org.tr\/#\/schema\/logo\/image\/","url":"https:\/\/salihliosb.org.tr\/wp-content\/uploads\/2024\/09\/cropped-logo-400.png","contentUrl":"https:\/\/salihliosb.org.tr\/wp-content\/uploads\/2024\/09\/cropped-logo-400.png","width":512,"height":512,"caption":"Salihli Organize Sanayi B\u00f6lgesi M\u00fcd\u00fcrl\u00fc\u011f\u00fc"},"image":{"@id":"https:\/\/salihliosb.org.tr\/#\/schema\/logo\/image\/"}}]}},"_links":{"self":[{"href":"https:\/\/salihliosb.org.tr\/en\/wp-json\/wp\/v2\/pages\/9299","targetHints":{"allow":["GET"]}}],"collection":[{"href":"https:\/\/salihliosb.org.tr\/en\/wp-json\/wp\/v2\/pages"}],"about":[{"href":"https:\/\/salihliosb.org.tr\/en\/wp-json\/wp\/v2\/types\/page"}],"author":[{"embeddable":true,"href":"https:\/\/salihliosb.org.tr\/en\/wp-json\/wp\/v2\/users\/1"}],"replies":[{"embeddable":true,"href":"https:\/\/salihliosb.org.tr\/en\/wp-json\/wp\/v2\/comments?post=9299"}],"version-history":[{"count":2,"href":"https:\/\/salihliosb.org.tr\/en\/wp-json\/wp\/v2\/pages\/9299\/revisions"}],"predecessor-version":[{"id":10972,"href":"https:\/\/salihliosb.org.tr\/en\/wp-json\/wp\/v2\/pages\/9299\/revisions\/10972"}],"wp:attachment":[{"href":"https:\/\/salihliosb.org.tr\/en\/wp-json\/wp\/v2\/media?parent=9299"}],"curies":[{"name":"wp","href":"https:\/\/api.w.org\/{rel}","templated":true}]}}